{"id":622,"date":"2026-02-28T21:41:19","date_gmt":"2026-02-28T21:41:19","guid":{"rendered":"https:\/\/thomasaudio.se\/?post_type=product&#038;p=622"},"modified":"2026-04-10T15:50:10","modified_gmt":"2026-04-10T15:50:10","slug":"beyerdynamic-amiron-200-earpods","status":"publish","type":"product","link":"https:\/\/thomasaudio.se\/?product=beyerdynamic-amiron-200-earpods","title":{"rendered":"Beyerdynamic Amiron 200 earpods"},"content":{"rendered":"<p>S\u00e4ker passform med \u00f6ronkrokar som g\u00f6r att lurarna sitter bra p\u00e5 plats.<br \/>\n\u00d6ppen design.<br \/>\nKraftfullt ljud med anpassningsbar ljudprofil viaden nedladdningsbara beyerdynamic-appen. Du st\u00e4ller enkelt in ljudet precist efter dina \u00f6ron.<br \/>\nUpp till 36 timmars batteritid.<br \/>\nV\u00e4derbest\u00e4ndiga (IP54-certifiering)<br \/>\nWireless via Bluetooth\u00ae 5.3: HFP, A2DP, AVRCP<br \/>\nAvkodning: SBC, AAC<br \/>\nBattery upp till timmar p\u00e5 en laddning; Upp till 36 timmar med det laddningsbara etuiet.<br \/>\n20 \u2013 20.000 Hz<\/p>\n<p><img loading=\"lazy\" decoding=\"async\" class=\"alignnone size-medium wp-image-638\" src=\"https:\/\/thomasaudio.se\/wp-content\/uploads\/2026\/02\/amiron-200-collage-test-xl-400x266.webp\" alt=\"\" width=\"400\" height=\"266\" srcset=\"https:\/\/thomasaudio.se\/wp-content\/uploads\/2026\/02\/amiron-200-collage-test-xl-400x266.webp 400w, https:\/\/thomasaudio.se\/wp-content\/uploads\/2026\/02\/amiron-200-collage-test-xl-600x399.webp 600w, https:\/\/thomasaudio.se\/wp-content\/uploads\/2026\/02\/amiron-200-collage-test-xl-64x43.webp 64w, https:\/\/thomasaudio.se\/wp-content\/uploads\/2026\/02\/amiron-200-collage-test-xl-1024x682.webp 1024w, https:\/\/thomasaudio.se\/wp-content\/uploads\/2026\/02\/amiron-200-collage-test-xl-768x511.webp 768w, https:\/\/thomasaudio.se\/wp-content\/uploads\/2026\/02\/amiron-200-collage-test-xl-1536x1022.webp 1536w, https:\/\/thomasaudio.se\/wp-content\/uploads\/2026\/02\/amiron-200-collage-test-xl-2048x1363.webp 2048w, https:\/\/thomasaudio.se\/wp-content\/uploads\/2026\/02\/amiron-200-collage-test-xl-300x200.webp 300w, https:\/\/thomasaudio.se\/wp-content\/uploads\/2026\/02\/amiron-200-collage-test-xl-850x566.webp 850w\" sizes=\"auto, (max-width: 400px) 100vw, 400px\" \/><\/p>\n","protected":false},"excerpt":{"rendered":"<p>True Wireless<br \/>\nBluetooth 5.3<br \/>\nOpen Air<\/p>\n<p><a href=\"https:\/\/blog-en.beyerdynamic.com\/what-are-open-ear-headphones-design-function-benefits-simply-explained\/\" target=\"_blank\" rel=\"noopener\">Vad \u00e4r &#8221;Open Air&#8221;?<\/a><\/p>\n","protected":false},"featured_media":633,"template":"","meta":[],"product_brand":[123],"product_cat":[56],"product_tag":[128,124,127],"class_list":{"0":"post-622","1":"product","2":"type-product","3":"status-publish","4":"has-post-thumbnail","6":"product_brand-beyerdynamic","7":"product_cat-hifi","8":"product_tag-bluetooth","9":"product_tag-horlurar","10":"product_tag-in-ear","12":"first","13":"instock","14":"shipping-taxable","15":"purchasable","16":"product-type-variable"},"_links":{"self":[{"href":"https:\/\/thomasaudio.se\/index.php?rest_route=\/wp\/v2\/product\/622","targetHints":{"allow":["GET"]}}],"collection":[{"href":"https:\/\/thomasaudio.se\/index.php?rest_route=\/wp\/v2\/product"}],"about":[{"href":"https:\/\/thomasaudio.se\/index.php?rest_route=\/wp\/v2\/types\/product"}],"wp:featuredmedia":[{"embeddable":true,"href":"https:\/\/thomasaudio.se\/index.php?rest_route=\/wp\/v2\/media\/633"}],"wp:attachment":[{"href":"https:\/\/thomasaudio.se\/index.php?rest_route=%2Fwp%2Fv2%2Fmedia&parent=622"}],"wp:term":[{"taxonomy":"product_brand","embeddable":true,"href":"https:\/\/thomasaudio.se\/index.php?rest_route=%2Fwp%2Fv2%2Fproduct_brand&post=622"},{"taxonomy":"product_cat","embeddable":true,"href":"https:\/\/thomasaudio.se\/index.php?rest_route=%2Fwp%2Fv2%2Fproduct_cat&post=622"},{"taxonomy":"product_tag","embeddable":true,"href":"https:\/\/thomasaudio.se\/index.php?rest_route=%2Fwp%2Fv2%2Fproduct_tag&post=622"}],"curies":[{"name":"wp","href":"https:\/\/api.w.org\/{rel}","templated":true}]}}