{"id":614,"date":"2026-02-28T09:58:13","date_gmt":"2026-02-28T09:58:13","guid":{"rendered":"https:\/\/thomasaudio.se\/?post_type=product&#038;p=614"},"modified":"2026-05-02T08:46:47","modified_gmt":"2026-05-02T08:46:47","slug":"beyerdynamic-t1","status":"publish","type":"product","link":"https:\/\/thomasaudio.se\/butik\/hifi\/beyerdynamic-t1\/","title":{"rendered":"Beyerdynamic T1"},"content":{"rendered":"<p><em>&#8221;Whatever we do at beyerdynamic, we continue to focus on doing it better with only the highest standards inspiring our strive for perfection. The new T1 marks is a new milestone in beyerdynamic&#8217;s flagship model. Now in its third generation, we have raised the bar once again in both standards of sound and design.&#8221;<\/em><br \/>\n\/ Beyerdynamic<\/p>\n<p>Stereoh\u00f6rlurar med ljud\u00e5tergivning p\u00e5 High End-niv\u00e5 som bjuder p\u00e5 en sofistikerad musikupplevelse. Den sk\u00f6na komforten och den naturtrogna, detaljrika ljud\u00e5tergivningen g\u00f6r att man kan lyssna l\u00e4nge utan att \u00f6ronen tr\u00f6ttnar.<br \/>\nSnett vinklade Tesla-element ger en extra tydlig ljud\u00e5tergivning.<br \/>\nDubbelsidig, utbytbar anslutningskabel ledare av OCC7N-koppar &#8211; den finaste kopparn som g\u00e5r att f\u00e5.<br \/>\nUtbytbara velour-\u00f6ronkuddar.<br \/>\n5 &#8211; 50,000 Hz<br \/>\nMax output: 100 dB<br \/>\nKabel: 3 m<br \/>\n360 g<\/p>\n","protected":false},"excerpt":{"rendered":"<p>Den mest p\u00e5kostade modellen.<br \/>\nHandgjorda i Tyskland.<br \/>\n32 Ohm<\/p>\n","protected":false},"featured_media":617,"template":"","meta":[],"product_brand":[123],"product_cat":[56],"product_tag":[126,124,260],"class_list":{"0":"post-614","1":"product","2":"type-product","3":"status-publish","4":"has-post-thumbnail","6":"product_brand-beyerdynamic","7":"product_cat-hifi","8":"product_tag-bygel","9":"product_tag-horlurar","10":"product_tag-kabel","12":"first","13":"instock","14":"shipping-taxable","15":"purchasable","16":"product-type-simple"},"_links":{"self":[{"href":"https:\/\/thomasaudio.se\/wp-json\/wp\/v2\/product\/614","targetHints":{"allow":["GET"]}}],"collection":[{"href":"https:\/\/thomasaudio.se\/wp-json\/wp\/v2\/product"}],"about":[{"href":"https:\/\/thomasaudio.se\/wp-json\/wp\/v2\/types\/product"}],"wp:featuredmedia":[{"embeddable":true,"href":"https:\/\/thomasaudio.se\/wp-json\/wp\/v2\/media\/617"}],"wp:attachment":[{"href":"https:\/\/thomasaudio.se\/wp-json\/wp\/v2\/media?parent=614"}],"wp:term":[{"taxonomy":"product_brand","embeddable":true,"href":"https:\/\/thomasaudio.se\/wp-json\/wp\/v2\/product_brand?post=614"},{"taxonomy":"product_cat","embeddable":true,"href":"https:\/\/thomasaudio.se\/wp-json\/wp\/v2\/product_cat?post=614"},{"taxonomy":"product_tag","embeddable":true,"href":"https:\/\/thomasaudio.se\/wp-json\/wp\/v2\/product_tag?post=614"}],"curies":[{"name":"wp","href":"https:\/\/api.w.org\/{rel}","templated":true}]}}