{"id":611,"date":"2026-02-27T17:51:42","date_gmt":"2026-02-27T17:51:42","guid":{"rendered":"https:\/\/thomasaudio.se\/?post_type=product&#038;p=611"},"modified":"2026-03-07T08:42:25","modified_gmt":"2026-03-07T08:42:25","slug":"wdr-players-louis-spohr-the-romantic-room-chamber-works","status":"publish","type":"product","link":"https:\/\/thomasaudio.se\/?product=wdr-players-louis-spohr-the-romantic-room-chamber-works","title":{"rendered":"WDR Players &#8211; Louis Spohr: The Romantic Room: Chamber Works"},"content":{"rendered":"<p>En omfattande samling med Louis Spohrs rika kammarmusik. Komposit\u00f6ren beskrevs en g\u00e5ng som &#8217;en tysk Paganini&#8217;. Hans p\u00e5 den tiden, \u00a0innovativa musik slog igenom i hela Europa. Spohr h\u00f6rde tydligt till de komposit\u00f6rerna som formade \u00f6verg\u00e5ngen fr\u00e5n klassisk f\u00f6rfining till mer romantiska uttryck.<br \/>\nDenna samling visar hans eleganta str\u00e5kkvintetter, sextetter och h\u00e4ndelserika dubbelkvartetter. Det \u00e4r ett portr\u00e4tt av en komposit\u00f6r vars uttrycksregister och konstn\u00e4rliga integritet \u00e4r sl\u00e5ende relevant \u00e4n idag. En tons\u00e4ttare djupt rotad i traditionen men or\u00e4dd f\u00f6r att experimentera och blandar lyrisk intimitet med dj\u00e4rva strukturella id\u00e9er.<\/p>\n","protected":false},"excerpt":{"rendered":"<p>6 CD-BOX<br \/>\n111,50 kr per CD<\/p>\n","protected":false},"featured_media":613,"template":"","meta":[],"product_brand":[38],"product_cat":[16],"product_tag":[18,36,176],"class_list":{"0":"post-611","1":"product","2":"type-product","3":"status-publish","4":"has-post-thumbnail","6":"product_brand-pentatone","7":"product_cat-album","8":"product_tag-cd","9":"product_tag-klassiskt","10":"product_tag-wdr-players","12":"first","13":"instock","14":"shipping-taxable","15":"purchasable","16":"product-type-simple"},"_links":{"self":[{"href":"https:\/\/thomasaudio.se\/index.php?rest_route=\/wp\/v2\/product\/611","targetHints":{"allow":["GET"]}}],"collection":[{"href":"https:\/\/thomasaudio.se\/index.php?rest_route=\/wp\/v2\/product"}],"about":[{"href":"https:\/\/thomasaudio.se\/index.php?rest_route=\/wp\/v2\/types\/product"}],"wp:featuredmedia":[{"embeddable":true,"href":"https:\/\/thomasaudio.se\/index.php?rest_route=\/wp\/v2\/media\/613"}],"wp:attachment":[{"href":"https:\/\/thomasaudio.se\/index.php?rest_route=%2Fwp%2Fv2%2Fmedia&parent=611"}],"wp:term":[{"taxonomy":"product_brand","embeddable":true,"href":"https:\/\/thomasaudio.se\/index.php?rest_route=%2Fwp%2Fv2%2Fproduct_brand&post=611"},{"taxonomy":"product_cat","embeddable":true,"href":"https:\/\/thomasaudio.se\/index.php?rest_route=%2Fwp%2Fv2%2Fproduct_cat&post=611"},{"taxonomy":"product_tag","embeddable":true,"href":"https:\/\/thomasaudio.se\/index.php?rest_route=%2Fwp%2Fv2%2Fproduct_tag&post=611"}],"curies":[{"name":"wp","href":"https:\/\/api.w.org\/{rel}","templated":true}]}}