{"id":606,"date":"2026-02-27T14:24:03","date_gmt":"2026-02-27T14:24:03","guid":{"rendered":"https:\/\/thomasaudio.se\/?post_type=product&#038;p=606"},"modified":"2026-03-10T17:19:15","modified_gmt":"2026-03-10T17:19:15","slug":"christopher-jacobson-the-organ-at-duke-university-chapel","status":"publish","type":"product","link":"https:\/\/thomasaudio.se\/butik\/album\/christopher-jacobson-the-organ-at-duke-university-chapel\/","title":{"rendered":"Christopher Jacobson &#8211;  The Organ at Duke University Chapel"},"content":{"rendered":"<p>Aeolian Opus piporgel fr\u00e5n Duke University Chapel i Durham byggdes 1932 och restaurerades 2008. Inte m\u00e5nga av dessa gigantiska, symfoniska orglar har \u00f6verlevt i sitt ursprungliga skick. Den st\u00e5r idag som ett m\u00e4ktigt vittnesb\u00f6rd \u00f6ver en svunnen tids amerikansk tradition av fantastiska orgelbyggen. Denna orgel \u00e4r en ursprungskonstruktion av Aeolian inc. som p\u00e5b\u00f6rjade sin verksamhet i slutet av 1800-talet. Senare, i b\u00f6rjan av 1900-talet tillkom Skinner inc. D\u00e4rav det senare namnet Aeolian-Skinner inc. (k\u00e4lla: Wikipedia)<\/p>\n<p>Inspelningen av instrumentet gjordes 2008, precis efter restaureringen och ger en chans att h\u00f6ra instrumentets unika ljud p\u00e5 ett s\u00e4tt som aldrig tidigare varit m\u00f6jligt.<br \/>\nDen har Aeolianens f\u00f6rm\u00e5ga att elegant viska och kraftfullt d\u00e5na p\u00e5 ett s\u00e4tt som motsvaras av endast ett f\u00e5tal andra orglar i Amerika. Det \u00e4r s\u00e4rskilt instrumentets unika ljudkarakt\u00e4rer som inspirerade kantor Christopher Jacobson att spela in detta album. Inspelningen har h\u00f6g dynamik. Akustiken i katedralen \u00e4r fantastisk.<\/p>\n<p>1 Bolcom: Jesus Loves Me<br \/>\n2 Brewer, H: Marche Heroique<br \/>\n3 Dupr\u00e9: Prelude &amp; Fugue in B major, Op. 7 No. 1<br \/>\n4 Dupr\u00e9: Prelude &amp; Fugue in F minor, Op. 7 No. 2<br \/>\n5 Dupr\u00e9: Prelude &amp; Fugue in G minor, Op. 7 No. 3<br \/>\n6 Fleury, Andr\u00e9: Symphony No. 2 for Organ<br \/>\n7 Gigout: Grand Choeur dialogue<br \/>\n8 Howells: Rhapsody for Organ No. 1 in D flat major, Op. 17 No. 1<br \/>\n9 Lemare: Irish Air, from &#8221;County Derry&#8221;<br \/>\n10 Sibelius: Finlandia, Op. 26<br \/>\n11 Vaughan Williams: Prelude on &#8217;Rhosymedre&#8217;<\/p>\n","protected":false},"excerpt":{"rendered":"<p>Aeolian Opus piporgel fr\u00e5n Duke University Chapel i Durham byggdes 1932 och restaurerades 2008. Inte m\u00e5nga av dessa gigantiska, symfoniska orglar har \u00f6verlevt i sitt ursprungliga skick. Den st\u00e5r idag som ett m\u00e4ktigt vittnesb\u00f6rd \u00f6ver en svunnen tids amerikansk tradition av fantastiska orgelbyggen. Denna orgel \u00e4r en ursprungskonstruktion av Aeolian inc. som p\u00e5b\u00f6rjade sin verksamhet&#8230;<\/p>\n","protected":false},"featured_media":607,"template":"","meta":[],"product_brand":[38],"product_cat":[16],"product_tag":[177,36,121,122],"class_list":{"0":"post-606","1":"product","2":"type-product","3":"status-publish","4":"has-post-thumbnail","6":"product_brand-pentatone","7":"product_cat-album","8":"product_tag-christopher-jacobson","9":"product_tag-klassiskt","10":"product_tag-orgel","11":"product_tag-sacd-hybrid","13":"first","14":"instock","15":"shipping-taxable","16":"purchasable","17":"product-type-simple"},"_links":{"self":[{"href":"https:\/\/thomasaudio.se\/wp-json\/wp\/v2\/product\/606","targetHints":{"allow":["GET"]}}],"collection":[{"href":"https:\/\/thomasaudio.se\/wp-json\/wp\/v2\/product"}],"about":[{"href":"https:\/\/thomasaudio.se\/wp-json\/wp\/v2\/types\/product"}],"wp:featuredmedia":[{"embeddable":true,"href":"https:\/\/thomasaudio.se\/wp-json\/wp\/v2\/media\/607"}],"wp:attachment":[{"href":"https:\/\/thomasaudio.se\/wp-json\/wp\/v2\/media?parent=606"}],"wp:term":[{"taxonomy":"product_brand","embeddable":true,"href":"https:\/\/thomasaudio.se\/wp-json\/wp\/v2\/product_brand?post=606"},{"taxonomy":"product_cat","embeddable":true,"href":"https:\/\/thomasaudio.se\/wp-json\/wp\/v2\/product_cat?post=606"},{"taxonomy":"product_tag","embeddable":true,"href":"https:\/\/thomasaudio.se\/wp-json\/wp\/v2\/product_tag?post=606"}],"curies":[{"name":"wp","href":"https:\/\/api.w.org\/{rel}","templated":true}]}}