{"id":60,"date":"2026-02-16T15:23:28","date_gmt":"2026-02-16T15:23:28","guid":{"rendered":"https:\/\/thomasaudio.se\/?post_type=product&#038;p=60"},"modified":"2026-03-10T17:25:25","modified_gmt":"2026-03-10T17:25:25","slug":"magnus-lindgren-john-beasley-bird-lives","status":"publish","type":"product","link":"https:\/\/thomasaudio.se\/?product=magnus-lindgren-john-beasley-bird-lives","title":{"rendered":"Magnus Lindgren &#038; John Beasley &#8211; Bird Lives"},"content":{"rendered":"<p>Charlie Parker var fortfarande i de tidiga stadierna av att arbeta med orkestrar n\u00e4r han dog vid den tragiska tidiga \u00e5ldern av 34 \u00e5r. &#8221;Bird Lives&#8221; kan utforska territorier f\u00f6r uppfyllda dr\u00f6mmar som Parker inte kunde utforska under sitt korta liv. Denna inspelning har inget av &#8221;museiverket&#8221;: detta \u00e4r musik b\u00e5de fr\u00e5n och f\u00f6r v\u00e5r tid.<\/p>\n<p>Sedan Magnus Lindgren r\u00f6stades fram som Sveriges b\u00e4sta jazzmusiker 2001 har han sedan dess vunnit m\u00e5nga viktiga priser internationellt. Han s\u00e4ger s\u00e5 h\u00e4r: &#8221;N\u00e4r jag b\u00f6rjade spela saxofon vid 13 \u00e5rs \u00e5lder var Charlie Parker min ultimata hj\u00e4lte, s\u00e5 det h\u00e4r projektet \u00e4r f\u00f6r mig extra v\u00e4rdefullt&#8221;.<\/p>\n<p>Han har \u00f6vervakat en p\u00e5g\u00e5ende utveckling av bandets ljud b\u00e5de genom att st\u00e4rka dess engagemang som en specialistensemble inom orkesterjazz, och \u00e4ven genom att utforska olika projekt som involverar moderna omtolkningar och omarbetningar av verk fr\u00e5n jazz\/storbands-genren.<\/p>\n<p>1 Cherokee &#8211; Koko<br \/>\n2 Summertime<br \/>\n3 Scrapple from the Apple<br \/>\n4 I&#8217;ll Remember April<br \/>\n5 Confirmation<br \/>\n6 Donna Lee<br \/>\n7 Laura<br \/>\n8 Overture to Bird<\/p>\n","protected":false},"excerpt":{"rendered":"<p>Charlie Parker var fortfarande i de tidiga stadierna av att arbeta med orkestrar n\u00e4r han dog vid den tragiska tidiga \u00e5ldern av 34 \u00e5r. &#8221;Bird Lives&#8221; kan utforska territorier f\u00f6r uppfyllda dr\u00f6mmar som Parker inte kunde utforska under sitt korta liv. Denna inspelning har inget av &#8221;museiverket&#8221;: detta \u00e4r musik b\u00e5de fr\u00e5n och f\u00f6r v\u00e5r&#8230;<\/p>\n","protected":false},"featured_media":63,"template":"","meta":[],"product_brand":[17],"product_cat":[16],"product_tag":[18,19,234,233,23],"class_list":{"0":"post-60","1":"product","2":"type-product","3":"status-publish","4":"has-post-thumbnail","6":"product_brand-act","7":"product_cat-album","8":"product_tag-cd","9":"product_tag-jazz","10":"product_tag-john-beasley","11":"product_tag-magnus-lindgren","12":"product_tag-vinyl","14":"first","15":"instock","16":"shipping-taxable","17":"purchasable","18":"product-type-variable"},"_links":{"self":[{"href":"https:\/\/thomasaudio.se\/index.php?rest_route=\/wp\/v2\/product\/60","targetHints":{"allow":["GET"]}}],"collection":[{"href":"https:\/\/thomasaudio.se\/index.php?rest_route=\/wp\/v2\/product"}],"about":[{"href":"https:\/\/thomasaudio.se\/index.php?rest_route=\/wp\/v2\/types\/product"}],"wp:featuredmedia":[{"embeddable":true,"href":"https:\/\/thomasaudio.se\/index.php?rest_route=\/wp\/v2\/media\/63"}],"wp:attachment":[{"href":"https:\/\/thomasaudio.se\/index.php?rest_route=%2Fwp%2Fv2%2Fmedia&parent=60"}],"wp:term":[{"taxonomy":"product_brand","embeddable":true,"href":"https:\/\/thomasaudio.se\/index.php?rest_route=%2Fwp%2Fv2%2Fproduct_brand&post=60"},{"taxonomy":"product_cat","embeddable":true,"href":"https:\/\/thomasaudio.se\/index.php?rest_route=%2Fwp%2Fv2%2Fproduct_cat&post=60"},{"taxonomy":"product_tag","embeddable":true,"href":"https:\/\/thomasaudio.se\/index.php?rest_route=%2Fwp%2Fv2%2Fproduct_tag&post=60"}],"curies":[{"name":"wp","href":"https:\/\/api.w.org\/{rel}","templated":true}]}}