{"id":571,"date":"2026-02-25T14:50:18","date_gmt":"2026-02-25T14:50:18","guid":{"rendered":"https:\/\/thomasaudio.se\/?post_type=product&#038;p=571"},"modified":"2026-04-10T15:52:15","modified_gmt":"2026-04-10T15:52:15","slug":"ifi-silentpower-powerstation-stromlist-brusrenare","status":"publish","type":"product","link":"https:\/\/thomasaudio.se\/?product=ifi-silentpower-powerstation-stromlist-brusrenare","title":{"rendered":"ifi SilentPower Powerstation str\u00f6mlist\/brusrenare"},"content":{"rendered":"<div class=\"wpb_text_column\">\n<div class=\"wpb_wrapper\">\n<h2>Power to the people<\/h2>\n<\/div>\n<\/div>\n<div class=\"wpb_text_column dp2-text\">\n<div class=\"wpb_wrapper\">\n<p>iFi PowerStation,\u00a0till f\u00f6r alla f\u00f6r en st\u00f6rningsfri el.<br \/>\nStoppar all RFI\u00a0och EMI\u00a0s\u00e5 att du ska f\u00e5 njuta lite extra av din musik \u2013 Allt fr\u00e5n en solid, snygg m\u00f6rkanodiserad aluminium.<\/p>\n<p>Powerstation anv\u00e4nder aktiv brusreducering, Tekniken p\u00e5minner om den som finns i aktiva brusreducerande h\u00f6rlurar!<\/p>\n<p><strong>Intelligent jordning.<br \/>\n<\/strong>iFi kallar denna krets f\u00f6r intelligent jord d\u00e5 den inte skapar en jordslinga &#8211; en vanlig orsak till surr eller brum.<\/p>\n<p><strong>Polaritetsdiagnostik.<br \/>\n<\/strong>PowerStations smarta diagnostiksystem hj\u00e4lper till att undvika potentiella problem genom att indikera tillst\u00e5ndet med polariteten n\u00e4r enheters kontakter s\u00e4tts p\u00e5 plats.<br \/>\nTv\u00e5 dioder p\u00e5 ena kortsidan visar:<br \/>\n<strong><span style=\"color: #339966;\">gr\u00f6n<\/span><\/strong> &amp; <span style=\"color: #339966;\"><strong>gr\u00f6n<\/strong><\/span>&#8211; r\u00e4tt polaritet<br \/>\nEn <strong><span style=\"color: #339966;\">gr\u00f6n<\/span><\/strong> &amp; <strong><span style=\"color: #ff0000;\">r\u00f6d<\/span><\/strong> &#8211; fel polaritet<br \/>\nTv\u00e5 <span style=\"color: #ff0000;\"><strong>r\u00f6d<\/strong><\/span>\u00a0&#8211; <strong><span style=\"color: #ff0000;\">r\u00f6d<\/span><\/strong> n\u00e4r Powerstation s\u00e4tts i ett v\u00e4gguttag. Fel i lokalens eln\u00e4t. \u00c4ldre hus och l\u00e4genheter kan ibland ha kvar sitt jordade eln\u00e4t. Men Powerstations brusskyddssystem \u00e4r naturligtvis kvar in action.<\/p>\n<p>Inbyggd ifi AC purifier+<br \/>\nBrusf\u00f6rh\u00e5llande: &gt; 40dB (&gt; 100x)<br \/>\n\u00d6verslagsskydd: max. 30,000 Ampere (1,000V\/10 uS)<br \/>\n40 x 115 mm<br \/>\n1,26 kg<\/p>\n<\/div>\n<\/div>\n","protected":false},"excerpt":{"rendered":"<p>Elektronbruset som far ur v\u00e4gguttaget och genom str\u00f6mkablarna alstrar elektronbrus &#8211;<br \/>\nfram till Powerstation. D\u00e4r blir det stopp.<\/p>\n","protected":false},"featured_media":573,"template":"","meta":[],"product_brand":[71],"product_cat":[56],"product_tag":[60,67,68,119],"class_list":{"0":"post-571","1":"product","2":"type-product","3":"status-publish","4":"has-post-thumbnail","6":"product_brand-ifi","7":"product_cat-hifi","8":"product_tag-kringutrustning","9":"product_tag-ljudforbattring","10":"product_tag-stromkabel","11":"product_tag-stromlist","13":"first","14":"instock","15":"sale","16":"shipping-taxable","17":"purchasable","18":"product-type-simple"},"_links":{"self":[{"href":"https:\/\/thomasaudio.se\/index.php?rest_route=\/wp\/v2\/product\/571","targetHints":{"allow":["GET"]}}],"collection":[{"href":"https:\/\/thomasaudio.se\/index.php?rest_route=\/wp\/v2\/product"}],"about":[{"href":"https:\/\/thomasaudio.se\/index.php?rest_route=\/wp\/v2\/types\/product"}],"wp:featuredmedia":[{"embeddable":true,"href":"https:\/\/thomasaudio.se\/index.php?rest_route=\/wp\/v2\/media\/573"}],"wp:attachment":[{"href":"https:\/\/thomasaudio.se\/index.php?rest_route=%2Fwp%2Fv2%2Fmedia&parent=571"}],"wp:term":[{"taxonomy":"product_brand","embeddable":true,"href":"https:\/\/thomasaudio.se\/index.php?rest_route=%2Fwp%2Fv2%2Fproduct_brand&post=571"},{"taxonomy":"product_cat","embeddable":true,"href":"https:\/\/thomasaudio.se\/index.php?rest_route=%2Fwp%2Fv2%2Fproduct_cat&post=571"},{"taxonomy":"product_tag","embeddable":true,"href":"https:\/\/thomasaudio.se\/index.php?rest_route=%2Fwp%2Fv2%2Fproduct_tag&post=571"}],"curies":[{"name":"wp","href":"https:\/\/api.w.org\/{rel}","templated":true}]}}