{"id":522,"date":"2026-02-25T07:46:43","date_gmt":"2026-02-25T07:46:43","guid":{"rendered":"https:\/\/thomasaudio.se\/?post_type=product&#038;p=522"},"modified":"2026-04-27T19:56:52","modified_gmt":"2026-04-27T19:56:52","slug":"ifi-zen-stream-streamer","status":"publish","type":"product","link":"https:\/\/thomasaudio.se\/?product=ifi-zen-stream-streamer","title":{"rendered":"ifi ZEN Stream streamer"},"content":{"rendered":"<p>Designad fr\u00e5n grunden f\u00f6r att uppgradera din HiFi-utrustning. ZEN Stream s\u00e4nder h\u00f6guppl\u00f6st ljud via PCM och DSD till din DAC.<br \/>\nUnder sin eleganta yta \u00e4r ZEN Stream en teknologisk kraftresurs. Den har ett syfte \u2013 att enkelt f\u00f6ra musik fr\u00e5n internet till din DAC utan kvalitetsf\u00f6rlust. L\u00e4gg bara till din mobil som fj\u00e4rrkontroll s\u00e5 \u00e4r du ig\u00e5ng.<br \/>\nEtt tips f\u00f6r en p\u00e5tagligt f\u00f6rb\u00e4ttrad ljudkvalitet \u00e4r att anv\u00e4nda str\u00f6madaptern iPowerX.<\/p>\n<p>Direktkontakt via switch p\u00e5 baksidan: ROON, Sygnalist HQ Player, Spotify, Tidal, Airplay, DLNA<br \/>\nKraftfull 64-bitars ARM Quad Cortex-processor.<br \/>\nLjudet\u00e5tergivningen via USB- och S\/PDIF regleras av ifi Audios egen framtagna femto-precision GMT-klocka som genom att behandla den inkommande<br \/>\nsignalen i exakt timing, avl\u00e4gsnar jitter.<br \/>\nifi Active Noise Cancellation II- och iPurifier-teknologier f\u00f6r USB- respektive S\/PDIF, avl\u00e4gsnar elektronbrus.<br \/>\nSynkron 1,6 MHz h\u00f6ghastighets precisionsstyrning f\u00f6r str\u00f6mf\u00f6rs\u00f6rjningen.<br \/>\nP\u00e5 moderkortet sitter h\u00f6gpresterande komponenter fr\u00e5n C0G, Taiyo Yuden och Murata.<\/p>\n<p>Appar f\u00f6r Apple-enheter, <a href=\"https:\/\/apps.apple.com\/gb\/app\/stream-ifi\/id1574466165\" target=\"_blank\" rel=\"noopener\">klicka h\u00e4r<\/a> f\u00f6r att ladda ner iFi-appen.<br \/>\nAppar f\u00f6r Android-enheter <a href=\"https:\/\/cdn.shopify.com\/s\/files\/1\/0879\/9741\/5761\/files\/iFi-Streamer4.0.3.zip?v=1736241885\" target=\"_blank\" rel=\"noopener\">\u00a0h\u00e4r.<\/a><\/p>\n","protected":false},"excerpt":{"rendered":"<p>Specialutrustad streamer.<br \/>\nElektronikdesign p\u00e5 toppniv\u00e5.<\/p>\n","protected":false},"featured_media":523,"template":"","meta":[],"product_brand":[71],"product_cat":[56],"product_tag":[81,76],"class_list":{"0":"post-522","1":"product","2":"type-product","3":"status-publish","4":"has-post-thumbnail","6":"product_brand-ifi","7":"product_cat-hifi","8":"product_tag-omvandlare","9":"product_tag-streamer","11":"first","12":"instock","13":"shipping-taxable","14":"purchasable","15":"product-type-simple"},"_links":{"self":[{"href":"https:\/\/thomasaudio.se\/index.php?rest_route=\/wp\/v2\/product\/522","targetHints":{"allow":["GET"]}}],"collection":[{"href":"https:\/\/thomasaudio.se\/index.php?rest_route=\/wp\/v2\/product"}],"about":[{"href":"https:\/\/thomasaudio.se\/index.php?rest_route=\/wp\/v2\/types\/product"}],"wp:featuredmedia":[{"embeddable":true,"href":"https:\/\/thomasaudio.se\/index.php?rest_route=\/wp\/v2\/media\/523"}],"wp:attachment":[{"href":"https:\/\/thomasaudio.se\/index.php?rest_route=%2Fwp%2Fv2%2Fmedia&parent=522"}],"wp:term":[{"taxonomy":"product_brand","embeddable":true,"href":"https:\/\/thomasaudio.se\/index.php?rest_route=%2Fwp%2Fv2%2Fproduct_brand&post=522"},{"taxonomy":"product_cat","embeddable":true,"href":"https:\/\/thomasaudio.se\/index.php?rest_route=%2Fwp%2Fv2%2Fproduct_cat&post=522"},{"taxonomy":"product_tag","embeddable":true,"href":"https:\/\/thomasaudio.se\/index.php?rest_route=%2Fwp%2Fv2%2Fproduct_tag&post=522"}],"curies":[{"name":"wp","href":"https:\/\/api.w.org\/{rel}","templated":true}]}}