{"id":515,"date":"2026-02-24T17:01:56","date_gmt":"2026-02-24T17:01:56","guid":{"rendered":"https:\/\/thomasaudio.se\/?post_type=product&#038;p=515"},"modified":"2026-04-10T15:54:06","modified_gmt":"2026-04-10T15:54:06","slug":"ifi-zen-can-3-horlursforstarkare","status":"publish","type":"product","link":"https:\/\/thomasaudio.se\/?product=ifi-zen-can-3-horlursforstarkare","title":{"rendered":"ifi ZEN Can 3 h\u00f6rlursf\u00f6rst\u00e4rkare"},"content":{"rendered":"<p>&#8221;..Thanks to its higher refinement, improved treble and bass texture, the v3 gains in depth, expansiveness, separation and detail. The finer, more separated and delicate treble notes offer more defined micro-detail and higher resolution. It also helps to elevate that more vaporous, volatile and gaseous feeling of the scene, but without becoming too detached or out of the head to become unreal. On the contrary, the inherent warmth of the amplifier helps to bring the scene together, offering strength, balance, foundation and physicality to the whole.<\/p>\n<p>Undoubtedly, the differences between the v1 and v3 are not very great, but it can be concluded that the new ZEN CAN 3 has taken a step forward in terms of smoothness, finesse, resolution, refinement and quality compared to version 1. And this is something that is noticeable from the midrange, especially in the treble and technical sections, where the internal improvements of this new version come to the fore, generating a more mature and refined sound.&#8221;<br \/>\n\/\/<a href=\"https:\/\/hiendportable.com\/ifi-zen-can-3-english-review\/\"> High end Portal<\/a><\/p>\n<hr \/>\n<p>Vill du ha en h\u00f6rlursamp som ger det d\u00e4r lilla extra!<br \/>\nEn ljudkrets uppbyggd av diskreta komonenter och drift i klass-A, en kvalitetsniv\u00e5 som ifi Audios flaggskeppsf\u00f6rst\u00e4rkare iCAN Phantom, som ligger p\u00e5 en 16 g\u00e5nger h\u00f6gre prisniv\u00e5.<\/p>\n<p>Denna ifi ZEN Can 3, en helt analog f\u00f6rst\u00e4rkare levererar en effelt p\u00e5 hela 2 000 m, den st\u00f6der xMEMS-drivrutiner.<\/p>\n<p>Dynamik: \u2265119 dB<br \/>\nGain: 0dB, 6dB, 12dB, 18dB<\/p>\n<p>H\u00f6rlur output MAX:<br \/>\nBAL: &gt;15.1V\/385 mW i 600 Ohm, &gt;6.2V\/1,200 mW i 32 Ohm<br \/>\nSE: &gt;7.6V\/98 mW i 600 Ohm, &gt;7.2V\/1,600 mW i 32 Ohm<br \/>\nH\u00f6rlur output RMS:<br \/>\nBAL: &gt;11.5V\/2,000 mW i 64 Ohm<br \/>\nSE:: &gt;7.2V\/1,600 mW i 32 Ohm<\/p>\n<p>Impedans:<br \/>\nLine: &lt;200 Ohm<br \/>\nH\u00f6rlur:<br \/>\nBAL HP: &lt;2 Ohm<br \/>\nSE HP: &lt;1 Ohm<\/p>\n<p>SNR:<br \/>\nLine: \u2265125 dB<br \/>\nH\u00f6rlur:<br \/>\nBAL: \u2265125 dB i 600 Ohm<br \/>\nSE: \u2265122 dB i 600 Ohm<\/p>\n<p>158x117x3 5mm<br \/>\n495 g<\/p>\n","protected":false},"excerpt":{"rendered":"<p>Test: <a href=\"https:\/\/hiendportable.com\/ifi-zen-can-3-english-review\/\" target=\"_blank\" rel=\"noopener\">High End Portal<\/a><\/p>\n","protected":false},"featured_media":517,"template":"","meta":[],"product_brand":[71],"product_cat":[56],"product_tag":[79,73],"class_list":{"0":"post-515","1":"product","2":"type-product","3":"status-publish","4":"has-post-thumbnail","6":"product_brand-ifi","7":"product_cat-hifi","8":"product_tag-forstarkare","9":"product_tag-horlursforstarkare","11":"first","12":"instock","13":"shipping-taxable","14":"purchasable","15":"product-type-simple"},"_links":{"self":[{"href":"https:\/\/thomasaudio.se\/index.php?rest_route=\/wp\/v2\/product\/515","targetHints":{"allow":["GET"]}}],"collection":[{"href":"https:\/\/thomasaudio.se\/index.php?rest_route=\/wp\/v2\/product"}],"about":[{"href":"https:\/\/thomasaudio.se\/index.php?rest_route=\/wp\/v2\/types\/product"}],"wp:featuredmedia":[{"embeddable":true,"href":"https:\/\/thomasaudio.se\/index.php?rest_route=\/wp\/v2\/media\/517"}],"wp:attachment":[{"href":"https:\/\/thomasaudio.se\/index.php?rest_route=%2Fwp%2Fv2%2Fmedia&parent=515"}],"wp:term":[{"taxonomy":"product_brand","embeddable":true,"href":"https:\/\/thomasaudio.se\/index.php?rest_route=%2Fwp%2Fv2%2Fproduct_brand&post=515"},{"taxonomy":"product_cat","embeddable":true,"href":"https:\/\/thomasaudio.se\/index.php?rest_route=%2Fwp%2Fv2%2Fproduct_cat&post=515"},{"taxonomy":"product_tag","embeddable":true,"href":"https:\/\/thomasaudio.se\/index.php?rest_route=%2Fwp%2Fv2%2Fproduct_tag&post=515"}],"curies":[{"name":"wp","href":"https:\/\/api.w.org\/{rel}","templated":true}]}}