{"id":505,"date":"2026-02-24T15:43:31","date_gmt":"2026-02-24T15:43:31","guid":{"rendered":"https:\/\/thomasaudio.se\/?post_type=product&#038;p=505"},"modified":"2026-04-10T15:54:32","modified_gmt":"2026-04-10T15:54:32","slug":"ifi-go-bar-kensei-horlursforstarkare","status":"publish","type":"product","link":"https:\/\/thomasaudio.se\/butik\/hifi\/ifi-go-bar-kensei-horlursforstarkare\/","title":{"rendered":"iFi GO bar Kensei h\u00f6rlursforstarkare"},"content":{"rendered":"<p>En avancerad ljudenhet med kraft och prestation. Kraft genom K2HD-teknik och prestation p\u00e5 grund av avancerad, japanskt elektronik. Allt i ett chassi av rostfritt st\u00e5l. Som med m\u00e5nga andra iFi-ljudprodukter finns en specialbyggd OV-serie operationsf\u00f6rst\u00e4rkare. Denna f\u00f6rstklassiga komponent bidrar till extremt l\u00e5gt brus, l\u00e5g distorsion (0,0001 %) med \u00f6vertygande kontroll genom hela frekvensomf\u00e5nget.<\/p>\n<p>&#8211; K2HD Processing: Dess avancerade elektronik \u00e5terupplivar ljudets \u00f6vertoner och levererar ljudkvalitet n\u00e4ra originalets master. ifi Audios ingenj\u00f6rer samarbetade med JVC\/KENWOOD i 18 m\u00e5nader f\u00f6r att utveckla denna produkt.<\/p>\n<p>&#8211; iEMatch: K\u00e4llans impedans h\u00e5lls automatiskt l\u00e5g s\u00e5 att belastningen som f\u00f6rst\u00e4rkaren uppfattar h\u00e5ller sig inom normala designparametrar. Detta inneb\u00e4r att iEMatch effektivt tar bort IEM-brus och brus, utan att s\u00e4nka ljudets kvalitet.<\/p>\n<p>&#8211; Turbo Mode: inneb\u00e4r ytterligare +6 dB gain f\u00f6r att optimalt driva extra str\u00f6mkr\u00e4vande h\u00f6rlurar.<\/p>\n<p>&#8211; Specialutvecklad XMOS 16-core microcontroller.<\/p>\n<p>&#8211; 32-bit Cirrus Logic DAC chipset. ifi Audios egentillverkade GMT (Global Master Timing) precisionsklocka sl\u00e4cker ner jitter.<\/p>\n<p>DAC: Cirrus Logic (DSD &#038; DXD)<br \/>\nDynamik: SE 108 dB \/ Bal\/S-bal 109 dB<br \/>\nFormat: PCM: upp till 384 kHz<br \/>\nDSD: upp till 12.3 MHz, DXD: upp till 384 kHz<br \/>\nFull MQA<br \/>\nOutput:<br \/>\nBal: 477 mW i 32 Ohm; 7.2V i 600 Ohm<br \/>\nS-Bal: 300 mW i 32 Ohm; 3.8V i 600 Ohm<br \/>\n65 x 22 x 13.2 mm<br \/>\n65,5 g<\/p>\n","protected":false},"excerpt":{"rendered":"<p>H\u00f6g ljudkvalitet som f\u00e5r plats i fickan.<br \/>\nDAC fr\u00e5n Cirrus Logic.<\/p>\n","protected":false},"featured_media":513,"template":"","meta":[],"product_brand":[71],"product_cat":[56],"product_tag":[79,73],"class_list":{"0":"post-505","1":"product","2":"type-product","3":"status-publish","4":"has-post-thumbnail","6":"product_brand-ifi","7":"product_cat-hifi","8":"product_tag-forstarkare","9":"product_tag-horlursforstarkare","11":"first","12":"instock","13":"shipping-taxable","14":"purchasable","15":"product-type-simple"},"_links":{"self":[{"href":"https:\/\/thomasaudio.se\/wp-json\/wp\/v2\/product\/505","targetHints":{"allow":["GET"]}}],"collection":[{"href":"https:\/\/thomasaudio.se\/wp-json\/wp\/v2\/product"}],"about":[{"href":"https:\/\/thomasaudio.se\/wp-json\/wp\/v2\/types\/product"}],"wp:featuredmedia":[{"embeddable":true,"href":"https:\/\/thomasaudio.se\/wp-json\/wp\/v2\/media\/513"}],"wp:attachment":[{"href":"https:\/\/thomasaudio.se\/wp-json\/wp\/v2\/media?parent=505"}],"wp:term":[{"taxonomy":"product_brand","embeddable":true,"href":"https:\/\/thomasaudio.se\/wp-json\/wp\/v2\/product_brand?post=505"},{"taxonomy":"product_cat","embeddable":true,"href":"https:\/\/thomasaudio.se\/wp-json\/wp\/v2\/product_cat?post=505"},{"taxonomy":"product_tag","embeddable":true,"href":"https:\/\/thomasaudio.se\/wp-json\/wp\/v2\/product_tag?post=505"}],"curies":[{"name":"wp","href":"https:\/\/api.w.org\/{rel}","templated":true}]}}