{"id":501,"date":"2026-02-24T10:58:24","date_gmt":"2026-02-24T10:58:24","guid":{"rendered":"https:\/\/thomasaudio.se\/?post_type=product&#038;p=501"},"modified":"2026-04-27T19:58:50","modified_gmt":"2026-04-27T19:58:50","slug":"oehlbach-digi-bridge-pro-dac","status":"publish","type":"product","link":"https:\/\/thomasaudio.se\/?product=oehlbach-digi-bridge-pro-dac","title":{"rendered":"Oehlbach Digi Bridge Pro DAC"},"content":{"rendered":"<p>DAC:en omvandlar h\u00f6guppl\u00f6st ljud via en koaxial- eller optisk ing\u00e5ng. Inuti enheten tar Cirrus Logic \u00f6ver den f\u00f6rlustfria omvandlingen fr\u00e5n digital till analog i 192 kHz\/24 Bit.<\/p>\n<p>55 x 235 x 160 mm<br \/>\n21 g<br \/>\nDolby- och DTS-format avkodas inte.<br \/>\nStr\u00f6madapter: 5V<br \/>\nTips! sl\u00e4ng den bifogade str\u00f6madaptern. <a href=\"https:\/\/thomasaudio.se\/produkt\/silentpower-ipowerx\/\" target=\"_blank\" rel=\"noopener\">ifi iPowerX<\/a> \u00e4r en str\u00f6madapter och str\u00f6mrenare som st\u00e4ndigt h\u00e5ller optimal sp\u00e4nning, vilket inte \u00e4r en sj\u00e4lvklarhet hos andra m\u00e4rken.<\/p>\n","protected":false},"excerpt":{"rendered":"<p>Bestyckad av elektronik med imponerande kvalitet!<\/p>\n","protected":false},"featured_media":503,"template":"","meta":[],"product_brand":[91],"product_cat":[56],"product_tag":[72,60,81],"class_list":{"0":"post-501","1":"product","2":"type-product","3":"status-publish","4":"has-post-thumbnail","6":"product_brand-oehlbach","7":"product_cat-hifi","8":"product_tag-dac","9":"product_tag-kringutrustning","10":"product_tag-omvandlare","12":"first","13":"instock","14":"shipping-taxable","15":"purchasable","16":"product-type-simple"},"_links":{"self":[{"href":"https:\/\/thomasaudio.se\/index.php?rest_route=\/wp\/v2\/product\/501","targetHints":{"allow":["GET"]}}],"collection":[{"href":"https:\/\/thomasaudio.se\/index.php?rest_route=\/wp\/v2\/product"}],"about":[{"href":"https:\/\/thomasaudio.se\/index.php?rest_route=\/wp\/v2\/types\/product"}],"wp:featuredmedia":[{"embeddable":true,"href":"https:\/\/thomasaudio.se\/index.php?rest_route=\/wp\/v2\/media\/503"}],"wp:attachment":[{"href":"https:\/\/thomasaudio.se\/index.php?rest_route=%2Fwp%2Fv2%2Fmedia&parent=501"}],"wp:term":[{"taxonomy":"product_brand","embeddable":true,"href":"https:\/\/thomasaudio.se\/index.php?rest_route=%2Fwp%2Fv2%2Fproduct_brand&post=501"},{"taxonomy":"product_cat","embeddable":true,"href":"https:\/\/thomasaudio.se\/index.php?rest_route=%2Fwp%2Fv2%2Fproduct_cat&post=501"},{"taxonomy":"product_tag","embeddable":true,"href":"https:\/\/thomasaudio.se\/index.php?rest_route=%2Fwp%2Fv2%2Fproduct_tag&post=501"}],"curies":[{"name":"wp","href":"https:\/\/api.w.org\/{rel}","templated":true}]}}