{"id":492,"date":"2026-02-23T21:46:58","date_gmt":"2026-02-23T21:46:58","guid":{"rendered":"https:\/\/thomasaudio.se\/?post_type=product&#038;p=492"},"modified":"2026-02-26T08:00:03","modified_gmt":"2026-02-26T08:00:03","slug":"oehlbach-series-80","status":"publish","type":"product","link":"https:\/\/thomasaudio.se\/?product=oehlbach-series-80","title":{"rendered":"Oehlbach Series 80"},"content":{"rendered":"<p>H\u00f6gkvalitativ fiberoptisk kabel f\u00f6r en optisk-digital ljudanslutning. Den patenterade designen av den optiska digitala kabeln med 217 individuella optiska fibrer svarar upp mot h\u00f6ga f\u00f6rv\u00e4ntningar i konstruktionskvalitet.<br \/>\nData\u00f6verf\u00f6ring: 125 Mbps (megabit\/sekund).<br \/>\nStandarden f\u00f6r \u00f6verf\u00f6ring av flerkanalsljud via optiskt Toslink-gr\u00e4nssnitt f\u00f6reskriver endast en \u00f6verf\u00f6ringshastighet p\u00e5 12,8 Mbps!<br \/>\nkontaktytorna \u00e4r bekl\u00e4dda med 24 karat guld.<\/p>\n","protected":false},"excerpt":{"rendered":"<p>H\u00f6g kapacitet.<\/p>\n","protected":false},"featured_media":493,"template":"","meta":[],"product_brand":[91],"product_cat":[56],"product_tag":[77,90,82],"class_list":{"0":"post-492","1":"product","2":"type-product","3":"status-publish","4":"has-post-thumbnail","6":"product_brand-oehlbach","7":"product_cat-hifi","8":"product_tag-kablar","9":"product_tag-lagnivakabel","10":"product_tag-ljudkabel","12":"first","13":"instock","14":"shipping-taxable","15":"purchasable","16":"product-type-variable"},"_links":{"self":[{"href":"https:\/\/thomasaudio.se\/index.php?rest_route=\/wp\/v2\/product\/492","targetHints":{"allow":["GET"]}}],"collection":[{"href":"https:\/\/thomasaudio.se\/index.php?rest_route=\/wp\/v2\/product"}],"about":[{"href":"https:\/\/thomasaudio.se\/index.php?rest_route=\/wp\/v2\/types\/product"}],"wp:featuredmedia":[{"embeddable":true,"href":"https:\/\/thomasaudio.se\/index.php?rest_route=\/wp\/v2\/media\/493"}],"wp:attachment":[{"href":"https:\/\/thomasaudio.se\/index.php?rest_route=%2Fwp%2Fv2%2Fmedia&parent=492"}],"wp:term":[{"taxonomy":"product_brand","embeddable":true,"href":"https:\/\/thomasaudio.se\/index.php?rest_route=%2Fwp%2Fv2%2Fproduct_brand&post=492"},{"taxonomy":"product_cat","embeddable":true,"href":"https:\/\/thomasaudio.se\/index.php?rest_route=%2Fwp%2Fv2%2Fproduct_cat&post=492"},{"taxonomy":"product_tag","embeddable":true,"href":"https:\/\/thomasaudio.se\/index.php?rest_route=%2Fwp%2Fv2%2Fproduct_tag&post=492"}],"curies":[{"name":"wp","href":"https:\/\/api.w.org\/{rel}","templated":true}]}}