{"id":478,"date":"2026-02-23T21:28:48","date_gmt":"2026-02-23T21:28:48","guid":{"rendered":"https:\/\/thomasaudio.se\/?post_type=product&#038;p=478"},"modified":"2026-02-23T21:30:35","modified_gmt":"2026-02-23T21:30:35","slug":"oehlbach-rwin-mix-two-l","status":"publish","type":"product","link":"https:\/\/thomasaudio.se\/?product=oehlbach-rwin-mix-two-l","title":{"rendered":"Oehlbach Rwin Mix Two L"},"content":{"rendered":"<p>SPOFC: kopparen \u00e4r belagd med ett lager silver.<br \/>\nKabeln \u00e4r f\u00f6rmonterad med Oehlbach Solution kabelskokontakter f\u00f6r en stabil \u00f6verf\u00f6ringskvalitet. Denna h\u00f6gtalarkabel \u00e4r l\u00e4mplig f\u00f6r f\u00f6rst\u00e4rkarprestanda p\u00e5 upp till cirka 2 x 600 watt. Kabeln tillverkas av tre str\u00e4ngar av syrefritt koppar (OFC) och tre str\u00e4ngar av silverpl\u00e4terat syrefritt koppar. Kabelns yttre mantel \u00e4r tillverkad av en h\u00e5rd, transparent och smidig f\u00f6r smidig installation.<\/p>\n<p>2 x 6.0 mm\u00b2<br \/>\nKontakter t\u00e4ckta med 24 karat guld.<\/p>\n","protected":false},"excerpt":{"rendered":"<p>Spadekontakter eller banankontakter?<\/p>\n","protected":false},"featured_media":479,"template":"","meta":[],"product_brand":[91],"product_cat":[56],"product_tag":[92,77,82],"class_list":{"0":"post-478","1":"product","2":"type-product","3":"status-publish","4":"has-post-thumbnail","6":"product_brand-oehlbach","7":"product_cat-hifi","8":"product_tag-hogtalarkabel","9":"product_tag-kablar","10":"product_tag-ljudkabel","12":"first","13":"instock","14":"shipping-taxable","15":"purchasable","16":"product-type-variable"},"_links":{"self":[{"href":"https:\/\/thomasaudio.se\/index.php?rest_route=\/wp\/v2\/product\/478","targetHints":{"allow":["GET"]}}],"collection":[{"href":"https:\/\/thomasaudio.se\/index.php?rest_route=\/wp\/v2\/product"}],"about":[{"href":"https:\/\/thomasaudio.se\/index.php?rest_route=\/wp\/v2\/types\/product"}],"wp:featuredmedia":[{"embeddable":true,"href":"https:\/\/thomasaudio.se\/index.php?rest_route=\/wp\/v2\/media\/479"}],"wp:attachment":[{"href":"https:\/\/thomasaudio.se\/index.php?rest_route=%2Fwp%2Fv2%2Fmedia&parent=478"}],"wp:term":[{"taxonomy":"product_brand","embeddable":true,"href":"https:\/\/thomasaudio.se\/index.php?rest_route=%2Fwp%2Fv2%2Fproduct_brand&post=478"},{"taxonomy":"product_cat","embeddable":true,"href":"https:\/\/thomasaudio.se\/index.php?rest_route=%2Fwp%2Fv2%2Fproduct_cat&post=478"},{"taxonomy":"product_tag","embeddable":true,"href":"https:\/\/thomasaudio.se\/index.php?rest_route=%2Fwp%2Fv2%2Fproduct_tag&post=478"}],"curies":[{"name":"wp","href":"https:\/\/api.w.org\/{rel}","templated":true}]}}