{"id":476,"date":"2026-02-23T16:09:05","date_gmt":"2026-02-23T16:09:05","guid":{"rendered":"https:\/\/thomasaudio.se\/?post_type=product&#038;p=476"},"modified":"2026-04-10T15:56:18","modified_gmt":"2026-04-10T15:56:18","slug":"oehlbach-audio-linear-8-brusrenare","status":"publish","type":"product","link":"https:\/\/thomasaudio.se\/?product=oehlbach-audio-linear-8-brusrenare","title":{"rendered":"Oehlbach Audio Linear 8 brusrenare"},"content":{"rendered":"<p>Audio Linear 8 galvanisk filter eliminerar effektivt st\u00f6rning. Oehlbach har f\u00f6rfinat filterteknologin genom m\u00e5nga \u00e5rs erfarenhet och teknologiska framsteg och st\u00e5r f\u00f6r helt f\u00f6rlustfri och op\u00e5verkad ljud\u00e5tergivning. Audio Linear 8 fungerar som ett galvanisk isoleringsfilter.<\/p>\n<p>Chassi av metall.<br \/>\n60 x 235 x 160 mm<br \/>\n286 kg<\/p>\n","protected":false},"excerpt":{"rendered":"<p>Galvanisk rening av l\u00e5gniv\u00e5signalen.<\/p>\n","protected":false},"featured_media":477,"template":"","meta":[],"product_brand":[91],"product_cat":[56],"product_tag":[115,60,67],"class_list":{"0":"post-476","1":"product","2":"type-product","3":"status-publish","4":"has-post-thumbnail","6":"product_brand-oehlbach","7":"product_cat-hifi","8":"product_tag-galvaniskt-filter","9":"product_tag-kringutrustning","10":"product_tag-ljudforbattring","12":"first","13":"instock","14":"shipping-taxable","15":"purchasable","16":"product-type-simple"},"_links":{"self":[{"href":"https:\/\/thomasaudio.se\/index.php?rest_route=\/wp\/v2\/product\/476","targetHints":{"allow":["GET"]}}],"collection":[{"href":"https:\/\/thomasaudio.se\/index.php?rest_route=\/wp\/v2\/product"}],"about":[{"href":"https:\/\/thomasaudio.se\/index.php?rest_route=\/wp\/v2\/types\/product"}],"wp:featuredmedia":[{"embeddable":true,"href":"https:\/\/thomasaudio.se\/index.php?rest_route=\/wp\/v2\/media\/477"}],"wp:attachment":[{"href":"https:\/\/thomasaudio.se\/index.php?rest_route=%2Fwp%2Fv2%2Fmedia&parent=476"}],"wp:term":[{"taxonomy":"product_brand","embeddable":true,"href":"https:\/\/thomasaudio.se\/index.php?rest_route=%2Fwp%2Fv2%2Fproduct_brand&post=476"},{"taxonomy":"product_cat","embeddable":true,"href":"https:\/\/thomasaudio.se\/index.php?rest_route=%2Fwp%2Fv2%2Fproduct_cat&post=476"},{"taxonomy":"product_tag","embeddable":true,"href":"https:\/\/thomasaudio.se\/index.php?rest_route=%2Fwp%2Fv2%2Fproduct_tag&post=476"}],"curies":[{"name":"wp","href":"https:\/\/api.w.org\/{rel}","templated":true}]}}