{"id":465,"date":"2026-02-23T07:47:52","date_gmt":"2026-02-23T07:47:52","guid":{"rendered":"https:\/\/thomasaudio.se\/?post_type=product&#038;p=465"},"modified":"2026-02-26T08:01:06","modified_gmt":"2026-02-26T08:01:06","slug":"ifi-4-4mm-xlr-cable","status":"publish","type":"product","link":"https:\/\/thomasaudio.se\/?product=ifi-4-4mm-xlr-cable","title":{"rendered":"ifi 4.4mm &#8211; XLR Cable"},"content":{"rendered":"<p>ifi Audio tillverkar utrustning med kvalitets-elektronik f\u00f6r h\u00f6guppl\u00f6st ljud\u00e5tergivning till en f\u00f6rv\u00e5nansv\u00e4rt prisv\u00e4nlig niv\u00e5. Deras balanserade signal transporteras mellan enheterna via en 4.4 mm (pentaconn) terminal. F\u00f6r att deras utrustning ska sammankopplas med andra tillverkares balanserade XLR-hona finns d\u00e4rf\u00f6r den h\u00e4r adapterkabeln. Konstruktionen \u00e4r naturligt vis h\u00f6g.<\/p>\n<p>4,4 mm till XLR-kabel med ledare av OFHC-kontinuerliga koppar- och silver &#8211; den renaste som finns att f\u00e5 &#8211; med ett totalt tv\u00e4rsnitt p\u00e5 16 AWG<strong>*<\/strong> f\u00f6r b\u00e4sta signal\u00f6verf\u00f6ring. Ledare av OFHC-kontinuerliga koppar- och silvermatris-ledare med ett totalt tv\u00e4rsnitt p\u00e5 16AWG anv\u00e4nds f\u00f6r b\u00e4sta m\u00f6jliga signal\u00f6verf\u00f6ring.<br \/>\nKonstruktionen \u00e4r en helix minZ-design\u2122 som minskar b\u00e5de i kapacitans och induktans. Designen skyddar kabeln fr\u00e5n RFI- och EMI-brus.<\/p>\n<p><strong>*<\/strong> <strong>A<\/strong>merican <strong>W<\/strong>ire <strong>G<\/strong>auge \u00e4r ett standardiserat m\u00e5ttsystem som anger tr\u00e5dens diameter<\/p>\n","protected":false},"excerpt":{"rendered":"<p>100 MOhm<\/p>\n","protected":false},"featured_media":466,"template":"","meta":[],"product_brand":[71],"product_cat":[56],"product_tag":[58,89,77,90,82],"class_list":{"0":"post-465","1":"product","2":"type-product","3":"status-publish","4":"has-post-thumbnail","6":"product_brand-ifi","7":"product_cat-hifi","8":"product_tag-adaptet","9":"product_tag-adapterkabel","10":"product_tag-kablar","11":"product_tag-lagnivakabel","12":"product_tag-ljudkabel","14":"first","15":"instock","16":"shipping-taxable","17":"purchasable","18":"product-type-simple"},"_links":{"self":[{"href":"https:\/\/thomasaudio.se\/index.php?rest_route=\/wp\/v2\/product\/465","targetHints":{"allow":["GET"]}}],"collection":[{"href":"https:\/\/thomasaudio.se\/index.php?rest_route=\/wp\/v2\/product"}],"about":[{"href":"https:\/\/thomasaudio.se\/index.php?rest_route=\/wp\/v2\/types\/product"}],"wp:featuredmedia":[{"embeddable":true,"href":"https:\/\/thomasaudio.se\/index.php?rest_route=\/wp\/v2\/media\/466"}],"wp:attachment":[{"href":"https:\/\/thomasaudio.se\/index.php?rest_route=%2Fwp%2Fv2%2Fmedia&parent=465"}],"wp:term":[{"taxonomy":"product_brand","embeddable":true,"href":"https:\/\/thomasaudio.se\/index.php?rest_route=%2Fwp%2Fv2%2Fproduct_brand&post=465"},{"taxonomy":"product_cat","embeddable":true,"href":"https:\/\/thomasaudio.se\/index.php?rest_route=%2Fwp%2Fv2%2Fproduct_cat&post=465"},{"taxonomy":"product_tag","embeddable":true,"href":"https:\/\/thomasaudio.se\/index.php?rest_route=%2Fwp%2Fv2%2Fproduct_tag&post=465"}],"curies":[{"name":"wp","href":"https:\/\/api.w.org\/{rel}","templated":true}]}}