{"id":427,"date":"2026-02-21T17:06:11","date_gmt":"2026-02-21T17:06:11","guid":{"rendered":"https:\/\/thomasaudio.se\/?post_type=product&#038;p=427"},"modified":"2026-04-10T15:57:19","modified_gmt":"2026-04-10T15:57:19","slug":"ifi-neo-idsd-3-horlursforstarkare","status":"publish","type":"product","link":"https:\/\/thomasaudio.se\/?product=ifi-neo-idsd-3-horlursforstarkare","title":{"rendered":"ifi NEO iDSD 3 h\u00f6rlursf\u00f6rst\u00e4rkare"},"content":{"rendered":"<p>ZEN DAC Signature har premiumkomponenter av signaturklass och levererar exceptionell ljudrenhet och prestanda. Vi anv\u00e4nder f\u00f6rstklassiga komponenter som premium-str\u00f6mf\u00f6rs\u00f6rjningar, precisionsanpassade komponenter En h\u00f6gkvalitativ kretsutrustning f\u00f6r en ljudkvalitet som utmanar l\u00e5ngt upp i hierakin.<\/p>\n<p>K2HD \u00e5terst\u00e4ller och berikar livl\u00f6sa digitala inspelningar. Dess avancerade konstruktion \u00e5terst\u00e4ller harmoniskt inneh\u00e5ll som ofta g\u00e5r f\u00f6rlorat i digitaliserings-processen och f\u00f6r ljudkvaliteten n\u00e4ra originalmastern.<br \/>\nPureWave \u00e4r en balanserad, symmetrisk dual-mono-topologi med kortast m\u00f6jliga, direkta signalv\u00e4gar. Namnet syftar p\u00e5 den ljudm\u00e4ssiga renhet som uppn\u00e5s tack vare exceptionell linj\u00e4ritet och n\u00e4stan om\u00e4tbart l\u00e5ga niv\u00e5er av brusniv\u00e5 och distorsion.<\/p>\n<p>aptX Lossless: 1200 kbps<br \/>\nBluetooth: aptX Lossless (1200 kBit), aptX Adaptive, aptX, LDAC, LHDC\/HWA, AAC, SBC<br \/>\nDigital: Bluetooth 5.4, USB-B 3.0, S\/PDIF Coaxial, S\/PDIF Optical<br \/>\nFiler PCM 768kHz, DSD512 (22.6 MHz)<br \/>\nH\u00f6rlur utg\u00e5ngsimpedans: \u22641 Ohm; \u22647 Ohm med inst\u00e4llningen iEMatch<br \/>\nSNR+DNR \t\u2265120dB(A) @ -60dBFS<br \/>\nTHD+N: \u22640.0015 %<br \/>\nAdapter: DC 9V\/1.5A<br \/>\n214 x 158 x 41 mm<br \/>\n916 g<br \/>\nTips: En str\u00f6madapter av h\u00f6g kvalitet \u00e4r <a href=\"https:\/\/thomasaudio.se\/produkt\/silentpower-ipower-elite\/\" target=\"_blank\">ifi iPower Elite<\/a><\/p>\n","protected":false},"excerpt":{"rendered":"<p>ZEN DAC Signature har premiumkomponenter av signaturklass och levererar exceptionell ljudrenhet och prestanda. Vi anv\u00e4nder f\u00f6rstklassiga komponenter som premium-str\u00f6mf\u00f6rs\u00f6rjningar, precisionsanpassade komponenter En h\u00f6gkvalitativ kretsutrustning f\u00f6r en ljudkvalitet som utmanar l\u00e5ngt upp i hierakin. K2HD \u00e5terst\u00e4ller och berikar livl\u00f6sa digitala inspelningar. Dess avancerade konstruktion \u00e5terst\u00e4ller harmoniskt inneh\u00e5ll som ofta g\u00e5r f\u00f6rlorat i digitaliserings-processen och f\u00f6r ljudkvaliteten&#8230;<\/p>\n","protected":false},"featured_media":428,"template":"","meta":[],"product_brand":[71],"product_cat":[56],"product_tag":[72,79,73],"class_list":{"0":"post-427","1":"product","2":"type-product","3":"status-publish","4":"has-post-thumbnail","6":"product_brand-ifi","7":"product_cat-hifi","8":"product_tag-dac","9":"product_tag-forstarkare","10":"product_tag-horlursforstarkare","12":"first","13":"instock","14":"shipping-taxable","15":"purchasable","16":"product-type-simple"},"_links":{"self":[{"href":"https:\/\/thomasaudio.se\/index.php?rest_route=\/wp\/v2\/product\/427","targetHints":{"allow":["GET"]}}],"collection":[{"href":"https:\/\/thomasaudio.se\/index.php?rest_route=\/wp\/v2\/product"}],"about":[{"href":"https:\/\/thomasaudio.se\/index.php?rest_route=\/wp\/v2\/types\/product"}],"wp:featuredmedia":[{"embeddable":true,"href":"https:\/\/thomasaudio.se\/index.php?rest_route=\/wp\/v2\/media\/428"}],"wp:attachment":[{"href":"https:\/\/thomasaudio.se\/index.php?rest_route=%2Fwp%2Fv2%2Fmedia&parent=427"}],"wp:term":[{"taxonomy":"product_brand","embeddable":true,"href":"https:\/\/thomasaudio.se\/index.php?rest_route=%2Fwp%2Fv2%2Fproduct_brand&post=427"},{"taxonomy":"product_cat","embeddable":true,"href":"https:\/\/thomasaudio.se\/index.php?rest_route=%2Fwp%2Fv2%2Fproduct_cat&post=427"},{"taxonomy":"product_tag","embeddable":true,"href":"https:\/\/thomasaudio.se\/index.php?rest_route=%2Fwp%2Fv2%2Fproduct_tag&post=427"}],"curies":[{"name":"wp","href":"https:\/\/api.w.org\/{rel}","templated":true}]}}