{"id":422,"date":"2026-02-21T16:22:54","date_gmt":"2026-02-21T16:22:54","guid":{"rendered":"https:\/\/thomasaudio.se\/?post_type=product&#038;p=422"},"modified":"2026-02-21T16:23:19","modified_gmt":"2026-02-21T16:23:19","slug":"ifi-zen-dac-signature","status":"publish","type":"product","link":"https:\/\/thomasaudio.se\/?product=ifi-zen-dac-signature","title":{"rendered":"ifi ZEN DAC Signature"},"content":{"rendered":"<p>ZEN DAC Signature \u00e4r en extra p\u00e5kostad DAC med \u00e4kta dual-mono arkitektur genom hela signalv\u00e4gen, inspirerad av ifi Audios Pro-serie. Med utvalda komponenter och direkta signalv\u00e4gar \u00e4r det den perfekta matchningen i ett p\u00e5kostat HiFi-system.<\/p>\n<p>PureWave \u00e4r en balanserad, symmetrisk dual-mono-topologi med kortast m\u00f6jliga, direkta signalv\u00e4gar. Namnet syftar p\u00e5 den ljudm\u00e4ssiga renhet som uppn\u00e5s tack vare exceptionell linj\u00e4ritet och n\u00e4stan om\u00e4tbart l\u00e5ga niv\u00e5er av brusniv\u00e5 och distorsion. Den har premiumkomponenter av signaturklass som levererar exceptionell ljudrenhet och prestanda. Inuti sitter f\u00f6rstklassiga komponenter som precisionsanpassade komponenter och h\u00f6gkvalitativ kretsutrustning f\u00f6r att ge o\u00f6vertr\u00e4ffad ljudkvalitet. Exempelvis C0G kondensatorer fr\u00e5n TDK, Panasonic OS-CON och ELNA Slimic II.<\/p>\n<p>DAC: Bit-Perfect DSD &#038; DXD DAC fr\u00e5n Burr Brown<br \/>\nBrusreducering: >117 dB (-60 dB) (BAL\/SE)<br \/>\nFormat: PCM 384 kHz, DSD X256, DXD 384 kHz<br \/>\nFull MQA<br \/>\nTHD+N \t<0.0011%\n158 x 117 x 35 mm\n505 g\nEtt tips \u00e4r att anv\u00e4nda ifi iPowerX str\u00f6madapter \u2013 5V\n<\/p>\n","protected":false},"excerpt":{"rendered":"<p>ZEN DAC Signature \u00e4r en extra p\u00e5kostad DAC med \u00e4kta dual-mono arkitektur genom hela signalv\u00e4gen, inspirerad av ifi Audios Pro-serie. Med utvalda komponenter och direkta signalv\u00e4gar \u00e4r det den perfekta matchningen i ett p\u00e5kostat HiFi-system. PureWave \u00e4r en balanserad, symmetrisk dual-mono-topologi med kortast m\u00f6jliga, direkta signalv\u00e4gar. Namnet syftar p\u00e5 den ljudm\u00e4ssiga renhet som uppn\u00e5s tack&#8230;<\/p>\n","protected":false},"featured_media":425,"template":"","meta":[],"product_brand":[71],"product_cat":[56],"product_tag":[72,81],"class_list":{"0":"post-422","1":"product","2":"type-product","3":"status-publish","4":"has-post-thumbnail","6":"product_brand-ifi","7":"product_cat-hifi","8":"product_tag-dac","9":"product_tag-omvandlare","11":"first","12":"instock","13":"shipping-taxable","14":"purchasable","15":"product-type-simple"},"_links":{"self":[{"href":"https:\/\/thomasaudio.se\/index.php?rest_route=\/wp\/v2\/product\/422","targetHints":{"allow":["GET"]}}],"collection":[{"href":"https:\/\/thomasaudio.se\/index.php?rest_route=\/wp\/v2\/product"}],"about":[{"href":"https:\/\/thomasaudio.se\/index.php?rest_route=\/wp\/v2\/types\/product"}],"wp:featuredmedia":[{"embeddable":true,"href":"https:\/\/thomasaudio.se\/index.php?rest_route=\/wp\/v2\/media\/425"}],"wp:attachment":[{"href":"https:\/\/thomasaudio.se\/index.php?rest_route=%2Fwp%2Fv2%2Fmedia&parent=422"}],"wp:term":[{"taxonomy":"product_brand","embeddable":true,"href":"https:\/\/thomasaudio.se\/index.php?rest_route=%2Fwp%2Fv2%2Fproduct_brand&post=422"},{"taxonomy":"product_cat","embeddable":true,"href":"https:\/\/thomasaudio.se\/index.php?rest_route=%2Fwp%2Fv2%2Fproduct_cat&post=422"},{"taxonomy":"product_tag","embeddable":true,"href":"https:\/\/thomasaudio.se\/index.php?rest_route=%2Fwp%2Fv2%2Fproduct_tag&post=422"}],"curies":[{"name":"wp","href":"https:\/\/api.w.org\/{rel}","templated":true}]}}