{"id":404,"date":"2026-02-21T15:06:31","date_gmt":"2026-02-21T15:06:31","guid":{"rendered":"https:\/\/thomasaudio.se\/?post_type=product&#038;p=404"},"modified":"2026-04-27T20:00:25","modified_gmt":"2026-04-27T20:00:25","slug":"ifi-zen-phono-skivspelarforstarkare","status":"publish","type":"product","link":"https:\/\/thomasaudio.se\/?product=ifi-zen-phono-skivspelarforstarkare","title":{"rendered":"ifi ZEN Phono skivspelarf\u00f6rst\u00e4rkare"},"content":{"rendered":"<p>Sedan den allra f\u00f6rsta iPhono lanserades 2012 har ifi Audio anv\u00e4nt ett eget tillverkat subsoniskt filter. Genom att fullt ut f\u00f6rst\u00e5 hur LP-skivor spelas in och spelas upp igen \u00e4r det m\u00f6jligt att kraftigt filtrera skivans l\u00e5gfrekventa muller utan att samtidigt d\u00e4mpa musikens l\u00e5gfrekventa bas eller l\u00e4gga till mikrof\u00f6rdr\u00f6jning.<br \/>\n-151 dBV uppm\u00e4tt ekvivalent ing\u00e5ngsbrus. Det \u00e4r en tyst ljudbild!\u00a0 20 dBV tystare \u00e4n vissa stereophile Class-A+<\/p>\n<p>ZEN Phono 3 st\u00f6der fyra MM\/MC-l\u00e4gen fr\u00e5n 36 till 72 dB och d\u00e4rtill fyra ing\u00e5ngsimpedansinst\u00e4llningar.Du kan mixa och matcha gain- och laddningsinst\u00e4llningar oberoende av varandra med den s\u00e4rskilda laddningsknappen.<\/p>\n<p>Vid vinylmasteringstadiet pressas skivorna med en motsatt RIAA-equaliseringskurva. Detta m\u00e5ste utj\u00e4mnas vid uppspelning f\u00f6r att avsl\u00f6ja musikens magi. ZEN Phono 3:s RIAA EQ-kretsar har med ett flertal exklusiva, parallellkopplade TDK C0G-kondensatorer i den uppgiften. Detta f\u00f6r en s\u00e4ker stabilitet och minimal distorsion. Dessa g\u00f6r att ZEN Phono 3:s RIAA-utj\u00e4mning kan befinna sig inom +\/- 0,15 dB tolerans (20\u201320 kHz), vilket g\u00f6r att du kan f\u00e5 uppleva musikens inneh\u00e5ll v\u00e4ldigt exakt.<\/p>\n<p>Kanalseparation: &gt;75dB<br \/>\n158 x 115 x 35 mm<\/p>\n<p>Gain: MM: 36 dB, MC High: 48 dB, MC Low: 60 dB, MC V-Low: 72 dB<br \/>\nIng\u00e5ngsimpedans: MM: 47 KOhm, MC High: 47 kOhm, MC Low: 1k\/400\/100 Ohm, MC V-Low: 1k\/400\/100 Ohm<br \/>\nUtg\u00e5ngsimpedans: 200 Ohm<br \/>\nTotal harmonisk distortion: MM: &lt;-91 dB\/0.0027 %, MC High: &lt;-80 dB\/0.0095 % , MC Low: &lt;-70 dB\/0.031 % , MC V-Low: 1k\/400\/100 Ohm<br \/>\n158 x 115 x 35 mm<br \/>\n456 g<br \/>\nEtt tips \u00e4r att anv\u00e4nda <a href=\"https:\/\/thomasaudio.se\/produkt\/silentpower-ipowerx\/\" target=\"_blank\" rel=\"noopener\">ifi iPowerX<\/a> str\u00f6madapter \u2013 5V<\/p>\n","protected":false},"excerpt":{"rendered":"<p>Sedan den allra f\u00f6rsta iPhono lanserades 2012 har ifi Audio anv\u00e4nt ett eget tillverkat subsoniskt filter. Genom att fullt ut f\u00f6rst\u00e5 hur LP-skivor spelas in och spelas upp igen \u00e4r det m\u00f6jligt att kraftigt filtrera skivans l\u00e5gfrekventa muller utan att samtidigt d\u00e4mpa musikens l\u00e5gfrekventa bas eller l\u00e4gga till mikrof\u00f6rdr\u00f6jning. -151 dBV uppm\u00e4tt ekvivalent ing\u00e5ngsbrus. Det&#8230;<\/p>\n","protected":false},"featured_media":419,"template":"","meta":[],"product_brand":[71],"product_cat":[56],"product_tag":[79,75],"class_list":{"0":"post-404","1":"product","2":"type-product","3":"status-publish","4":"has-post-thumbnail","6":"product_brand-ifi","7":"product_cat-hifi","8":"product_tag-forstarkare","9":"product_tag-skivspelarforstarkare","11":"first","12":"instock","13":"shipping-taxable","14":"purchasable","15":"product-type-simple"},"_links":{"self":[{"href":"https:\/\/thomasaudio.se\/index.php?rest_route=\/wp\/v2\/product\/404","targetHints":{"allow":["GET"]}}],"collection":[{"href":"https:\/\/thomasaudio.se\/index.php?rest_route=\/wp\/v2\/product"}],"about":[{"href":"https:\/\/thomasaudio.se\/index.php?rest_route=\/wp\/v2\/types\/product"}],"wp:featuredmedia":[{"embeddable":true,"href":"https:\/\/thomasaudio.se\/index.php?rest_route=\/wp\/v2\/media\/419"}],"wp:attachment":[{"href":"https:\/\/thomasaudio.se\/index.php?rest_route=%2Fwp%2Fv2%2Fmedia&parent=404"}],"wp:term":[{"taxonomy":"product_brand","embeddable":true,"href":"https:\/\/thomasaudio.se\/index.php?rest_route=%2Fwp%2Fv2%2Fproduct_brand&post=404"},{"taxonomy":"product_cat","embeddable":true,"href":"https:\/\/thomasaudio.se\/index.php?rest_route=%2Fwp%2Fv2%2Fproduct_cat&post=404"},{"taxonomy":"product_tag","embeddable":true,"href":"https:\/\/thomasaudio.se\/index.php?rest_route=%2Fwp%2Fv2%2Fproduct_tag&post=404"}],"curies":[{"name":"wp","href":"https:\/\/api.w.org\/{rel}","templated":true}]}}