{"id":395,"date":"2026-02-20T20:59:56","date_gmt":"2026-02-20T20:59:56","guid":{"rendered":"https:\/\/thomasaudio.se\/?post_type=product&#038;p=395"},"modified":"2026-04-27T20:01:41","modified_gmt":"2026-04-27T20:01:41","slug":"ifi-zen-blue3-streamer","status":"publish","type":"product","link":"https:\/\/thomasaudio.se\/?product=ifi-zen-blue3-streamer","title":{"rendered":"ifi Zen Blue 3 streamer"},"content":{"rendered":"<p>ZEN Blue 3 \u00e4r v\u00e4rldens f\u00f6rsta Bluetooth-DAC som skickar och tar emot CD-kvalitetsljud via aptX Lossless.<br \/>\nBluetooth 5.4-teknologin med drift av ett avancerat Qualcomm QCC518x-chipset.<\/p>\n<p>Ljud\u00e5tergivning \u00f6ppnar upp i CD-skivornas 44,1 kHz\/16-bit och ett Hi-Res-ljud finns tillg\u00e4ngligt upp till 96 kHz vid anv\u00e4ndning av LDAC och LDHC \/ HWA-avkodning. Till skillnad fr\u00e5n standard SOC med ett allt-i-ett chip finns h\u00e4r h\u00f6gkvalitativa komponenter f\u00f6r att optimera prestandan i varje steg.<\/p>\n<p>Genom Qualcomms finaste elektronik s\u00e4nds den digitala signalen till en h\u00f6gpresterande DAC. D\u00e4rifr\u00e5n fl\u00f6dar signalen till specialbyggda OP-f\u00f6rst\u00e4rkare.<\/p>\n<p>ifi audios speciella GMT femto-precisionsklocka tar bort jitter och levererar Bluetooth-prestanda med en timing som st\u00e5r \u00f6ver m\u00e4ngden. Resultatet blir en verklighetsn\u00e4ra ljudupplevelse. ZEN Blue 3 kan \u00e4ven vara en tr\u00e5dbunden DAC med 96 kHz\/24 bitars ljud via USB-C, eller 192 kHz\/24 bitars ljud via S\/PDIF.<\/p>\n","protected":false},"excerpt":{"rendered":"<p>ZEN Blue 3 \u00e4r v\u00e4rldens f\u00f6rsta Bluetooth-DAC som skickar och tar emot CD-kvalitetsljud via aptX Lossless. Bluetooth 5.4-teknologin med drift av ett avancerat Qualcomm QCC518x-chipset. Ljud\u00e5tergivning \u00f6ppnar upp i CD-skivornas 44,1 kHz\/16-bit och ett Hi-Res-ljud finns tillg\u00e4ngligt upp till 96 kHz vid anv\u00e4ndning av LDAC och LDHC \/ HWA-avkodning. Till skillnad fr\u00e5n standard SOC med&#8230;<\/p>\n","protected":false},"featured_media":398,"template":"","meta":[],"product_brand":[71],"product_cat":[56],"product_tag":[72,81,76],"class_list":{"0":"post-395","1":"product","2":"type-product","3":"status-publish","4":"has-post-thumbnail","6":"product_brand-ifi","7":"product_cat-hifi","8":"product_tag-dac","9":"product_tag-omvandlare","10":"product_tag-streamer","12":"first","13":"instock","14":"shipping-taxable","15":"purchasable","16":"product-type-simple"},"_links":{"self":[{"href":"https:\/\/thomasaudio.se\/index.php?rest_route=\/wp\/v2\/product\/395","targetHints":{"allow":["GET"]}}],"collection":[{"href":"https:\/\/thomasaudio.se\/index.php?rest_route=\/wp\/v2\/product"}],"about":[{"href":"https:\/\/thomasaudio.se\/index.php?rest_route=\/wp\/v2\/types\/product"}],"wp:featuredmedia":[{"embeddable":true,"href":"https:\/\/thomasaudio.se\/index.php?rest_route=\/wp\/v2\/media\/398"}],"wp:attachment":[{"href":"https:\/\/thomasaudio.se\/index.php?rest_route=%2Fwp%2Fv2%2Fmedia&parent=395"}],"wp:term":[{"taxonomy":"product_brand","embeddable":true,"href":"https:\/\/thomasaudio.se\/index.php?rest_route=%2Fwp%2Fv2%2Fproduct_brand&post=395"},{"taxonomy":"product_cat","embeddable":true,"href":"https:\/\/thomasaudio.se\/index.php?rest_route=%2Fwp%2Fv2%2Fproduct_cat&post=395"},{"taxonomy":"product_tag","embeddable":true,"href":"https:\/\/thomasaudio.se\/index.php?rest_route=%2Fwp%2Fv2%2Fproduct_tag&post=395"}],"curies":[{"name":"wp","href":"https:\/\/api.w.org\/{rel}","templated":true}]}}