{"id":393,"date":"2026-02-20T18:35:03","date_gmt":"2026-02-20T18:35:03","guid":{"rendered":"https:\/\/thomasaudio.se\/?post_type=product&#038;p=393"},"modified":"2026-03-10T17:19:35","modified_gmt":"2026-03-10T17:19:35","slug":"ensemble-perspectives-playlist","status":"publish","type":"product","link":"https:\/\/thomasaudio.se\/?product=ensemble-perspectives-playlist","title":{"rendered":"Ensemble Perspectives &#8211; Playlist"},"content":{"rendered":"<p>A cappella grupper finns nu lite var stans om man letar. Men Ensemble Perspectives har det d\u00e4r extra. Anledningen till att lyfta fram ensemblen \u00e4r den h\u00f6ga kvaliteten p\u00e5 deras r\u00f6ster och k\u00e4nslan de har f\u00f6r nyansering. Allt resulterar i att man sitter och blir betagen av hur bra det l\u00e5ter.<br \/>\nId\u00e9n om att g\u00f6ra ett album med historiskt v\u00e4l vald musik \u00e4r sv\u00e5rt men h\u00e4r blir det ett lyckat koncept.<\/p>\n<p>1 oshua<br \/>\n2 Dido and Aeneas, Z. 626: Dido&#8217;s Lament<br \/>\n3 Mrs Robinson<br \/>\n4 L&#8217;Horizon chim\u00e9rique, Op. 18: III. Diane, S\u00e9l\u00e9n\u00e9<br \/>\n5 14 Deutsche Volkslieder, WoO 34: In Stiller Nacht<br \/>\n6 D\u00falam\u00e1n<br \/>\n7 By the Lone Sea Shore<br \/>\n8 Whither Must I Wander<br \/>\n9 Oh, You Wide Steppe<br \/>\n10 Sicut Servus<br \/>\n11 50 Ways to Leave your Lover<br \/>\n12 That Lonesome Road<br \/>\n13 L&#8217;enfant et les sortil\u00e8ges, M. 71: Il est bon, l\u2019e<br \/>\n14 Fr\u00e8re Jacques<br \/>\n15 Alice<\/p>\n<p><iframe loading=\"lazy\" width=\"547\" height=\"308\" src=\"https:\/\/www.youtube.com\/embed\/kmYwJskOz5s\" title=\"Ensemble Perspectives - EPK  PLAYLIST\" frameborder=\"0\" allow=\"accelerometer; autoplay; clipboard-write; encrypted-media; gyroscope; picture-in-picture; web-share\" referrerpolicy=\"strict-origin-when-cross-origin\" allowfullscreen><\/iframe><\/p>\n","protected":false},"excerpt":{"rendered":"<p>A cappella grupper finns nu lite var stans om man letar. Men Ensemble Perspectives har det d\u00e4r extra. Anledningen till att lyfta fram ensemblen \u00e4r den h\u00f6ga kvaliteten p\u00e5 deras r\u00f6ster och k\u00e4nslan de har f\u00f6r nyansering. Allt resulterar i att man sitter och blir betagen av hur bra det l\u00e5ter. Id\u00e9n om att g\u00f6ra&#8230;<\/p>\n","protected":false},"featured_media":394,"template":"","meta":[],"product_brand":[51],"product_cat":[16],"product_tag":[70,18,178],"class_list":{"0":"post-393","1":"product","2":"type-product","3":"status-publish","4":"has-post-thumbnail","6":"product_brand-outthere-music","7":"product_cat-album","8":"product_tag-a-capella","9":"product_tag-cd","10":"product_tag-ensemble-perspectives","12":"first","13":"instock","14":"shipping-taxable","15":"purchasable","16":"product-type-simple"},"_links":{"self":[{"href":"https:\/\/thomasaudio.se\/index.php?rest_route=\/wp\/v2\/product\/393","targetHints":{"allow":["GET"]}}],"collection":[{"href":"https:\/\/thomasaudio.se\/index.php?rest_route=\/wp\/v2\/product"}],"about":[{"href":"https:\/\/thomasaudio.se\/index.php?rest_route=\/wp\/v2\/types\/product"}],"wp:featuredmedia":[{"embeddable":true,"href":"https:\/\/thomasaudio.se\/index.php?rest_route=\/wp\/v2\/media\/394"}],"wp:attachment":[{"href":"https:\/\/thomasaudio.se\/index.php?rest_route=%2Fwp%2Fv2%2Fmedia&parent=393"}],"wp:term":[{"taxonomy":"product_brand","embeddable":true,"href":"https:\/\/thomasaudio.se\/index.php?rest_route=%2Fwp%2Fv2%2Fproduct_brand&post=393"},{"taxonomy":"product_cat","embeddable":true,"href":"https:\/\/thomasaudio.se\/index.php?rest_route=%2Fwp%2Fv2%2Fproduct_cat&post=393"},{"taxonomy":"product_tag","embeddable":true,"href":"https:\/\/thomasaudio.se\/index.php?rest_route=%2Fwp%2Fv2%2Fproduct_tag&post=393"}],"curies":[{"name":"wp","href":"https:\/\/api.w.org\/{rel}","templated":true}]}}