{"id":388,"date":"2026-02-20T09:51:10","date_gmt":"2026-02-20T09:51:10","guid":{"rendered":"https:\/\/thomasaudio.se\/?post_type=product&#038;p=388"},"modified":"2026-04-10T15:58:30","modified_gmt":"2026-04-10T15:58:30","slug":"ifi-silentpower-gemini-3-0-stromkabel","status":"publish","type":"product","link":"https:\/\/thomasaudio.se\/?product=ifi-silentpower-gemini-3-0-stromkabel","title":{"rendered":"ifi SilentPower Gemini 3.0 str\u00f6mkabel"},"content":{"rendered":"<p>Maximal signal\u00f6verf\u00f6ring. Minimal st\u00f6rning.<br \/>\nVi vet att du f\u00f6redrar musiken ur dina h\u00f6gtalare och h\u00f6rlurar l\u00e5ta s\u00e5 fri och \u00f6ppen som m\u00f6jligt. Dvs. bort med datorbruset som begr\u00e4nsar dynamiken. D\u00e5 \u00e4r Gemini3.0 dubbelkabel det du s\u00f6ker. I de flesta massproducerade USB-kablar \u00e4r signal- och str\u00f6mkablarna normalt kompakterade tillsammans. Det betyder tv\u00e5 saker \u2013 dels d\u00e5lig ledningsf\u00f6rm\u00e5ga och att ljudstr\u00f6mningen och elektronerna inte skyddas fr\u00e5n varandra.<\/p>\n<p>Gemini3.0-kabeln har d\u00e4rf\u00f6r tv\u00e5 separata kablar. Detta separerar den k\u00e4nsliga USB-datasignalen (musiken) fr\u00e5n USB-str\u00f6mmen. Ingen st\u00f6rning och ljudkvaliteten f\u00f6rblir optimal.<\/p>\n<p>&#8211; De flesta standard-USB-kablar l\u00f6ser inte RF-problem och \u00e4r utrustade med filter som fungerar \u00f6ver ett f\u00f6r smalt omr\u00e5de och sitter endast i kablarnas \u00e4ndar, vilket g\u00f6r att kabelns l\u00e4ngd fungerar som antenner.<br \/>\n&#8211; Ultrasnabba USB3 bandbredd p\u00e5 5,0 G erbjuder en otrolig bandbredd, tio g\u00e5nger s\u00e5 bred som USB2.0.<br \/>\n&#8211; De flesta USB-kablar anv\u00e4nder formgjutna plastt\u00e4ckta anslutningar som inte sk\u00e4rmar av de h\u00f6ga frekvenserna i USB-datal\u00e4nken. Ljudet str\u00e5lar ut. V\u00e5ra FINAL USB-kontakter ger felfri RF-sk\u00e4rmning fr\u00e5n b\u00f6rjan till \u00e4nde. De \u00e4r helt bearbetade av solid, flygplansklassad aluminium.<\/p>\n","protected":false},"excerpt":{"rendered":"<p>Impedans: 900 Ohm<br \/>\nLedare av OFHC encellig koppar. Den finaste kopparn som finns.<\/p>\n","protected":false},"featured_media":389,"template":"","meta":[],"product_brand":[59],"product_cat":[56],"product_tag":[77,69],"class_list":{"0":"post-388","1":"product","2":"type-product","3":"status-publish","4":"has-post-thumbnail","6":"product_brand-silentpower","7":"product_cat-hifi","8":"product_tag-kablar","9":"product_tag-usb-kabel","11":"first","12":"instock","13":"shipping-taxable","14":"purchasable","15":"product-type-simple"},"_links":{"self":[{"href":"https:\/\/thomasaudio.se\/index.php?rest_route=\/wp\/v2\/product\/388","targetHints":{"allow":["GET"]}}],"collection":[{"href":"https:\/\/thomasaudio.se\/index.php?rest_route=\/wp\/v2\/product"}],"about":[{"href":"https:\/\/thomasaudio.se\/index.php?rest_route=\/wp\/v2\/types\/product"}],"wp:featuredmedia":[{"embeddable":true,"href":"https:\/\/thomasaudio.se\/index.php?rest_route=\/wp\/v2\/media\/389"}],"wp:attachment":[{"href":"https:\/\/thomasaudio.se\/index.php?rest_route=%2Fwp%2Fv2%2Fmedia&parent=388"}],"wp:term":[{"taxonomy":"product_brand","embeddable":true,"href":"https:\/\/thomasaudio.se\/index.php?rest_route=%2Fwp%2Fv2%2Fproduct_brand&post=388"},{"taxonomy":"product_cat","embeddable":true,"href":"https:\/\/thomasaudio.se\/index.php?rest_route=%2Fwp%2Fv2%2Fproduct_cat&post=388"},{"taxonomy":"product_tag","embeddable":true,"href":"https:\/\/thomasaudio.se\/index.php?rest_route=%2Fwp%2Fv2%2Fproduct_tag&post=388"}],"curies":[{"name":"wp","href":"https:\/\/api.w.org\/{rel}","templated":true}]}}