{"id":382,"date":"2026-02-20T08:32:59","date_gmt":"2026-02-20T08:32:59","guid":{"rendered":"https:\/\/thomasaudio.se\/?post_type=product&#038;p=382"},"modified":"2026-03-07T08:43:46","modified_gmt":"2026-03-07T08:43:46","slug":"aka-moon-quality-of-joy","status":"publish","type":"product","link":"https:\/\/thomasaudio.se\/?product=aka-moon-quality-of-joy","title":{"rendered":"Aka Moon &#8211; Quality Of Joy"},"content":{"rendered":"<p>&#8221;Fr\u00e5gan om gl\u00e4djens kvalitet verkar f\u00f6r mig idag bli allt viktigare \u2013 den \u00e4r oskiljaktigt kopplad till hur humorn kan hitta sitt fulla uttryck i en v\u00e4rld som st\u00e4ndigt begr\u00e4nsar tillg\u00e5ngen till l\u00e4ttare st\u00e4mningar.&#8221;<br \/>\n\/ Fabrizio Cassol<\/p>\n<p>Hemligheten bakom Aka Moons l\u00e5ngvarighet ligger i deras oavbrutna nyfikenhet p\u00e5 inneh\u00e5llet i melodi och rytm och i utvidgningen av deras kunskap och horisont genom m\u00f6ten med olika musikkulturer fr\u00e5n hela v\u00e4rlden.<\/p>\n<p>I en tid av Corona-pandemi, d\u00e5 resor och konserter inte l\u00e4ngre var m\u00f6jliga, gav sig Fabrizio ut p\u00e5 en inre utforskning i jakten p\u00e5 fragmenterade minnen av alla sina tidigare musikaliska erfarenheter. Det var subtilt arbete, fokuserat p\u00e5 k\u00e4nslan och sedan p\u00e5 vilka melodiska och harmoniska d\u00f6rrar som \u00f6ppnades. Driften var &#8221;Quality of joy&#8221;.<\/p>\n<p>1 Quality of Joy<br \/>\n2 Deep Spirit in Time<br \/>\n3 You Know That Nobody Knows<br \/>\n4 Longevity<br \/>\n5 Borrowed Times<br \/>\n6 Where Are the Angels?<br \/>\n7 Doors of Kingdom<\/p>\n","protected":false},"excerpt":{"rendered":"<p>&#8221;Fr\u00e5gan om gl\u00e4djens kvalitet verkar f\u00f6r mig idag bli allt viktigare \u2013 den \u00e4r oskiljaktigt kopplad till hur humorn kan hitta sitt fulla uttryck i en v\u00e4rld som st\u00e4ndigt begr\u00e4nsar tillg\u00e5ngen till l\u00e4ttare st\u00e4mningar.&#8221; \/ Fabrizio Cassol Hemligheten bakom Aka Moons l\u00e5ngvarighet ligger i deras oavbrutna nyfikenhet p\u00e5 inneh\u00e5llet i melodi och rytm och i&#8230;<\/p>\n","protected":false},"featured_media":383,"template":"","meta":[],"product_brand":[51],"product_cat":[16],"product_tag":[172,18,19],"class_list":{"0":"post-382","1":"product","2":"type-product","3":"status-publish","4":"has-post-thumbnail","6":"product_brand-outthere-music","7":"product_cat-album","8":"product_tag-aka-moon","9":"product_tag-cd","10":"product_tag-jazz","12":"first","13":"instock","14":"shipping-taxable","15":"purchasable","16":"product-type-simple"},"_links":{"self":[{"href":"https:\/\/thomasaudio.se\/index.php?rest_route=\/wp\/v2\/product\/382","targetHints":{"allow":["GET"]}}],"collection":[{"href":"https:\/\/thomasaudio.se\/index.php?rest_route=\/wp\/v2\/product"}],"about":[{"href":"https:\/\/thomasaudio.se\/index.php?rest_route=\/wp\/v2\/types\/product"}],"wp:featuredmedia":[{"embeddable":true,"href":"https:\/\/thomasaudio.se\/index.php?rest_route=\/wp\/v2\/media\/383"}],"wp:attachment":[{"href":"https:\/\/thomasaudio.se\/index.php?rest_route=%2Fwp%2Fv2%2Fmedia&parent=382"}],"wp:term":[{"taxonomy":"product_brand","embeddable":true,"href":"https:\/\/thomasaudio.se\/index.php?rest_route=%2Fwp%2Fv2%2Fproduct_brand&post=382"},{"taxonomy":"product_cat","embeddable":true,"href":"https:\/\/thomasaudio.se\/index.php?rest_route=%2Fwp%2Fv2%2Fproduct_cat&post=382"},{"taxonomy":"product_tag","embeddable":true,"href":"https:\/\/thomasaudio.se\/index.php?rest_route=%2Fwp%2Fv2%2Fproduct_tag&post=382"}],"curies":[{"name":"wp","href":"https:\/\/api.w.org\/{rel}","templated":true}]}}