{"id":378,"date":"2026-02-19T22:33:55","date_gmt":"2026-02-19T22:33:55","guid":{"rendered":"https:\/\/thomasaudio.se\/?post_type=product&#038;p=378"},"modified":"2026-04-10T15:59:48","modified_gmt":"2026-04-10T15:59:48","slug":"ifi-silentpower-supanova-stromkabel","status":"publish","type":"product","link":"https:\/\/thomasaudio.se\/?product=ifi-silentpower-supanova-stromkabel","title":{"rendered":"ifi SilentPower Supanova str\u00f6mkabel"},"content":{"rendered":"<p>SupaNova \u00e4r en specialiserad <em>aktiv<\/em> str\u00f6mkabel med en avancerad konstruktion som inte finns bland de prisv\u00e4rda kablarna i genren. Den levererar en rej\u00e4l uppgradering j\u00e4mf\u00f6rt med vanliga n\u00e4tledningar . Ljud\u00e5tergivningen f\u00f6rb\u00e4ttras p\u00e5tagligt i j\u00e4mf\u00f6relse. St\u00f6rre klarhet, \u00f6ppenhet och definition.<\/p>\n<p>&#8211; Str\u00f6m avsk\u00e4rmning: Kabeldesignen inkluderar str\u00f6m sk\u00e4rmning och blir d\u00e4rf\u00f6r en kabel med konstant impedans, utm\u00e4rkt isolerad fr\u00e5n EMI\/RFI och matar ditt system med ren elektricitet som optimerar ljud- och \u00f6vrig prestanda.<br \/>\n&#8211; Aktiv brusreducering II: Aktivt eliminerar den brus genom hela frekvensomf\u00e5nget och den visar via dioder om inkopplingen\u00a0 mellan en elktronisk enhet och kontakthonan \u00e4r i r\u00e4tt eller fel fas, vilket \u00e4r f\u00f6rsta g\u00e5ngen i kraftkablarnas v\u00e4rld.<br \/>\n&#8211; Ground Zero: Med hj\u00e4lp av iFi Audios unika innovation &#8221;Ground Zero&#8221;-designteknik skapar kabeln en central k\u00e4rna som \u00e4r fri fr\u00e5n magnetf\u00e4lt.<\/p>\n<p>\u00d6versp\u00e5nningsskydd: max. 10,000 A mpere 775 Volt \/ 8\/20 uS<br \/>\n1,8 m<\/p>\n","protected":false},"excerpt":{"rendered":"<p>Brusreducering<br \/>\nLjudoptimering<br \/>\nFasavk\u00e4nnare visas via dioder<\/p>\n","protected":false},"featured_media":379,"template":"","meta":[],"product_brand":[59],"product_cat":[56],"product_tag":[77,67,68],"class_list":{"0":"post-378","1":"product","2":"type-product","3":"status-publish","4":"has-post-thumbnail","6":"product_brand-silentpower","7":"product_cat-hifi","8":"product_tag-kablar","9":"product_tag-ljudforbattring","10":"product_tag-stromkabel","12":"first","13":"instock","14":"shipping-taxable","15":"purchasable","16":"product-type-simple"},"_links":{"self":[{"href":"https:\/\/thomasaudio.se\/index.php?rest_route=\/wp\/v2\/product\/378","targetHints":{"allow":["GET"]}}],"collection":[{"href":"https:\/\/thomasaudio.se\/index.php?rest_route=\/wp\/v2\/product"}],"about":[{"href":"https:\/\/thomasaudio.se\/index.php?rest_route=\/wp\/v2\/types\/product"}],"wp:featuredmedia":[{"embeddable":true,"href":"https:\/\/thomasaudio.se\/index.php?rest_route=\/wp\/v2\/media\/379"}],"wp:attachment":[{"href":"https:\/\/thomasaudio.se\/index.php?rest_route=%2Fwp%2Fv2%2Fmedia&parent=378"}],"wp:term":[{"taxonomy":"product_brand","embeddable":true,"href":"https:\/\/thomasaudio.se\/index.php?rest_route=%2Fwp%2Fv2%2Fproduct_brand&post=378"},{"taxonomy":"product_cat","embeddable":true,"href":"https:\/\/thomasaudio.se\/index.php?rest_route=%2Fwp%2Fv2%2Fproduct_cat&post=378"},{"taxonomy":"product_tag","embeddable":true,"href":"https:\/\/thomasaudio.se\/index.php?rest_route=%2Fwp%2Fv2%2Fproduct_tag&post=378"}],"curies":[{"name":"wp","href":"https:\/\/api.w.org\/{rel}","templated":true}]}}