{"id":375,"date":"2026-02-19T22:01:30","date_gmt":"2026-02-19T22:01:30","guid":{"rendered":"https:\/\/thomasaudio.se\/?post_type=product&#038;p=375"},"modified":"2026-04-10T16:00:15","modified_gmt":"2026-04-10T16:00:15","slug":"ifi-silentpower-hdmi-silencer-brusrenare","status":"publish","type":"product","link":"https:\/\/thomasaudio.se\/?product=ifi-silentpower-hdmi-silencer-brusrenare","title":{"rendered":"ifi SilentPower HDMI Silencer brusrenare"},"content":{"rendered":"<p>HD, Sus ljudet.<br \/>\nHDMI iSilencer 2 \u00e4r en toppmodern signalkonditionering som eliminerar distorsion \u00f6ver hela din AV-kedja.<br \/>\nMed en kombination av Active Noise Cancellation- och Jitter Elimination-teknologier levereras en djupare svart, h\u00f6gre kontrast och en f\u00f6rb\u00e4ttrad ljudkvalitet.<br \/>\nKoppla helt enkelt in den mellan kabel och en AV-ing\u00e5ng f\u00f6r att frambringa systemets fulla prestanda \u2013 med integrerat \u00f6versp\u00e4nningsskydd f\u00f6r varaktig tillf\u00f6rlitlighet.<\/p>\n<p>Aktiv brusreducering: Patenterad teknik som minskar det uppm\u00e4tta bruset x100.<br \/>\nJitter-eliminering: Optimerar bilddetaljer och ljud\u00e5tergivningen.<br \/>\n\u00d6versp\u00e4nningsskydd: Skyddar ditt system mot sp\u00e4nningsspikar.<\/p>\n<p>30 x 20 x 9.3 mm<br \/>\n9,6 g<\/p>\n","protected":false},"excerpt":{"rendered":"<p>HD, Sus ljudet. HDMI iSilencer 2 \u00e4r en toppmodern signalkonditionering som eliminerar distorsion \u00f6ver hela din AV-kedja. Med en kombination av Active Noise Cancellation- och Jitter Elimination-teknologier levereras en djupare svart, h\u00f6gre kontrast och en f\u00f6rb\u00e4ttrad ljudkvalitet. Koppla helt enkelt in den mellan kabel och en AV-ing\u00e5ng f\u00f6r att frambringa systemets fulla prestanda \u2013 med&#8230;<\/p>\n","protected":false},"featured_media":376,"template":"","meta":[],"product_brand":[59],"product_cat":[56],"product_tag":[60,67],"class_list":{"0":"post-375","1":"product","2":"type-product","3":"status-publish","4":"has-post-thumbnail","6":"product_brand-silentpower","7":"product_cat-hifi","8":"product_tag-kringutrustning","9":"product_tag-ljudforbattring","11":"first","12":"instock","13":"shipping-taxable","14":"purchasable","15":"product-type-simple"},"_links":{"self":[{"href":"https:\/\/thomasaudio.se\/index.php?rest_route=\/wp\/v2\/product\/375","targetHints":{"allow":["GET"]}}],"collection":[{"href":"https:\/\/thomasaudio.se\/index.php?rest_route=\/wp\/v2\/product"}],"about":[{"href":"https:\/\/thomasaudio.se\/index.php?rest_route=\/wp\/v2\/types\/product"}],"wp:featuredmedia":[{"embeddable":true,"href":"https:\/\/thomasaudio.se\/index.php?rest_route=\/wp\/v2\/media\/376"}],"wp:attachment":[{"href":"https:\/\/thomasaudio.se\/index.php?rest_route=%2Fwp%2Fv2%2Fmedia&parent=375"}],"wp:term":[{"taxonomy":"product_brand","embeddable":true,"href":"https:\/\/thomasaudio.se\/index.php?rest_route=%2Fwp%2Fv2%2Fproduct_brand&post=375"},{"taxonomy":"product_cat","embeddable":true,"href":"https:\/\/thomasaudio.se\/index.php?rest_route=%2Fwp%2Fv2%2Fproduct_cat&post=375"},{"taxonomy":"product_tag","embeddable":true,"href":"https:\/\/thomasaudio.se\/index.php?rest_route=%2Fwp%2Fv2%2Fproduct_tag&post=375"}],"curies":[{"name":"wp","href":"https:\/\/api.w.org\/{rel}","templated":true}]}}