{"id":369,"date":"2026-02-19T21:34:59","date_gmt":"2026-02-19T21:34:59","guid":{"rendered":"https:\/\/thomasaudio.se\/?post_type=product&#038;p=369"},"modified":"2026-04-10T16:00:38","modified_gmt":"2026-04-10T16:00:38","slug":"ifi-silentpower-lan-isilencer-brusrenare","status":"publish","type":"product","link":"https:\/\/thomasaudio.se\/?product=ifi-silentpower-lan-isilencer-brusrenare","title":{"rendered":"ifi SilentPower LAN iSilencer+ brusrenare"},"content":{"rendered":"<p>Eliminera st\u00f6rningar och f\u00f6rb\u00e4ttra n\u00e4tverksstabiliteten med LAN iSilencer+.<br \/>\nDen h\u00e4r enheten\u00a0 \u00e4r designad f\u00f6r EMI-brusreducering. Den optimerar n\u00e4tverkshastigheten och s\u00e4kerst\u00e4ller p\u00e5litlig data\u00f6verf\u00f6ring genom att blockera o\u00f6nskade signaler. Idealisk f\u00f6r hem- och kontorsn\u00e4tverk. Den f\u00f6rb\u00e4ttrar anslutningen och f\u00f6rhindrar st\u00f6rningar, vilket ger smidigare och stabilare internetuppkopplingar. Med enkel installation \u00e4r det ett kraftfullt tillskott till vilken Ethernet-installation som helst.<\/p>\n<p>LAN iSilencer+ anv\u00e4nder premium galvanisk isolering f\u00f6r att bryta denna brusiga effekt<br \/>\nV\u00e4g: In- och utg\u00e5ngen \u00e4r fysiskt separerade s\u00e5 att din data fl\u00f6dar fritt<br \/>\nvid fulla gigabithastigheter, medan skillnader i markpotential och o\u00f6nskade<br \/>\nV\u00e4xelstr\u00f6msburna str\u00f6mmar blockeras.<\/p>\n<p>000\/100\/10 Mbps<br \/>\n73.5 x 19 x 16 mm<br \/>\n17 g<\/p>\n","protected":false},"excerpt":{"rendered":"<p>N\u00e4tverks-LAN-filter<\/p>\n<p>Koppla ihop den:<br \/>\ntill din router,<br \/>\ntill str\u00f6mbrytare,<br \/>\ndirekt till ditt Ethernet-v\u00e4gguttag.<\/p>\n","protected":false},"featured_media":372,"template":"","meta":[],"product_brand":[59],"product_cat":[56],"product_tag":[60,66,67],"class_list":{"0":"post-369","1":"product","2":"type-product","3":"status-publish","4":"has-post-thumbnail","6":"product_brand-silentpower","7":"product_cat-hifi","8":"product_tag-kringutrustning","9":"product_tag-lan","10":"product_tag-ljudforbattring","12":"first","13":"instock","14":"shipping-taxable","15":"purchasable","16":"product-type-simple"},"_links":{"self":[{"href":"https:\/\/thomasaudio.se\/index.php?rest_route=\/wp\/v2\/product\/369","targetHints":{"allow":["GET"]}}],"collection":[{"href":"https:\/\/thomasaudio.se\/index.php?rest_route=\/wp\/v2\/product"}],"about":[{"href":"https:\/\/thomasaudio.se\/index.php?rest_route=\/wp\/v2\/types\/product"}],"wp:featuredmedia":[{"embeddable":true,"href":"https:\/\/thomasaudio.se\/index.php?rest_route=\/wp\/v2\/media\/372"}],"wp:attachment":[{"href":"https:\/\/thomasaudio.se\/index.php?rest_route=%2Fwp%2Fv2%2Fmedia&parent=369"}],"wp:term":[{"taxonomy":"product_brand","embeddable":true,"href":"https:\/\/thomasaudio.se\/index.php?rest_route=%2Fwp%2Fv2%2Fproduct_brand&post=369"},{"taxonomy":"product_cat","embeddable":true,"href":"https:\/\/thomasaudio.se\/index.php?rest_route=%2Fwp%2Fv2%2Fproduct_cat&post=369"},{"taxonomy":"product_tag","embeddable":true,"href":"https:\/\/thomasaudio.se\/index.php?rest_route=%2Fwp%2Fv2%2Fproduct_tag&post=369"}],"curies":[{"name":"wp","href":"https:\/\/api.w.org\/{rel}","templated":true}]}}