{"id":368,"date":"2026-02-19T21:20:02","date_gmt":"2026-02-19T21:20:02","guid":{"rendered":"https:\/\/thomasaudio.se\/?post_type=product&#038;p=368"},"modified":"2026-04-10T16:01:03","modified_gmt":"2026-04-10T16:01:03","slug":"ifi-silentpower-lan-ipurifier-pro-brusrenare","status":"publish","type":"product","link":"https:\/\/thomasaudio.se\/?product=ifi-silentpower-lan-ipurifier-pro-brusrenare","title":{"rendered":"ifi SilentPower LAN iPurifier PRO brusrenare"},"content":{"rendered":"<p>Optisk isolering ger \u00e4nnu st\u00f6rre tystnad och d\u00e4rmed h\u00f6gre dynamik. \u00c5tergivningen blir verkligare.<\/p>\n<p>LAN iPurifier PRO \u00e4r en avancerad l\u00f6sning f\u00f6r att minska Ethernet-brus och optimerar dataklarhet. Med patenterad brusreducerande teknik blockerar den elektromagnetiska st\u00f6rningar f\u00f6r att s\u00e4kerst\u00e4lla en ren och stabil signal, vilket ocks\u00e5 \u00f6kar n\u00e4tverkets hastighet och tillf\u00f6rlitlighet. Idealisk f\u00f6r h\u00f6gintensiva installationer \u00e4r LAN iPurifier PRO kompatibel med alla Ethernet-baserade enheter, vilket g\u00f6r den perfekt f\u00f6r att f\u00f6rb\u00e4ttra b\u00e5de hem- och kontorsn\u00e4tverk. Upplev snabbare data\u00f6verf\u00f6ring och en effektivare n\u00e4tverksanslutning med det ultimata Ethernet-brusfiltret.<\/p>\n<p>LAN iPurifier PRO l\u00e5ter dig uppleva dina musikstreamers, 4K-mediaboxar och mediastr\u00f6mningsdatorer exakt som de \u00e4r designade f\u00f6r att fungera, utan st\u00f6rningar.<\/p>\n<p>&#8211; Optisk galvanisk isolering: Den optiska galvaniska isoleringsteknologin som anv\u00e4nds av LAN iPurifier Pro omvandlar inkommande LAN-signaler till optiska signaler &#8211; allts\u00e5 ljussignaler &#8211; och tillbaka igen.<br \/>\n&#8211; Jitter-eliminering: In- och utg\u00e5ngen \u00e4r helt isolerade elektriskt f\u00f6r att f\u00f6rhindra att brus fr\u00e5n LAN-systemet kommer in i str\u00f6mmen eller DAC:en.<br \/>\n&#8211; Signalregenerering: Efter att ha isolerat signalen ny-skapar LAN iPurifier Pro signalen via en aktiv krets, vilket ytterligare minskar den totala jittern och f\u00f6rb\u00e4ttrar systemtimingen.<br \/>\n&#8211; Audiofiler str\u00e4var alltid efter perfektion i sina ljudsystem. LAN iPurifier Pro drivs av USB-C. Det g\u00f6r att du kan uppgradera enheten med iPower2 eller iPowerX f\u00f6r att f\u00f6rb\u00e4ttra prestandan. iFi iPower2 \u00e4r en tyst, ren audiofilklassad str\u00f6mf\u00f6rs\u00f6rjning med Active Noise Cancellation II-teknik f\u00f6r att eliminera inkommande EMI- och RFI-brus.<\/p>\n<p>IEEE 802.3x<br \/>\n99 x 92.8 x 24.2 mm<br \/>\n241 g<\/p>\n","protected":false},"excerpt":{"rendered":"<p>Brusfilter<br \/>\n<a href=\"https:\/\/cdn.shopify.com\/s\/files\/1\/0730\/6982\/2216\/files\/LAN-iPurifier-Pro-User-Manual-Ver1.04.pdf?v=1742403483\">Manual<\/a><\/p>\n","protected":false},"featured_media":437,"template":"","meta":[],"product_brand":[59],"product_cat":[56],"product_tag":[60,66,67],"class_list":{"0":"post-368","1":"product","2":"type-product","3":"status-publish","4":"has-post-thumbnail","6":"product_brand-silentpower","7":"product_cat-hifi","8":"product_tag-kringutrustning","9":"product_tag-lan","10":"product_tag-ljudforbattring","12":"first","13":"instock","14":"shipping-taxable","15":"purchasable","16":"product-type-simple"},"_links":{"self":[{"href":"https:\/\/thomasaudio.se\/index.php?rest_route=\/wp\/v2\/product\/368","targetHints":{"allow":["GET"]}}],"collection":[{"href":"https:\/\/thomasaudio.se\/index.php?rest_route=\/wp\/v2\/product"}],"about":[{"href":"https:\/\/thomasaudio.se\/index.php?rest_route=\/wp\/v2\/types\/product"}],"wp:featuredmedia":[{"embeddable":true,"href":"https:\/\/thomasaudio.se\/index.php?rest_route=\/wp\/v2\/media\/437"}],"wp:attachment":[{"href":"https:\/\/thomasaudio.se\/index.php?rest_route=%2Fwp%2Fv2%2Fmedia&parent=368"}],"wp:term":[{"taxonomy":"product_brand","embeddable":true,"href":"https:\/\/thomasaudio.se\/index.php?rest_route=%2Fwp%2Fv2%2Fproduct_brand&post=368"},{"taxonomy":"product_cat","embeddable":true,"href":"https:\/\/thomasaudio.se\/index.php?rest_route=%2Fwp%2Fv2%2Fproduct_cat&post=368"},{"taxonomy":"product_tag","embeddable":true,"href":"https:\/\/thomasaudio.se\/index.php?rest_route=%2Fwp%2Fv2%2Fproduct_tag&post=368"}],"curies":[{"name":"wp","href":"https:\/\/api.w.org\/{rel}","templated":true}]}}