{"id":361,"date":"2026-02-19T20:45:12","date_gmt":"2026-02-19T20:45:12","guid":{"rendered":"https:\/\/thomasaudio.se\/?post_type=product&#038;p=361"},"modified":"2026-04-10T16:01:39","modified_gmt":"2026-04-10T16:01:39","slug":"ifi-silentpower-ipower-elite-stromadapter","status":"publish","type":"product","link":"https:\/\/thomasaudio.se\/?product=ifi-silentpower-ipower-elite-stromadapter","title":{"rendered":"ifi SilentPower iPower Elite str\u00f6madapter"},"content":{"rendered":"<p>iPower Elite designades f\u00f6r att leverera den mjuka och tysta effekten. Den ger din streamer\/DAC\/f\u00f6rst\u00e4rkare all den tysta, rena str\u00f6mmen fr\u00e5n ett batteri utan kr\u00e5ngel.<\/p>\n<div class=\"variant-input\" data-index=\"option1\" data-value=\"5V\/5A\"><label class=\"variant__button-label\" tabindex=\"0\" for=\"ProductSelect-template--22877434183944__featured_product_NGT7ky-8471698145544-option-size-5V%2F5A\">5V\/5A<\/label><\/div>\n<div class=\"variant-input\" data-index=\"option1\" data-value=\"12V\/4A\"><label class=\"variant__button-label\" tabindex=\"0\" for=\"ProductSelect-template--22877434183944__featured_product_NGT7ky-8471698145544-option-size-12V%2F4A\">12V\/4A<\/label><\/div>\n<div class=\"variant-input\" data-index=\"option1\" data-value=\"15V\/3.5A\"><label class=\"variant__button-label\" tabindex=\"0\" for=\"ProductSelect-template--22877434183944__featured_product_NGT7ky-8471698145544-option-size-15V%2F3.5A\">15V\/3.5A<\/label><\/div>\n<div class=\"variant-input\" data-index=\"option1\" data-value=\"24V\/2.5A\"><label class=\"variant__button-label\" tabindex=\"0\" for=\"ProductSelect-template--22877434183944__featured_product_NGT7ky-8471698145544-option-size-24V%2F2.5A\">24V\/2.5A<\/label><\/div>\n<p>148 x 55 x 50 mm<br \/>\n550 g<\/p>\n","protected":false},"excerpt":{"rendered":"<p>Brusrenare<\/p>\n","protected":false},"featured_media":362,"template":"","meta":[],"product_brand":[59],"product_cat":[56],"product_tag":[58,60,67,78],"class_list":{"0":"post-361","1":"product","2":"type-product","3":"status-publish","4":"has-post-thumbnail","6":"product_brand-silentpower","7":"product_cat-hifi","8":"product_tag-adaptet","9":"product_tag-kringutrustning","10":"product_tag-ljudforbattring","11":"product_tag-stromadapter","13":"first","14":"instock","15":"shipping-taxable","16":"purchasable","17":"product-type-variable"},"_links":{"self":[{"href":"https:\/\/thomasaudio.se\/index.php?rest_route=\/wp\/v2\/product\/361","targetHints":{"allow":["GET"]}}],"collection":[{"href":"https:\/\/thomasaudio.se\/index.php?rest_route=\/wp\/v2\/product"}],"about":[{"href":"https:\/\/thomasaudio.se\/index.php?rest_route=\/wp\/v2\/types\/product"}],"wp:featuredmedia":[{"embeddable":true,"href":"https:\/\/thomasaudio.se\/index.php?rest_route=\/wp\/v2\/media\/362"}],"wp:attachment":[{"href":"https:\/\/thomasaudio.se\/index.php?rest_route=%2Fwp%2Fv2%2Fmedia&parent=361"}],"wp:term":[{"taxonomy":"product_brand","embeddable":true,"href":"https:\/\/thomasaudio.se\/index.php?rest_route=%2Fwp%2Fv2%2Fproduct_brand&post=361"},{"taxonomy":"product_cat","embeddable":true,"href":"https:\/\/thomasaudio.se\/index.php?rest_route=%2Fwp%2Fv2%2Fproduct_cat&post=361"},{"taxonomy":"product_tag","embeddable":true,"href":"https:\/\/thomasaudio.se\/index.php?rest_route=%2Fwp%2Fv2%2Fproduct_tag&post=361"}],"curies":[{"name":"wp","href":"https:\/\/api.w.org\/{rel}","templated":true}]}}