{"id":353,"date":"2026-02-19T19:22:00","date_gmt":"2026-02-19T19:22:00","guid":{"rendered":"https:\/\/thomasaudio.se\/?post_type=product&#038;p=353"},"modified":"2026-04-10T16:02:03","modified_gmt":"2026-04-10T16:02:03","slug":"ifi-silentpower-ipowerx-stromadapter","status":"publish","type":"product","link":"https:\/\/thomasaudio.se\/?product=ifi-silentpower-ipowerx-stromadapter","title":{"rendered":"ifi SilentPower iPowerX str\u00f6madapter"},"content":{"rendered":"<p>iPower X \u00e4r en ultral\u00e5g brusstr\u00f6mf\u00f6rs\u00f6rjning som \u00e4r konstruerad f\u00f6r h\u00f6gpresterande ljud och digitala enheter.<br \/>\nGenom att eliminera o\u00f6nskat elektriskt brus f\u00f6rb\u00e4ttrar iPower X din utrustnings utg\u00e5ng och ger klart, st\u00f6rningsfritt ljud. Designad f\u00f6r m\u00e5ngsidighet \u00e4r denna str\u00f6mf\u00f6rs\u00f6rjning kompatibel med en rad enheter som omvandlare, streamers, phonof\u00f6rst\u00e4rkare. Med avancerad brusreducerande teknik levererar iPower X en stabil str\u00f6mf\u00f6rs\u00f6rjning och en berikad ljudupplevelse, vilket g\u00f6r den oumb\u00e4rlig f\u00f6r audiofiler som kr\u00e4ver det b\u00e4sta. Byt ut de medf\u00f6ljande adaptern till din nya ljudenhet till iPowerX. Du f\u00e5r en ljud\u00e5tergivning med p\u00e5tagligt h\u00f6gre kvalitet.<\/p>\n<p>Allternativ:<br \/>\n5V\/3.0A<br \/>\n9V\/2.5A<br \/>\n12V\/2.0A<br \/>\n15V\/1.5A<\/p>\n","protected":false},"excerpt":{"rendered":"<p>Brusrenare<br \/>\nOptimerar sp\u00e4nningen<\/p>\n","protected":false},"featured_media":354,"template":"","meta":[],"product_brand":[59],"product_cat":[56],"product_tag":[58,60,67,78],"class_list":{"0":"post-353","1":"product","2":"type-product","3":"status-publish","4":"has-post-thumbnail","6":"product_brand-silentpower","7":"product_cat-hifi","8":"product_tag-adaptet","9":"product_tag-kringutrustning","10":"product_tag-ljudforbattring","11":"product_tag-stromadapter","13":"first","14":"instock","15":"shipping-taxable","16":"purchasable","17":"product-type-variable"},"_links":{"self":[{"href":"https:\/\/thomasaudio.se\/index.php?rest_route=\/wp\/v2\/product\/353","targetHints":{"allow":["GET"]}}],"collection":[{"href":"https:\/\/thomasaudio.se\/index.php?rest_route=\/wp\/v2\/product"}],"about":[{"href":"https:\/\/thomasaudio.se\/index.php?rest_route=\/wp\/v2\/types\/product"}],"wp:featuredmedia":[{"embeddable":true,"href":"https:\/\/thomasaudio.se\/index.php?rest_route=\/wp\/v2\/media\/354"}],"wp:attachment":[{"href":"https:\/\/thomasaudio.se\/index.php?rest_route=%2Fwp%2Fv2%2Fmedia&parent=353"}],"wp:term":[{"taxonomy":"product_brand","embeddable":true,"href":"https:\/\/thomasaudio.se\/index.php?rest_route=%2Fwp%2Fv2%2Fproduct_brand&post=353"},{"taxonomy":"product_cat","embeddable":true,"href":"https:\/\/thomasaudio.se\/index.php?rest_route=%2Fwp%2Fv2%2Fproduct_cat&post=353"},{"taxonomy":"product_tag","embeddable":true,"href":"https:\/\/thomasaudio.se\/index.php?rest_route=%2Fwp%2Fv2%2Fproduct_tag&post=353"}],"curies":[{"name":"wp","href":"https:\/\/api.w.org\/{rel}","templated":true}]}}