{"id":343,"date":"2026-02-19T18:32:05","date_gmt":"2026-02-19T18:32:05","guid":{"rendered":"https:\/\/thomasaudio.se\/?post_type=product&#038;p=343"},"modified":"2026-04-10T16:02:30","modified_gmt":"2026-04-10T16:02:30","slug":"ifi-silentpower-ipower2","status":"publish","type":"product","link":"https:\/\/thomasaudio.se\/?product=ifi-silentpower-ipower2","title":{"rendered":"ifi SilentPower iPower2 str\u00f6madapter"},"content":{"rendered":"<p>Nya iPower2 har f\u00f6rb\u00e4ttrade komponenter och tjockare kabeldrag f\u00f6r att ge b\u00e4ttre brusreducering av utg\u00e5ng\/ing\u00e5ng. Elektroniken Active Noise Cancellation II f\u00f6r tar bort inkommande EMI- och RFI-brus. Resultatet blir en mer \u00f6ppen och klar ljud\u00e5tergivning med h\u00f6gre dynamik. Aldrig mer maktl\u00f6s mot brus och kornighet. Den \u00e4r mer \u00e4n tio g\u00e5nger tystare \u00e4n de flesta audiofila n\u00e4taggregat.<\/p>\n<p>Koppla in iPower 2 och f\u00e5 stabil och effektiv str\u00f6m f\u00f6r optimal prestanda. Vanligt \u00e4r att ordin\u00e4ra str\u00f6madaptrar har just den svagheten att inte kunna bibeh\u00e4lla optimal str\u00f6mniv\u00e5.<\/p>\n<p>5V\/2.5A<br \/>\n9V\/2.0A<br \/>\n12V\/1.8A<br \/>\n15V\/1.2A<\/p>\n<p>82 x 43 x 43 mm<br \/>\n156 g.<\/p>\n","protected":false},"excerpt":{"rendered":"<p>Nya iPower2 har f\u00f6rb\u00e4ttrade komponenter och tjockare kabeldrag f\u00f6r att ge b\u00e4ttre brusreducering av utg\u00e5ng\/ing\u00e5ng. Elektroniken Active Noise Cancellation II f\u00f6r tar bort inkommande EMI- och RFI-brus. Resultatet blir en mer \u00f6ppen och klar ljud\u00e5tergivning med h\u00f6gre dynamik. Aldrig mer maktl\u00f6s mot brus och kornighet. Den \u00e4r mer \u00e4n tio g\u00e5nger tystare \u00e4n de flesta&#8230;<\/p>\n","protected":false},"featured_media":344,"template":"","meta":[],"product_brand":[59],"product_cat":[56],"product_tag":[58,60,67,78],"class_list":{"0":"post-343","1":"product","2":"type-product","3":"status-publish","4":"has-post-thumbnail","6":"product_brand-silentpower","7":"product_cat-hifi","8":"product_tag-adaptet","9":"product_tag-kringutrustning","10":"product_tag-ljudforbattring","11":"product_tag-stromadapter","13":"first","14":"instock","15":"shipping-taxable","16":"purchasable","17":"product-type-variable"},"_links":{"self":[{"href":"https:\/\/thomasaudio.se\/index.php?rest_route=\/wp\/v2\/product\/343","targetHints":{"allow":["GET"]}}],"collection":[{"href":"https:\/\/thomasaudio.se\/index.php?rest_route=\/wp\/v2\/product"}],"about":[{"href":"https:\/\/thomasaudio.se\/index.php?rest_route=\/wp\/v2\/types\/product"}],"wp:featuredmedia":[{"embeddable":true,"href":"https:\/\/thomasaudio.se\/index.php?rest_route=\/wp\/v2\/media\/344"}],"wp:attachment":[{"href":"https:\/\/thomasaudio.se\/index.php?rest_route=%2Fwp%2Fv2%2Fmedia&parent=343"}],"wp:term":[{"taxonomy":"product_brand","embeddable":true,"href":"https:\/\/thomasaudio.se\/index.php?rest_route=%2Fwp%2Fv2%2Fproduct_brand&post=343"},{"taxonomy":"product_cat","embeddable":true,"href":"https:\/\/thomasaudio.se\/index.php?rest_route=%2Fwp%2Fv2%2Fproduct_cat&post=343"},{"taxonomy":"product_tag","embeddable":true,"href":"https:\/\/thomasaudio.se\/index.php?rest_route=%2Fwp%2Fv2%2Fproduct_tag&post=343"}],"curies":[{"name":"wp","href":"https:\/\/api.w.org\/{rel}","templated":true}]}}