{"id":335,"date":"2026-02-19T15:09:03","date_gmt":"2026-02-19T15:09:03","guid":{"rendered":"https:\/\/thomasaudio.se\/?post_type=product&#038;p=335"},"modified":"2026-03-07T08:44:52","modified_gmt":"2026-03-07T08:44:52","slug":"hoor-barock-vivaldi-in-the-north","status":"publish","type":"product","link":"https:\/\/thomasaudio.se\/?product=hoor-barock-vivaldi-in-the-north","title":{"rendered":"H\u00f6\u00f6r Barock &#8211; Vivaldi In The North"},"content":{"rendered":"<p>Den prisbel\u00f6nta ensemblen H\u00f6\u00f6r Barock sl\u00e4pper ett album med musik av Antonio Vivaldi.<br \/>\nSk\u00e5nes stolthet, H\u00f6\u00f6r Barock \u00e4r den lilla barockorkestern som gjort sig ett namn med sina passionerade tolkningar av barockmusik. Gruppen har hyllats f\u00f6r sin virtuositet, k\u00e4nslighet, stilistiska briljans och lekfulla s\u00e4tt att framtr\u00e4da, vilket \u00e4ven smittar av p\u00e5 denna inspelning. H\u00f6\u00f6r Barock har fyra kritikerrosade inspelningar bakom sig och har f\u00e5tt en svensk Grammy tillsammans med Dan Laurin.<\/p>\n<p>I den nya produktionen &#8221;Vivaldi i norr&#8221; blomstrar H\u00f6\u00f6r Barocks temperament och musikalitet i Antonio Vivaldis vackra och livfulla musik. Albumet inneh\u00e5ller solokonserter och ensembleverk med varierande st\u00e4mningar och karakt\u00e4rer. Solister som utvaldes \u00e4r blockfl\u00f6jtspelaren Emelie Roos, barockviolinisten Hannah Tibell och lutspelaren Dohyo Sol.<\/p>\n<p>1 l Farnace, RV 711-D, Sinfonia<br \/>\n2 Flute Concerto in D Minor,RV 431a, Il Gran Mogol<br \/>\n3 Violin Concerto in D Major,Op.3 No.9, RV 230, L\u2019Estro Armonico<br \/>\n4 Mandolin Concerto in C Major,RV 425<br \/>\n5 Recorder Concerto in C Minor, RV 441<br \/>\n6 Concerto for Strings in G Minor,RV 156<br \/>\n7 Violin Concerto in G Major, Op.4 No.3,RV 301, La Stravaganza<br \/>\n8 Sinfonia for Strings in B Minor,RV 168<\/p>\n","protected":false},"excerpt":{"rendered":"<p>Den prisbel\u00f6nta ensemblen H\u00f6\u00f6r Barock sl\u00e4pper ett album med musik av Antonio Vivaldi. Sk\u00e5nes stolthet, H\u00f6\u00f6r Barock \u00e4r den lilla barockorkestern som gjort sig ett namn med sina passionerade tolkningar av barockmusik. Gruppen har hyllats f\u00f6r sin virtuositet, k\u00e4nslighet, stilistiska briljans och lekfulla s\u00e4tt att framtr\u00e4da, vilket \u00e4ven smittar av p\u00e5 denna inspelning. H\u00f6\u00f6r Barock&#8230;<\/p>\n","protected":false},"featured_media":336,"template":"","meta":[],"product_brand":[54],"product_cat":[16],"product_tag":[18,182,36],"class_list":{"0":"post-335","1":"product","2":"type-product","3":"status-publish","4":"has-post-thumbnail","6":"product_brand-proprius","7":"product_cat-album","8":"product_tag-cd","9":"product_tag-hoor-barock","10":"product_tag-klassiskt","12":"first","13":"instock","14":"shipping-taxable","15":"purchasable","16":"product-type-simple"},"_links":{"self":[{"href":"https:\/\/thomasaudio.se\/index.php?rest_route=\/wp\/v2\/product\/335","targetHints":{"allow":["GET"]}}],"collection":[{"href":"https:\/\/thomasaudio.se\/index.php?rest_route=\/wp\/v2\/product"}],"about":[{"href":"https:\/\/thomasaudio.se\/index.php?rest_route=\/wp\/v2\/types\/product"}],"wp:featuredmedia":[{"embeddable":true,"href":"https:\/\/thomasaudio.se\/index.php?rest_route=\/wp\/v2\/media\/336"}],"wp:attachment":[{"href":"https:\/\/thomasaudio.se\/index.php?rest_route=%2Fwp%2Fv2%2Fmedia&parent=335"}],"wp:term":[{"taxonomy":"product_brand","embeddable":true,"href":"https:\/\/thomasaudio.se\/index.php?rest_route=%2Fwp%2Fv2%2Fproduct_brand&post=335"},{"taxonomy":"product_cat","embeddable":true,"href":"https:\/\/thomasaudio.se\/index.php?rest_route=%2Fwp%2Fv2%2Fproduct_cat&post=335"},{"taxonomy":"product_tag","embeddable":true,"href":"https:\/\/thomasaudio.se\/index.php?rest_route=%2Fwp%2Fv2%2Fproduct_tag&post=335"}],"curies":[{"name":"wp","href":"https:\/\/api.w.org\/{rel}","templated":true}]}}