{"id":328,"date":"2026-02-19T14:40:46","date_gmt":"2026-02-19T14:40:46","guid":{"rendered":"https:\/\/thomasaudio.se\/?post_type=product&#038;p=328"},"modified":"2026-03-07T08:45:41","modified_gmt":"2026-03-07T08:45:41","slug":"sigurd-imsen-baroque-ensemble-the-trondheim-concertos","status":"publish","type":"product","link":"https:\/\/thomasaudio.se\/?product=sigurd-imsen-baroque-ensemble-the-trondheim-concertos","title":{"rendered":"Sigurd Imsen &#038; Baroque Ensemble- The Trondheim Concertos"},"content":{"rendered":"<p>Medlemmar ur the Trondheim Symphony Orchestra.<\/p>\n<p>Under 1700-talet upplevde Trondheim stark ekonomisk tillv\u00e4xt. Det nordiska kriget var \u00f6ver och k\u00f6pm\u00e4n i Trondheim b\u00f6rjade exportera timmer och koppar fr\u00e5n gruvorna i orten Tr\u00f8ndelag. De uppr\u00e4tth\u00f6ll kontakten med sina n\u00e4tverk i Nordeuropas st\u00f6rsta st\u00e4der varf\u00f6r Trondheims lyx och extravagans pr\u00e4glade dess sociala milj\u00f6. D\u00e4rmed fann det senaste modet, den nya litteraturen och musiken fr\u00e5n kontinenten sin v\u00e4g till Trondheim.<\/p>\n<p>Denna inspelning skildrar ett urval av den samtida musik som bevaras i Trondheim. Notmanuskripterna finns bevarade i Gunnerus-bibliotekets specialsamlingar och tillh\u00f6rde troligen stadens k\u00e4nde musiker och m\u00e5ngsysslare Johan Daniel Berlin (1714\u201387) och hans musikkrets.<\/p>\n<p>Joseph Meck (1690\u20141758)<br \/>\nViolin Concerto in G Major, Op. 1 No. 9, XM 141 <\/p>\n<p>Anonymous, \u2018Sigr. Opfermand\u2019<br \/>\nViolin Concerto in C minor, XM 49 <\/p>\n<p>Johan Henrich Berlin (1741\u20141807)<br \/>\nSonata a Cembalo, Violino \u00e8 Violoncello, XM 3 <\/p>\n<p>Antonio Vivaldi (1678\u20141741)<br \/>\nViolin Concerto in A major, RV 335 \u2018The Cuckoo\u2019, XM 140 <\/p>\n<p>Disc 1<br \/>\nHybrid SACD<br \/>\nMCH 5.1 DSD<br \/>\nStereo DSD<br \/>\nRedBook PCM: CD, MQA<\/p>\n<p>Disc 2<br \/>\nPure Audio Blu-ray<br \/>\n2.0 LPCM 192\/24<br \/>\n5.1 DTS HD-MA 192\/24<br \/>\n7.1.4 Auro-3D 96 kHz<br \/>\n7.1.4 Dolby Atmos 48 kHz<br \/>\nmShuttle: MQA + FLAC + MP3<\/p>\n","protected":false},"excerpt":{"rendered":"<p>Medlemmar ur the Trondheim Symphony Orchestra. Under 1700-talet upplevde Trondheim stark ekonomisk tillv\u00e4xt. Det nordiska kriget var \u00f6ver och k\u00f6pm\u00e4n i Trondheim b\u00f6rjade exportera timmer och koppar fr\u00e5n gruvorna i orten Tr\u00f8ndelag. De uppr\u00e4tth\u00f6ll kontakten med sina n\u00e4tverk i Nordeuropas st\u00f6rsta st\u00e4der varf\u00f6r Trondheims lyx och extravagans pr\u00e4glade dess sociala milj\u00f6. D\u00e4rmed fann det senaste&#8230;<\/p>\n","protected":false},"featured_media":329,"template":"","meta":[],"product_brand":[41],"product_cat":[16],"product_tag":[184,44,36,185],"class_list":{"0":"post-328","1":"product","2":"type-product","3":"status-publish","4":"has-post-thumbnail","6":"product_brand-2l","7":"product_cat-album","8":"product_tag-baroque-ensemble","9":"product_tag-bluray-audio","10":"product_tag-klassiskt","11":"product_tag-sigurd-imsen","13":"first","14":"instock","15":"shipping-taxable","16":"purchasable","17":"product-type-simple"},"_links":{"self":[{"href":"https:\/\/thomasaudio.se\/index.php?rest_route=\/wp\/v2\/product\/328","targetHints":{"allow":["GET"]}}],"collection":[{"href":"https:\/\/thomasaudio.se\/index.php?rest_route=\/wp\/v2\/product"}],"about":[{"href":"https:\/\/thomasaudio.se\/index.php?rest_route=\/wp\/v2\/types\/product"}],"wp:featuredmedia":[{"embeddable":true,"href":"https:\/\/thomasaudio.se\/index.php?rest_route=\/wp\/v2\/media\/329"}],"wp:attachment":[{"href":"https:\/\/thomasaudio.se\/index.php?rest_route=%2Fwp%2Fv2%2Fmedia&parent=328"}],"wp:term":[{"taxonomy":"product_brand","embeddable":true,"href":"https:\/\/thomasaudio.se\/index.php?rest_route=%2Fwp%2Fv2%2Fproduct_brand&post=328"},{"taxonomy":"product_cat","embeddable":true,"href":"https:\/\/thomasaudio.se\/index.php?rest_route=%2Fwp%2Fv2%2Fproduct_cat&post=328"},{"taxonomy":"product_tag","embeddable":true,"href":"https:\/\/thomasaudio.se\/index.php?rest_route=%2Fwp%2Fv2%2Fproduct_tag&post=328"}],"curies":[{"name":"wp","href":"https:\/\/api.w.org\/{rel}","templated":true}]}}