{"id":325,"date":"2026-02-19T14:24:49","date_gmt":"2026-02-19T14:24:49","guid":{"rendered":"https:\/\/thomasaudio.se\/?post_type=product&#038;p=325"},"modified":"2026-03-04T14:13:44","modified_gmt":"2026-03-04T14:13:44","slug":"boulder-bach-festival","status":"publish","type":"product","link":"https:\/\/thomasaudio.se\/?product=boulder-bach-festival","title":{"rendered":"Boulder Bach Festival"},"content":{"rendered":"<p>Detta album \u00e4r kulmen p\u00e5 ett oerh\u00f6rt fruktbart konstn\u00e4rligt samarbete som \u00e4gde rum p\u00e5 Boulder Bach Festival 2022 i Boulder, Colorado. Inspelningarna gjordes omedelbart efter att de offentliga konserterna avslutats. De dokumenterar fyra av de m\u00e5nga minnesv\u00e4rda musikaliska tolkningarna p\u00e5 festivalen. \u00c4ven om musiker samlades i Boulder fr\u00e5n hela v\u00e4rlden hade festivalen ocks\u00e5 flera anm\u00e4rkningsv\u00e4rda lokala artister. Hela projektet \u00e4gde rum mot bakgrund av n\u00e5gra av v\u00e4rldens mest majest\u00e4tiska naturscener.<\/p>\n<p>1-3. Concerto in D Minor for two violins, strings, and basso continuo, BWV 1043<br \/>\nJohann Sebastian Bach (1685\u20131750)<br \/>\nI. Vivace II. Largo ma non tanto III. Allegro <\/p>\n<p>4. Lamento: Ach, dass ich Wassers gnug ha\u0308tte<br \/>\nJohann Christoph Bach (1642\u20131703) <\/p>\n<p>5-7. Concerto in D Minor for harpsichord and strings, BWV 1052<br \/>\nJohann Sebastian Bach<br \/>\nI. Allegro II. Adagio III. Allegro <\/p>\n<p>8. Motet: Es ist nun aus mit meinem Leben<br \/>\nJohann Christoph Bach<\/p>\n","protected":false},"excerpt":{"rendered":"<p>Detta album \u00e4r kulmen p\u00e5 ett oerh\u00f6rt fruktbart konstn\u00e4rligt samarbete som \u00e4gde rum p\u00e5 Boulder Bach Festival 2022 i Boulder, Colorado. Inspelningarna gjordes omedelbart efter att de offentliga konserterna avslutats. De dokumenterar fyra av de m\u00e5nga minnesv\u00e4rda musikaliska tolkningarna p\u00e5 festivalen. \u00c4ven om musiker samlades i Boulder fr\u00e5n hela v\u00e4rlden hade festivalen ocks\u00e5 flera anm\u00e4rkningsv\u00e4rda&#8230;<\/p>\n","protected":false},"featured_media":326,"template":"","meta":[],"product_brand":[52],"product_cat":[16],"product_tag":[44,18,53,36],"class_list":{"0":"post-325","1":"product","2":"type-product","3":"status-publish","4":"has-post-thumbnail","6":"product_brand-sono-luminus","7":"product_cat-album","8":"product_tag-bluray-audio","9":"product_tag-cd","10":"product_tag-dts","11":"product_tag-klassiskt","13":"first","14":"instock","15":"shipping-taxable","16":"purchasable","17":"product-type-simple"},"_links":{"self":[{"href":"https:\/\/thomasaudio.se\/index.php?rest_route=\/wp\/v2\/product\/325","targetHints":{"allow":["GET"]}}],"collection":[{"href":"https:\/\/thomasaudio.se\/index.php?rest_route=\/wp\/v2\/product"}],"about":[{"href":"https:\/\/thomasaudio.se\/index.php?rest_route=\/wp\/v2\/types\/product"}],"wp:featuredmedia":[{"embeddable":true,"href":"https:\/\/thomasaudio.se\/index.php?rest_route=\/wp\/v2\/media\/326"}],"wp:attachment":[{"href":"https:\/\/thomasaudio.se\/index.php?rest_route=%2Fwp%2Fv2%2Fmedia&parent=325"}],"wp:term":[{"taxonomy":"product_brand","embeddable":true,"href":"https:\/\/thomasaudio.se\/index.php?rest_route=%2Fwp%2Fv2%2Fproduct_brand&post=325"},{"taxonomy":"product_cat","embeddable":true,"href":"https:\/\/thomasaudio.se\/index.php?rest_route=%2Fwp%2Fv2%2Fproduct_cat&post=325"},{"taxonomy":"product_tag","embeddable":true,"href":"https:\/\/thomasaudio.se\/index.php?rest_route=%2Fwp%2Fv2%2Fproduct_tag&post=325"}],"curies":[{"name":"wp","href":"https:\/\/api.w.org\/{rel}","templated":true}]}}