{"id":323,"date":"2026-02-19T14:10:34","date_gmt":"2026-02-19T14:10:34","guid":{"rendered":"https:\/\/thomasaudio.se\/?post_type=product&#038;p=323"},"modified":"2026-03-07T08:46:09","modified_gmt":"2026-03-07T08:46:09","slug":"martin-brandqvist-any-time","status":"publish","type":"product","link":"https:\/\/thomasaudio.se\/?product=martin-brandqvist-any-time","title":{"rendered":"Martin Brandqvist &#8211; Any Time"},"content":{"rendered":"<p>&#8221;H\u00e4r f\u00f6religger kvartettens tredje platta, inspelad under speciella omst\u00e4ndigheter, mitt i coronan. De fyra satt i varsitt rum. Inget som p\u00e5verkat samspelet negativt, kanske tv\u00e4rtom rentav?<\/p>\n<p>De bjuder p\u00e5 tajt samspel av gott m\u00e4rke i en l\u00e4ttillg\u00e4nglig melodisk jazz med s\u00e5v\u00e4l finess som gott hum\u00f6r. Martin Brandqvist har skrivit en del filmmusik genom \u00e5ren och \u00e4ven i l\u00e5tarna p\u00e5 denna skiva finns ber\u00e4ttande kvaliteter. Vardagliga betraktelser, dr\u00f6mmar och filosoferande kan sk\u00f6njas.<\/p>\n<p>Framf\u00f6rt i genomarbetade arrangemang av kapellm\u00e4staren p\u00e5 trummor men ocks\u00e5 slagverk, klaviatur och klarinett. P\u00e5 bas h\u00f6rs Mattias Hjorth, p\u00e5 piano Johan Ohlsson och slutligen p\u00e5 saxofon Inge Petersson Lindb\u00e4ck. Sju v\u00e4lskrivna l\u00e5tar framf\u00f6rda med mycket v\u00e4rme \u2013 d\u00e4rmed \u00e4r Any time en platta man g\u00e4rna \u00e5terkommer till.&#8221;<\/p>\n<p>\/\/Lira<\/p>\n<p>1 Are You Going<br \/>\n2 Any Time<br \/>\n3 Fingertips<br \/>\n4 More Honey<br \/>\n5 Towards The Moon<br \/>\n6 An Unusual Day<br \/>\n7 Down Third Avenue<\/p>\n","protected":false},"excerpt":{"rendered":"<p>&#8221;H\u00e4r f\u00f6religger kvartettens tredje platta, inspelad under speciella omst\u00e4ndigheter, mitt i coronan. De fyra satt i varsitt rum. Inget som p\u00e5verkat samspelet negativt, kanske tv\u00e4rtom rentav? De bjuder p\u00e5 tajt samspel av gott m\u00e4rke i en l\u00e4ttillg\u00e4nglig melodisk jazz med s\u00e5v\u00e4l finess som gott hum\u00f6r. Martin Brandqvist har skrivit en del filmmusik genom \u00e5ren och&#8230;<\/p>\n","protected":false},"featured_media":324,"template":"","meta":[],"product_brand":[32],"product_cat":[16],"product_tag":[18,19,186],"class_list":{"0":"post-323","1":"product","2":"type-product","3":"status-publish","4":"has-post-thumbnail","6":"product_brand-prophone","7":"product_cat-album","8":"product_tag-cd","9":"product_tag-jazz","10":"product_tag-martin-brandqvist","12":"first","13":"instock","14":"shipping-taxable","15":"purchasable","16":"product-type-simple"},"_links":{"self":[{"href":"https:\/\/thomasaudio.se\/index.php?rest_route=\/wp\/v2\/product\/323","targetHints":{"allow":["GET"]}}],"collection":[{"href":"https:\/\/thomasaudio.se\/index.php?rest_route=\/wp\/v2\/product"}],"about":[{"href":"https:\/\/thomasaudio.se\/index.php?rest_route=\/wp\/v2\/types\/product"}],"wp:featuredmedia":[{"embeddable":true,"href":"https:\/\/thomasaudio.se\/index.php?rest_route=\/wp\/v2\/media\/324"}],"wp:attachment":[{"href":"https:\/\/thomasaudio.se\/index.php?rest_route=%2Fwp%2Fv2%2Fmedia&parent=323"}],"wp:term":[{"taxonomy":"product_brand","embeddable":true,"href":"https:\/\/thomasaudio.se\/index.php?rest_route=%2Fwp%2Fv2%2Fproduct_brand&post=323"},{"taxonomy":"product_cat","embeddable":true,"href":"https:\/\/thomasaudio.se\/index.php?rest_route=%2Fwp%2Fv2%2Fproduct_cat&post=323"},{"taxonomy":"product_tag","embeddable":true,"href":"https:\/\/thomasaudio.se\/index.php?rest_route=%2Fwp%2Fv2%2Fproduct_tag&post=323"}],"curies":[{"name":"wp","href":"https:\/\/api.w.org\/{rel}","templated":true}]}}