{"id":319,"date":"2026-02-19T13:03:04","date_gmt":"2026-02-19T13:03:04","guid":{"rendered":"https:\/\/thomasaudio.se\/?post_type=product&#038;p=319"},"modified":"2026-03-07T08:47:04","modified_gmt":"2026-03-07T08:47:04","slug":"e-s-t-live-in-london","status":"publish","type":"product","link":"https:\/\/thomasaudio.se\/butik\/album\/e-s-t-live-in-london\/","title":{"rendered":"e.s.t. &#8211; Live in London"},"content":{"rendered":"<p>Jag vet att de flesta av oss redan har gruppens album. Men albumet &#8221;e.s.t. Live in London&#8221; f\u00e5ngar den legendariske trions uts\u00e5lda konsert 2005 p\u00e5 ett s\u00e4tt som d\u00e4r var ett m\u00e4sterverk av kreativ jazz l\u00e5ngt \u00f6ver genregr\u00e4nserna.<\/p>\n<p>Denna nya utg\u00e5va spelades in under en av tv\u00e5 kv\u00e4llar i ett helt uts\u00e5lt Barbican Centre i London 2005 under en mycket framg\u00e5ngsrik och popul\u00e4r tio dagar l\u00e5ng turn\u00e9 i Storbritannien. Det ink\u00e4nnande och naturliga s\u00e4tt p\u00e5 vilket s\u00e4tt konserten utvecklas \u00e4r anm\u00e4rkningsv\u00e4rt. Den kanadensiske musikkritikern John Kelman kallar albumet &#8221;unicue sympatico.&#8221; F\u00f6r dem som k\u00e4nner och minns bandet v\u00e4l \u00e4r den absoluta p\u00e4rlan h\u00e4r en fridfull och h\u00e4rligt framf\u00f6rd &#8221;Believe, Beleft, Below.&#8221;<\/p>\n<p>1 Tide Of Trepidation<br \/>\n2 Eighty-eight Days In My Veins<br \/>\n3 Viaticum<br \/>\n4 Mingle In The Mincing-Machine<br \/>\n5 In The Tail Of Her Eye<br \/>\n6 The Unstable Table &#038; The Infamous Fable<\/p>\n<p>1 When God Created The Coffeebreak<br \/>\n2 Behind The Yashmak<br \/>\n3 Believe, Beleft, Below<br \/>\n4 Spunky Sprawl<\/p>\n","protected":false},"excerpt":{"rendered":"<p>2CD<\/p>\n","protected":false},"featured_media":320,"template":"","meta":[],"product_brand":[17],"product_cat":[16],"product_tag":[18,19],"class_list":{"0":"post-319","1":"product","2":"type-product","3":"status-publish","4":"has-post-thumbnail","6":"product_brand-act","7":"product_cat-album","8":"product_tag-cd","9":"product_tag-jazz","11":"first","12":"instock","13":"shipping-taxable","14":"purchasable","15":"product-type-simple"},"_links":{"self":[{"href":"https:\/\/thomasaudio.se\/wp-json\/wp\/v2\/product\/319","targetHints":{"allow":["GET"]}}],"collection":[{"href":"https:\/\/thomasaudio.se\/wp-json\/wp\/v2\/product"}],"about":[{"href":"https:\/\/thomasaudio.se\/wp-json\/wp\/v2\/types\/product"}],"wp:featuredmedia":[{"embeddable":true,"href":"https:\/\/thomasaudio.se\/wp-json\/wp\/v2\/media\/320"}],"wp:attachment":[{"href":"https:\/\/thomasaudio.se\/wp-json\/wp\/v2\/media?parent=319"}],"wp:term":[{"taxonomy":"product_brand","embeddable":true,"href":"https:\/\/thomasaudio.se\/wp-json\/wp\/v2\/product_brand?post=319"},{"taxonomy":"product_cat","embeddable":true,"href":"https:\/\/thomasaudio.se\/wp-json\/wp\/v2\/product_cat?post=319"},{"taxonomy":"product_tag","embeddable":true,"href":"https:\/\/thomasaudio.se\/wp-json\/wp\/v2\/product_tag?post=319"}],"curies":[{"name":"wp","href":"https:\/\/api.w.org\/{rel}","templated":true}]}}