{"id":298,"date":"2026-02-19T06:39:24","date_gmt":"2026-02-19T06:39:24","guid":{"rendered":"https:\/\/thomasaudio.se\/?post_type=product&#038;p=298"},"modified":"2026-03-07T08:47:17","modified_gmt":"2026-03-07T08:47:17","slug":"shalosh-onwards-and-upwards","status":"publish","type":"product","link":"https:\/\/thomasaudio.se\/?product=shalosh-onwards-and-upwards","title":{"rendered":"Shalosh &#8211; Onwards And Upwards"},"content":{"rendered":"<p>Gadi Stern &#8211; piano, Fender Rhodes &#038; Korg<br \/>\nDavid Michaeli &#8211; kontrabas<br \/>\nMatan Assayag &#8211; trummor <\/p>\n<p>SHALOSH blandar jazz med positiv, rockliknande energi och mellan\u00f6sterninfluenser. En m\u00e4ktig israelisk makttrio.<br \/>\nSpelet \u00e4r lekfullt och har en optimistisk karakt\u00e4r. De \u00e4r barn fr\u00e5n 90-talet. Stern, Michaeli och Assayag blir nostalgiska och minns musiken fr\u00e5n sin ungdom och f\u00f6r med sig det speciella ljudet och livsstilen fr\u00e5n denna era till deras musikaliska t\u00e4nk. Slutligen finns det ocks\u00e5 tv\u00e5 l\u00e5tar de lyssnade p\u00e5 som lite grann har p\u00e5verkat deras musik p\u00e5 det h\u00e4r albumet. &#8221;Take on Me&#8221; med A-ha och &#8221;You&#8217;ll Never Walk Alone&#8221; fr\u00e5n Broadwaymusikalen &#8221;Carousel&#8221; fr\u00e5n 1940-talet. L\u00e5ten, som blev k\u00e4nd som en fotbollshymn, f\u00e5r en helt annan karakt\u00e4r i trions rockiga, breakbeat-liknande instrumentala version.<\/p>\n<p>Trots allt \u00e4r &#8221;fram\u00e5t och upp\u00e5t&#8221; en stor postmodern gl\u00e4dje, och slutligen ett uttalande om att det forts\u00e4tter och forts\u00e4tter, i livet, i v\u00e5r v\u00e4rld och, f\u00f6rst\u00e5s, i musiken. Eller som Gadi Stern uttrycker det: &#8221;Vi vilar inte p\u00e5 v\u00e5ra lagrar, utan vill uppleva nya musikaliska \u00e4ventyr med Shalosh.&#8221;<\/p>\n","protected":false},"excerpt":{"rendered":"<p>Gadi Stern &#8211; piano, Fender Rhodes &#038; Korg David Michaeli &#8211; kontrabas Matan Assayag &#8211; trummor SHALOSH blandar jazz med positiv, rockliknande energi och mellan\u00f6sterninfluenser. En m\u00e4ktig israelisk makttrio. Spelet \u00e4r lekfullt och har en optimistisk karakt\u00e4r. De \u00e4r barn fr\u00e5n 90-talet. Stern, Michaeli och Assayag blir nostalgiska och minns musiken fr\u00e5n sin ungdom och&#8230;<\/p>\n","protected":false},"featured_media":299,"template":"","meta":[],"product_brand":[17],"product_cat":[16],"product_tag":[18,19,188],"class_list":{"0":"post-298","1":"product","2":"type-product","3":"status-publish","4":"has-post-thumbnail","6":"product_brand-act","7":"product_cat-album","8":"product_tag-cd","9":"product_tag-jazz","10":"product_tag-shalosh","12":"first","13":"instock","14":"shipping-taxable","15":"purchasable","16":"product-type-simple"},"_links":{"self":[{"href":"https:\/\/thomasaudio.se\/index.php?rest_route=\/wp\/v2\/product\/298","targetHints":{"allow":["GET"]}}],"collection":[{"href":"https:\/\/thomasaudio.se\/index.php?rest_route=\/wp\/v2\/product"}],"about":[{"href":"https:\/\/thomasaudio.se\/index.php?rest_route=\/wp\/v2\/types\/product"}],"wp:featuredmedia":[{"embeddable":true,"href":"https:\/\/thomasaudio.se\/index.php?rest_route=\/wp\/v2\/media\/299"}],"wp:attachment":[{"href":"https:\/\/thomasaudio.se\/index.php?rest_route=%2Fwp%2Fv2%2Fmedia&parent=298"}],"wp:term":[{"taxonomy":"product_brand","embeddable":true,"href":"https:\/\/thomasaudio.se\/index.php?rest_route=%2Fwp%2Fv2%2Fproduct_brand&post=298"},{"taxonomy":"product_cat","embeddable":true,"href":"https:\/\/thomasaudio.se\/index.php?rest_route=%2Fwp%2Fv2%2Fproduct_cat&post=298"},{"taxonomy":"product_tag","embeddable":true,"href":"https:\/\/thomasaudio.se\/index.php?rest_route=%2Fwp%2Fv2%2Fproduct_tag&post=298"}],"curies":[{"name":"wp","href":"https:\/\/api.w.org\/{rel}","templated":true}]}}