{"id":296,"date":"2026-02-18T17:35:49","date_gmt":"2026-02-18T17:35:49","guid":{"rendered":"https:\/\/thomasaudio.se\/?post_type=product&#038;p=296"},"modified":"2026-04-25T12:33:32","modified_gmt":"2026-04-25T12:33:32","slug":"blue-chamber-quartet-childrens-songs","status":"publish","type":"product","link":"https:\/\/thomasaudio.se\/?product=blue-chamber-quartet-childrens-songs","title":{"rendered":"Blue Chamber Quartet &#8211; Children\u00b4s Songs"},"content":{"rendered":"<p>De ska vara enkla och vackra \u2013 det var vad Chick Corea skrev om sina 20 barns\u00e5nger. Senare kommenterade Chick Corea hans verk att varje melodi var unik och att alla skulle ta emot dessa vackra sm\u00e5 konstverk, prova dem och uppskatta dem.<br \/>\nBlue Chamber Quartet har ett s\u00e4tt att uttrycka Coreas musik \u00e4r lustfullt, ljust.<br \/>\nKvartettens vibrafonist Thomas Schindl, slagverkare i Wiens symfoniorkester, har arrangerat Chick Coreas jazziga pianominiatyrer f\u00f6r Blue Chamber Quartet. Musikaliskt och ljudm\u00e4ssigt suver\u00e4nt!<\/p>\n<p>Julia Bartha &#8211; piano,<br \/>\nAngelika Siman &#8211; harpa<br \/>\nHolger Michalski &#8211; kontrabas<br \/>\nThomas Schindl &#8211; vibrafon<\/p>\n","protected":false},"excerpt":{"rendered":"<p>SACD-hybrid<br \/>\nStereo \/ Multichanel<\/p>\n","protected":false},"featured_media":297,"template":"","meta":[],"product_brand":[50],"product_cat":[16],"product_tag":[190,18,36,39],"class_list":{"0":"post-296","1":"product","2":"type-product","3":"status-publish","4":"has-post-thumbnail","6":"product_brand-stockfisch","7":"product_cat-album","8":"product_tag-blue-chamber-quartet","9":"product_tag-cd","10":"product_tag-klassiskt","11":"product_tag-nutida-instrumentellt","13":"first","14":"instock","15":"shipping-taxable","16":"purchasable","17":"product-type-simple"},"_links":{"self":[{"href":"https:\/\/thomasaudio.se\/index.php?rest_route=\/wp\/v2\/product\/296","targetHints":{"allow":["GET"]}}],"collection":[{"href":"https:\/\/thomasaudio.se\/index.php?rest_route=\/wp\/v2\/product"}],"about":[{"href":"https:\/\/thomasaudio.se\/index.php?rest_route=\/wp\/v2\/types\/product"}],"wp:featuredmedia":[{"embeddable":true,"href":"https:\/\/thomasaudio.se\/index.php?rest_route=\/wp\/v2\/media\/297"}],"wp:attachment":[{"href":"https:\/\/thomasaudio.se\/index.php?rest_route=%2Fwp%2Fv2%2Fmedia&parent=296"}],"wp:term":[{"taxonomy":"product_brand","embeddable":true,"href":"https:\/\/thomasaudio.se\/index.php?rest_route=%2Fwp%2Fv2%2Fproduct_brand&post=296"},{"taxonomy":"product_cat","embeddable":true,"href":"https:\/\/thomasaudio.se\/index.php?rest_route=%2Fwp%2Fv2%2Fproduct_cat&post=296"},{"taxonomy":"product_tag","embeddable":true,"href":"https:\/\/thomasaudio.se\/index.php?rest_route=%2Fwp%2Fv2%2Fproduct_tag&post=296"}],"curies":[{"name":"wp","href":"https:\/\/api.w.org\/{rel}","templated":true}]}}