{"id":294,"date":"2026-02-18T16:48:19","date_gmt":"2026-02-18T16:48:19","guid":{"rendered":"https:\/\/thomasaudio.se\/?post_type=product&#038;p=294"},"modified":"2026-03-07T08:47:44","modified_gmt":"2026-03-07T08:47:44","slug":"damian-marhulets-liliths-lullabies","status":"publish","type":"product","link":"https:\/\/thomasaudio.se\/?product=damian-marhulets-liliths-lullabies","title":{"rendered":"Damian Marhulets &#8211; Lilith&#8217;s Lullabies"},"content":{"rendered":"<p>Lilith&#8217;s Lullabies \u00e4r ett omv\u00e4lvande album som tar lyssnaren med p\u00e5 en dr\u00f6mlik resa. Vissa l\u00e5tar \u00e4r verkligen vaggvisor, vackert fl\u00f6dande hyllningar som smeker din hj\u00e4rna och lugnar sinnena. Andra har en ljusstyrka och energi som \u00e4r om\u00f6jlig att motst\u00e5. <\/p>\n<p>Tillsammans g\u00f6r de Lilith&#8217;s lullabies till en eftert\u00e4nksam lyssning och markerar ett nytt kapitel i uppg\u00e5ngen f\u00f6r en av de mest talangfulla samtida komposit\u00f6rerna. Damian Marhulet f\u00f6rklarar: &#8221;Jag anv\u00e4nde enklare melodier, och harmonier och rytmer som naturligt \u00e4r mindre komplicerade, f\u00f6r att uppn\u00e5 en mer full\u00e4ndad narrativ struktur, men det finns en djupare mening i detta album som sker p\u00e5 ljuddesignniv\u00e5. Det \u00e4r viktigt att bjuda in lyssnarna att bara njuta av musiken, men om de \u00e4r intresserade kan de gr\u00e4va och hitta saker sj\u00e4lva&#8221;.<\/p>\n<p>1 Two Torches and a Key<br \/>\n2 While You Were Asleep<br \/>\n3 A Dreamer&#8217;s Tale<br \/>\n4 Becoming Color<br \/>\n5 Chrysalis<br \/>\n6 Evening Dew<br \/>\n7 First Steps<br \/>\n8 Little Things<br \/>\n9 Nyx<br \/>\n10 Parhelia<br \/>\n11 Particles<br \/>\n12 Premonition<br \/>\n13 Turning North<br \/>\n14 Lunar Playground<\/p>\n","protected":false},"excerpt":{"rendered":"<p>Lilith&#8217;s Lullabies \u00e4r ett omv\u00e4lvande album som tar lyssnaren med p\u00e5 en dr\u00f6mlik resa. Vissa l\u00e5tar \u00e4r verkligen vaggvisor, vackert fl\u00f6dande hyllningar som smeker din hj\u00e4rna och lugnar sinnena. Andra har en ljusstyrka och energi som \u00e4r om\u00f6jlig att motst\u00e5. Tillsammans g\u00f6r de Lilith&#8217;s lullabies till en eftert\u00e4nksam lyssning och markerar ett nytt kapitel i&#8230;<\/p>\n","protected":false},"featured_media":295,"template":"","meta":[],"product_brand":[29],"product_cat":[16],"product_tag":[18,191,20],"class_list":{"0":"post-294","1":"product","2":"type-product","3":"status-publish","4":"has-post-thumbnail","6":"product_brand-neue-meister-musik","7":"product_cat-album","8":"product_tag-cd","9":"product_tag-damian-marhulets","10":"product_tag-upplevelsemusik","12":"first","13":"instock","14":"shipping-taxable","15":"purchasable","16":"product-type-simple"},"_links":{"self":[{"href":"https:\/\/thomasaudio.se\/index.php?rest_route=\/wp\/v2\/product\/294","targetHints":{"allow":["GET"]}}],"collection":[{"href":"https:\/\/thomasaudio.se\/index.php?rest_route=\/wp\/v2\/product"}],"about":[{"href":"https:\/\/thomasaudio.se\/index.php?rest_route=\/wp\/v2\/types\/product"}],"wp:featuredmedia":[{"embeddable":true,"href":"https:\/\/thomasaudio.se\/index.php?rest_route=\/wp\/v2\/media\/295"}],"wp:attachment":[{"href":"https:\/\/thomasaudio.se\/index.php?rest_route=%2Fwp%2Fv2%2Fmedia&parent=294"}],"wp:term":[{"taxonomy":"product_brand","embeddable":true,"href":"https:\/\/thomasaudio.se\/index.php?rest_route=%2Fwp%2Fv2%2Fproduct_brand&post=294"},{"taxonomy":"product_cat","embeddable":true,"href":"https:\/\/thomasaudio.se\/index.php?rest_route=%2Fwp%2Fv2%2Fproduct_cat&post=294"},{"taxonomy":"product_tag","embeddable":true,"href":"https:\/\/thomasaudio.se\/index.php?rest_route=%2Fwp%2Fv2%2Fproduct_tag&post=294"}],"curies":[{"name":"wp","href":"https:\/\/api.w.org\/{rel}","templated":true}]}}