{"id":281,"date":"2026-02-18T15:49:26","date_gmt":"2026-02-18T15:49:26","guid":{"rendered":"https:\/\/thomasaudio.se\/?post_type=product&#038;p=281"},"modified":"2026-03-07T08:48:41","modified_gmt":"2026-03-07T08:48:41","slug":"jan-lundgren-potsdamer-platz","status":"publish","type":"product","link":"https:\/\/thomasaudio.se\/?product=jan-lundgren-potsdamer-platz","title":{"rendered":"Jan Lundgren &#8211; Potsdamer Platz"},"content":{"rendered":"<p>Jan Lundgren &#8211; piano<br \/>\nJukka Perko &#8211; saxofoner<br \/>\nDan Berglund &#8211; kontrabas<br \/>\nMorten Lund -trummor<\/p>\n<p>Pianisten Jan Lundgren g\u00f6r musik som en briljant arkitekt. Om han skulle bygga ett hus, skulle det \u2013 enligt s\u00e5ngen \u2013 vara ett v\u00e4ldigt, v\u00e4ldigt, v\u00e4ldigt fint hus. Och den skulle ha alla hans k\u00e4nnetecken. Det skulle visa hans djupa f\u00f6rst\u00e5else f\u00f6r b\u00e5de tradition och modernism, tillsammans med hans \u00f6vernaturliga instinkt att f\u00f6rena de tv\u00e5. Det skulle tydligt f\u00f6rmedla hans unika s\u00e4tt att blanda det allra b\u00e4sta av amerikansk design och konstruktion med oklanderlig europeisk stil och smak. <\/p>\n<p>F\u00f6r att f\u00f6rl\u00e4nga metaforen, skulle Lundgrens byggnad p\u00e5 flera v\u00e5ningar vara en fr\u00f6jd att bo i, rum med fascinerande former, mysiga h\u00f6rn, tydliga linjer, rum som skulle inneh\u00e5lla artefakter som skulle l\u00e5ta nostalgi v\u00e4xa i bes\u00f6karens sinne. Det skulle ocks\u00e5 finnas ett rymligt loft med utrymme f\u00f6r lek, improvisation. <\/p>\n<p>Sedan de tidiga dagarna av sin karri\u00e4r har Lundgrens konstn\u00e4rskap pr\u00e4glats av f\u00f6r\u00e4ndring och f\u00f6rnyelse, och \u00e4nd\u00e5 tappar han aldrig bort det f\u00f6rflutna. Hans album &#8221;Potsdamer Platz&#8221; \u00e4r ett personligt uttalande, en trogen skildring av det unika perspektiv ur vilket han upplever och framf\u00f6r jazz. En tysk kritiker, som skrev f\u00f6r det h\u00f6gt ansedda DPA, beskrev Jan Lundgren som &#8221;en man som helt enkelt kan g\u00f6ra allt.&#8221;<\/p>\n<p>1 Potsdamer Platz<br \/>\n2 No. 9<br \/>\n3 Lycklig Resa<br \/>\n4 Bullet Train<br \/>\n5 The Poet<br \/>\n6 Never Too Late<br \/>\n7 Twelve Tone Rag<br \/>\n8 Song for J\u00f6rgen<br \/>\n9 Dance of Masja<br \/>\n10 On the Banks of the Seine<br \/>\n11 Tv\u00e4redet<\/p>\n","protected":false},"excerpt":{"rendered":"<p>Jan Lundgren &#8211; piano Jukka Perko &#8211; saxofoner Dan Berglund &#8211; kontrabas Morten Lund -trummor Pianisten Jan Lundgren g\u00f6r musik som en briljant arkitekt. Om han skulle bygga ett hus, skulle det \u2013 enligt s\u00e5ngen \u2013 vara ett v\u00e4ldigt, v\u00e4ldigt, v\u00e4ldigt fint hus. Och den skulle ha alla hans k\u00e4nnetecken. Det skulle visa hans djupa&#8230;<\/p>\n","protected":false},"featured_media":282,"template":"","meta":[],"product_brand":[17],"product_cat":[16],"product_tag":[18,194,19],"class_list":{"0":"post-281","1":"product","2":"type-product","3":"status-publish","4":"has-post-thumbnail","6":"product_brand-act","7":"product_cat-album","8":"product_tag-cd","9":"product_tag-jan-lundgren","10":"product_tag-jazz","12":"first","13":"instock","14":"shipping-taxable","15":"purchasable","16":"product-type-simple"},"_links":{"self":[{"href":"https:\/\/thomasaudio.se\/index.php?rest_route=\/wp\/v2\/product\/281","targetHints":{"allow":["GET"]}}],"collection":[{"href":"https:\/\/thomasaudio.se\/index.php?rest_route=\/wp\/v2\/product"}],"about":[{"href":"https:\/\/thomasaudio.se\/index.php?rest_route=\/wp\/v2\/types\/product"}],"wp:featuredmedia":[{"embeddable":true,"href":"https:\/\/thomasaudio.se\/index.php?rest_route=\/wp\/v2\/media\/282"}],"wp:attachment":[{"href":"https:\/\/thomasaudio.se\/index.php?rest_route=%2Fwp%2Fv2%2Fmedia&parent=281"}],"wp:term":[{"taxonomy":"product_brand","embeddable":true,"href":"https:\/\/thomasaudio.se\/index.php?rest_route=%2Fwp%2Fv2%2Fproduct_brand&post=281"},{"taxonomy":"product_cat","embeddable":true,"href":"https:\/\/thomasaudio.se\/index.php?rest_route=%2Fwp%2Fv2%2Fproduct_cat&post=281"},{"taxonomy":"product_tag","embeddable":true,"href":"https:\/\/thomasaudio.se\/index.php?rest_route=%2Fwp%2Fv2%2Fproduct_tag&post=281"}],"curies":[{"name":"wp","href":"https:\/\/api.w.org\/{rel}","templated":true}]}}