{"id":279,"date":"2026-02-18T15:39:38","date_gmt":"2026-02-18T15:39:38","guid":{"rendered":"https:\/\/thomasaudio.se\/?post_type=product&#038;p=279"},"modified":"2026-03-10T17:22:45","modified_gmt":"2026-03-10T17:22:45","slug":"aka-moon-opus111","status":"publish","type":"product","link":"https:\/\/thomasaudio.se\/?product=aka-moon-opus111","title":{"rendered":"Aka Moon &#8211; Opus111"},"content":{"rendered":"<p>F\u00f6rutom att vara ett av Beethovens mest emblematiska verk \u00e4r Pianosonat nr 32 op. 111 (1821\u201322) ett manifest f\u00f6r radikal modernitet. Den inleder processen av uppl\u00f6sning av sonatformen, en formell pelare f\u00f6r varje komposit\u00f6r fr\u00e5n f\u00f6reg\u00e5ende \u00e5rhundrade och introducerar i sin andra sats en ny metod f\u00f6r att konstruera den musikaliska frasen, i s\u00e5dan utstr\u00e4ckning att vissa kommentatorer betraktar den som ett tecken p\u00e5 jazzens f\u00f6rsta spirande. De innovationer den presenterade, s\u00e4rskilt inom rytmomr\u00e5det, l\u00e4mnade de flesta av tons\u00e4ttarens samtida f\u00f6rbryllade. H\u00e4r \u00e4r en idealisk plats f\u00f6r Aka Moon-trion att inta. <\/p>\n<p>De har kallat in tre starka musikaliska personligheter till studion f\u00f6r tillf\u00e4llet: s\u00e5ngaren Fredy Massamba, som bidrar med sin uttrycksfulla kraft som afrikansk ber\u00e4ttare och dragspelaren Jo\u00e3o Barradas, som tillf\u00f6r en smak av urban modernitet med till\u00e4gget att spela b\u00e5de akustiska och elektroniska instrument. Pianisten Fabian Fiorini \u00e4r en l\u00e5ngvarig partner till trion, som h\u00e4r fungerar som en sorts &#8217;spegelmusiker&#8217; i Beethovens sonat. Det \u00e4r genom denna betydelsekoppling med flera resonanser som Fabrizio Cassol n\u00e4rmar sig Beethovens sonat och synkroniserar k\u00e4nslom\u00e4ssiga rum som \u00f6vergr\u00e4nsar perioder, kulturer och sociala eller estetiska syns\u00e4tt.<\/p>\n","protected":false},"excerpt":{"rendered":"<p>F\u00f6rutom att vara ett av Beethovens mest emblematiska verk \u00e4r Pianosonat nr 32 op. 111 (1821\u201322) ett manifest f\u00f6r radikal modernitet. Den inleder processen av uppl\u00f6sning av sonatformen, en formell pelare f\u00f6r varje komposit\u00f6r fr\u00e5n f\u00f6reg\u00e5ende \u00e5rhundrade och introducerar i sin andra sats en ny metod f\u00f6r att konstruera den musikaliska frasen, i s\u00e5dan utstr\u00e4ckning&#8230;<\/p>\n","protected":false},"featured_media":280,"template":"","meta":[],"product_brand":[51],"product_cat":[16],"product_tag":[172,18,19],"class_list":{"0":"post-279","1":"product","2":"type-product","3":"status-publish","4":"has-post-thumbnail","6":"product_brand-outthere-music","7":"product_cat-album","8":"product_tag-aka-moon","9":"product_tag-cd","10":"product_tag-jazz","12":"first","13":"instock","14":"shipping-taxable","15":"purchasable","16":"product-type-simple"},"_links":{"self":[{"href":"https:\/\/thomasaudio.se\/index.php?rest_route=\/wp\/v2\/product\/279","targetHints":{"allow":["GET"]}}],"collection":[{"href":"https:\/\/thomasaudio.se\/index.php?rest_route=\/wp\/v2\/product"}],"about":[{"href":"https:\/\/thomasaudio.se\/index.php?rest_route=\/wp\/v2\/types\/product"}],"wp:featuredmedia":[{"embeddable":true,"href":"https:\/\/thomasaudio.se\/index.php?rest_route=\/wp\/v2\/media\/280"}],"wp:attachment":[{"href":"https:\/\/thomasaudio.se\/index.php?rest_route=%2Fwp%2Fv2%2Fmedia&parent=279"}],"wp:term":[{"taxonomy":"product_brand","embeddable":true,"href":"https:\/\/thomasaudio.se\/index.php?rest_route=%2Fwp%2Fv2%2Fproduct_brand&post=279"},{"taxonomy":"product_cat","embeddable":true,"href":"https:\/\/thomasaudio.se\/index.php?rest_route=%2Fwp%2Fv2%2Fproduct_cat&post=279"},{"taxonomy":"product_tag","embeddable":true,"href":"https:\/\/thomasaudio.se\/index.php?rest_route=%2Fwp%2Fv2%2Fproduct_tag&post=279"}],"curies":[{"name":"wp","href":"https:\/\/api.w.org\/{rel}","templated":true}]}}