{"id":274,"date":"2026-02-18T15:27:30","date_gmt":"2026-02-18T15:27:30","guid":{"rendered":"https:\/\/thomasaudio.se\/?post_type=product&#038;p=274"},"modified":"2026-03-07T08:49:32","modified_gmt":"2026-03-07T08:49:32","slug":"wolfgang-muthspiel-tokyo","status":"publish","type":"product","link":"https:\/\/thomasaudio.se\/butik\/album\/wolfgang-muthspiel-tokyo\/","title":{"rendered":"Wolfgang Muthspiel &#8211; Tokyo"},"content":{"rendered":"<p>Wolfgang Muthspiel &#8211; gitarrer<br \/>\nScott ColleyDouble &#8211; kontrabas<br \/>\nBrian Blade &#8211; trummor<\/p>\n<p>Wolfgang Muthspiel och hans trio g\u00e5r in i sin tredje inspelning och sv\u00e4nger och banar v\u00e4g f\u00f6r vad som kan vara gruppens mest \u00e4ventyrliga trioinspelning med en k\u00e4nslig tolkning av Keith Jarretts &#8221;Lisbon Stomp&#8221;. <\/p>\n<p>Genom hela albumet riktar dock den \u00f6sterrikiske gitarristen och hans amerikanska f\u00f6ljeslagare str\u00e5lkastarljuset mot Wolfgangs f\u00e4ngslande original. Som blivit brukligt v\u00e4xlar Wolfgang mellan akustiska och elgitarrer och ramar in sin mjuka touch och flytande tong\u00e5ngar i ett program som tycks omfatta hela det breda idiomatiska omf\u00e5ng han har utvecklat under de senaste decennierna. Genom att avsluta med en skarpsinnig tolkning av Paul Motians &#8221;Abacus&#8221; ramar Muthspiel in albumet med antydningar om en stor del av b\u00e5de jazzens och ECM:s historia.<\/p>\n<p>1 Lisbon Stomp<br \/>\n2 Pradela<br \/>\n3 Flight<br \/>\n4 Roll<br \/>\n5 Christa&#8217;s Dream<br \/>\n6 Diminished and Augmented<br \/>\n7 Traversia<br \/>\n8 Strumming<br \/>\n9 Weill You Wait<br \/>\n10 Abacus<\/p>\n","protected":false},"excerpt":{"rendered":"<p>Wolfgang Muthspiel &#8211; gitarrer Scott ColleyDouble &#8211; kontrabas Brian Blade &#8211; trummor Wolfgang Muthspiel och hans trio g\u00e5r in i sin tredje inspelning och sv\u00e4nger och banar v\u00e4g f\u00f6r vad som kan vara gruppens mest \u00e4ventyrliga trioinspelning med en k\u00e4nslig tolkning av Keith Jarretts &#8221;Lisbon Stomp&#8221;. Genom hela albumet riktar dock den \u00f6sterrikiske gitarristen och&#8230;<\/p>\n","protected":false},"featured_media":275,"template":"","meta":[],"product_brand":[26],"product_cat":[16],"product_tag":[18,19,23,195],"class_list":{"0":"post-274","1":"product","2":"type-product","3":"status-publish","4":"has-post-thumbnail","6":"product_brand-ecm","7":"product_cat-album","8":"product_tag-cd","9":"product_tag-jazz","10":"product_tag-vinyl","11":"product_tag-wolfgang-muthspiel","13":"first","14":"instock","15":"shipping-taxable","16":"purchasable","17":"product-type-variable"},"_links":{"self":[{"href":"https:\/\/thomasaudio.se\/wp-json\/wp\/v2\/product\/274","targetHints":{"allow":["GET"]}}],"collection":[{"href":"https:\/\/thomasaudio.se\/wp-json\/wp\/v2\/product"}],"about":[{"href":"https:\/\/thomasaudio.se\/wp-json\/wp\/v2\/types\/product"}],"wp:featuredmedia":[{"embeddable":true,"href":"https:\/\/thomasaudio.se\/wp-json\/wp\/v2\/media\/275"}],"wp:attachment":[{"href":"https:\/\/thomasaudio.se\/wp-json\/wp\/v2\/media?parent=274"}],"wp:term":[{"taxonomy":"product_brand","embeddable":true,"href":"https:\/\/thomasaudio.se\/wp-json\/wp\/v2\/product_brand?post=274"},{"taxonomy":"product_cat","embeddable":true,"href":"https:\/\/thomasaudio.se\/wp-json\/wp\/v2\/product_cat?post=274"},{"taxonomy":"product_tag","embeddable":true,"href":"https:\/\/thomasaudio.se\/wp-json\/wp\/v2\/product_tag?post=274"}],"curies":[{"name":"wp","href":"https:\/\/api.w.org\/{rel}","templated":true}]}}