{"id":270,"date":"2026-02-18T15:15:55","date_gmt":"2026-02-18T15:15:55","guid":{"rendered":"https:\/\/thomasaudio.se\/?post_type=product&#038;p=270"},"modified":"2026-03-07T08:49:47","modified_gmt":"2026-03-07T08:49:47","slug":"bobo-stenson-trio-sphere","status":"publish","type":"product","link":"https:\/\/thomasaudio.se\/?product=bobo-stenson-trio-sphere","title":{"rendered":"Bobo Stenson Trio &#8211; Sphere"},"content":{"rendered":"<p>Bobo Stenson Trios f\u00f6rm\u00e5ga att t\u00e4cka l\u00e5ngtg\u00e5ende idiom och ett omfattande repertoar inom ramen f\u00f6r sin personliga musikform har blivit b\u00e5de k\u00e4nnetecken och sedv\u00e4nja, vilket inspirerade New York Times att s\u00e4ga att pianisten &#8221;g\u00f6r sublima pianotrioinspelningar utan att \u00f6verdriva. \u200b<br \/>\nDet pulserar, med l\u00e5nga improviserade fraser; det \u00e4r levande.&#8221; \u200b<\/p>\n<p>H\u00e4r samexisterar en m\u00e4ngd olika musikaliska principer i den unika blandningen, som den svenska pianisten har skapat, utvecklat och f\u00f6rfinat under \u00e5rtionden av samarbete med ECM och Manfred Eicher. Bobo Stenson beskriver det som &#8221; han framh\u00e4ver musikernas b\u00e4sta egenskaper&#8221;. Pianistens komp med Anders Jormin p\u00e5 bas och trummis Jon F\u00e4lt har f\u00f6ljt ledaren sedan inspelningen av albumet Cantando 2008. <\/p>\n<p>De \u00e4r idealiska musikaliska partners till Bobos mjuka touch. \u200bBobo: &#8221;Vi har inget s\u00e4tt att spela &#8217;f\u00e4rdiggjort&#8217;. \u200bSaker och ting kristalliseras i \u00f6gonblicket och vi anpassar oss till det. \u200bOch det \u00e4r kvintessensen. \u200bDet \u00e4r gl\u00e4djen i att spela tillsammans, att aldrig g\u00f6ra samma sak tv\u00e5 g\u00e5nger och att vara best\u00e4mda om den saken.&#8221; \u200b<\/p>\n<p>1 You shall plant a tree<br \/>\n2 Unquestioned answer &#8211; Charles Ives in memoriam<br \/>\n3 Spring<br \/>\n4 Kingdom of coldness<br \/>\n5 Communion psalm<br \/>\n6 The red flower<br \/>\n7 Ky and beautiful madame Ky<br \/>\n8 Valsette op. 40\/1<br \/>\n9 You shall plant a tree<\/p>\n","protected":false},"excerpt":{"rendered":"<p>Bobo Stenson Trios f\u00f6rm\u00e5ga att t\u00e4cka l\u00e5ngtg\u00e5ende idiom och ett omfattande repertoar inom ramen f\u00f6r sin personliga musikform har blivit b\u00e5de k\u00e4nnetecken och sedv\u00e4nja, vilket inspirerade New York Times att s\u00e4ga att pianisten &#8221;g\u00f6r sublima pianotrioinspelningar utan att \u00f6verdriva. \u200b Det pulserar, med l\u00e5nga improviserade fraser; det \u00e4r levande.&#8221; \u200b H\u00e4r samexisterar en m\u00e4ngd olika&#8230;<\/p>\n","protected":false},"featured_media":271,"template":"","meta":[],"product_brand":[26],"product_cat":[16],"product_tag":[196,18,19,23],"class_list":{"0":"post-270","1":"product","2":"type-product","3":"status-publish","4":"has-post-thumbnail","6":"product_brand-ecm","7":"product_cat-album","8":"product_tag-bobo-stenson","9":"product_tag-cd","10":"product_tag-jazz","11":"product_tag-vinyl","13":"first","14":"instock","15":"shipping-taxable","16":"purchasable","17":"product-type-variable"},"_links":{"self":[{"href":"https:\/\/thomasaudio.se\/index.php?rest_route=\/wp\/v2\/product\/270","targetHints":{"allow":["GET"]}}],"collection":[{"href":"https:\/\/thomasaudio.se\/index.php?rest_route=\/wp\/v2\/product"}],"about":[{"href":"https:\/\/thomasaudio.se\/index.php?rest_route=\/wp\/v2\/types\/product"}],"wp:featuredmedia":[{"embeddable":true,"href":"https:\/\/thomasaudio.se\/index.php?rest_route=\/wp\/v2\/media\/271"}],"wp:attachment":[{"href":"https:\/\/thomasaudio.se\/index.php?rest_route=%2Fwp%2Fv2%2Fmedia&parent=270"}],"wp:term":[{"taxonomy":"product_brand","embeddable":true,"href":"https:\/\/thomasaudio.se\/index.php?rest_route=%2Fwp%2Fv2%2Fproduct_brand&post=270"},{"taxonomy":"product_cat","embeddable":true,"href":"https:\/\/thomasaudio.se\/index.php?rest_route=%2Fwp%2Fv2%2Fproduct_cat&post=270"},{"taxonomy":"product_tag","embeddable":true,"href":"https:\/\/thomasaudio.se\/index.php?rest_route=%2Fwp%2Fv2%2Fproduct_tag&post=270"}],"curies":[{"name":"wp","href":"https:\/\/api.w.org\/{rel}","templated":true}]}}