{"id":268,"date":"2026-02-18T14:59:59","date_gmt":"2026-02-18T14:59:59","guid":{"rendered":"https:\/\/thomasaudio.se\/?post_type=product&#038;p=268"},"modified":"2026-03-07T08:50:38","modified_gmt":"2026-03-07T08:50:38","slug":"e-s-t-301","status":"publish","type":"product","link":"https:\/\/thomasaudio.se\/?product=e-s-t-301","title":{"rendered":"e.s.t. &#8211; 301"},"content":{"rendered":"<p>&#8221;From Gagarins point of you \u00e4r inte bara en av de vackraste l\u00e5t- och albumtitlar jag vet. Den s\u00e4ger ocks\u00e5 n\u00e4stan allt om det s\u00f6kande efter nya horisonter, rymder och djup som gjorde e.s.t. till en av v\u00e4rldens ledande jazzgrupper. En resa mot gravitationens yttersta gr\u00e4ns som fick ett brutalt slut 2008 n\u00e4r trions pianist Esbj\u00f6rn Svensson omkom i en dykolycka. Efter det postumt utgivna albumet &#8221;Leucosyte&#8221; kommer nu &#8221;301&#8221;, \u00e4ven det sammansatt av de improvisationer som spelades in under en v\u00e4rldsturn\u00e9 i studio 301 i Sydney. <\/p>\n<p>Ett album som inte \u00e4ger f\u00f6reg\u00e5ngarens t\u00e4thet och rasande energi men som i st\u00e4llet uppvisar trions unika sp\u00e4nnvidd mellan avancerade lekar med det mest komplexa och innerliga fantasier kring det allra enklaste, mellan fri flykt och stille\u00adst\u00e5nd. Fr\u00e5n inledningssp\u00e5rets atmosf\u00e4riska pianoskimmer (kring en enda ton) utvidgas uttrycken mot den formuppl\u00f6sning vid albumets mitt d\u00e4r bara elektroniken kan ta vid. Ett yttersta l\u00e4ge som f\u00f6ljs av ett furi\u00f6st ensemblespel innan pianot slutligen \u00f6ppnar f\u00f6r en ny och djupare k\u00e4nsla av hemkomst.&#8221;<br \/>\n\/\/ Dagens Nyheter<\/p>\n<p>1 Behind The Stars<br \/>\n2 Inner City, City Lights<br \/>\n3 The Left Lane<br \/>\n4 Houston, The 5th<br \/>\n5 Three Falling Free Part I<br \/>\n6 Three Falling Free Part II<br \/>\n7 The Childhood Dream<\/p>\n","protected":false},"excerpt":{"rendered":"<p>&#8221;From Gagarins point of you \u00e4r inte bara en av de vackraste l\u00e5t- och albumtitlar jag vet. Den s\u00e4ger ocks\u00e5 n\u00e4stan allt om det s\u00f6kande efter nya horisonter, rymder och djup som gjorde e.s.t. till en av v\u00e4rldens ledande jazzgrupper. En resa mot gravitationens yttersta gr\u00e4ns som fick ett brutalt slut 2008 n\u00e4r trions pianist&#8230;<\/p>\n","protected":false},"featured_media":269,"template":"","meta":[],"product_brand":[17],"product_cat":[16],"product_tag":[18,197,19],"class_list":{"0":"post-268","1":"product","2":"type-product","3":"status-publish","4":"has-post-thumbnail","6":"product_brand-act","7":"product_cat-album","8":"product_tag-cd","9":"product_tag-esbjorn-svensson-trio","10":"product_tag-jazz","12":"first","13":"instock","14":"shipping-taxable","15":"purchasable","16":"product-type-simple"},"_links":{"self":[{"href":"https:\/\/thomasaudio.se\/index.php?rest_route=\/wp\/v2\/product\/268","targetHints":{"allow":["GET"]}}],"collection":[{"href":"https:\/\/thomasaudio.se\/index.php?rest_route=\/wp\/v2\/product"}],"about":[{"href":"https:\/\/thomasaudio.se\/index.php?rest_route=\/wp\/v2\/types\/product"}],"wp:featuredmedia":[{"embeddable":true,"href":"https:\/\/thomasaudio.se\/index.php?rest_route=\/wp\/v2\/media\/269"}],"wp:attachment":[{"href":"https:\/\/thomasaudio.se\/index.php?rest_route=%2Fwp%2Fv2%2Fmedia&parent=268"}],"wp:term":[{"taxonomy":"product_brand","embeddable":true,"href":"https:\/\/thomasaudio.se\/index.php?rest_route=%2Fwp%2Fv2%2Fproduct_brand&post=268"},{"taxonomy":"product_cat","embeddable":true,"href":"https:\/\/thomasaudio.se\/index.php?rest_route=%2Fwp%2Fv2%2Fproduct_cat&post=268"},{"taxonomy":"product_tag","embeddable":true,"href":"https:\/\/thomasaudio.se\/index.php?rest_route=%2Fwp%2Fv2%2Fproduct_tag&post=268"}],"curies":[{"name":"wp","href":"https:\/\/api.w.org\/{rel}","templated":true}]}}