{"id":266,"date":"2026-02-18T14:35:58","date_gmt":"2026-02-18T14:35:58","guid":{"rendered":"https:\/\/thomasaudio.se\/?post_type=product&#038;p=266"},"modified":"2026-03-07T08:50:51","modified_gmt":"2026-03-07T08:50:51","slug":"magnus-ostrom-searching-for-jupiter","status":"publish","type":"product","link":"https:\/\/thomasaudio.se\/?product=magnus-ostrom-searching-for-jupiter","title":{"rendered":"Magnus \u00d6str\u00f6m &#8211; Searching For Jupiter"},"content":{"rendered":"<p>Magnus \u00d6str\u00f6m &#8211; trummor, percussion, s\u00e5ng, extra keys<br \/>\nAndreas Hourdakis &#8211; gitarrer, banjo<br \/>\nDaniel Karlsson &#8211; grand piano och keyboards<br \/>\nThobias Gabrielson &#8211; elbas bassynthesizer, keys<\/p>\n<p>Magnus \u00d6str\u00f6m blandar jazz med rock, elektronik och unika grooves p\u00e5 &#8221;Searching For Jupiter&#8221; \u2013 ett album som f\u00e4ngslar med sitt progressiva sound.<br \/>\nBBC Radio 3 formulerade sig s\u00e5 h\u00e4r: &#8221;Vilket fullst\u00e4ndigt vackert och \u00f6vertygande album detta \u00e4r. Spelandet \u00e4r oklanderligt, kompositionerna verkligen inspirerade, arrangemangen \u00e4r magiska.&#8221;<\/p>\n<p>Hans f\u00f6rsta soloalbum, &#8221;Threads Of Life&#8221;, nominerades till en svensk Grammis och vann Echo Jazz Award f\u00f6r b\u00e4sta internationella trummis. <\/p>\n<p>1 The moon (and the air it moves)<br \/>\n2 Dancing at the dutchtreat<br \/>\n3 Mary Jane doesn&#8217;t live here anymore<br \/>\n4 Searching for Jupiter<br \/>\n5 Hour of the wolf<br \/>\n6 Through the sun<br \/>\n7 Happy and the fall<br \/>\n8 Jules and Jim&#8217;s last voyage<br \/>\n9 At the end of eternity<\/p>\n","protected":false},"excerpt":{"rendered":"<p>Magnus \u00d6str\u00f6m &#8211; trummor, percussion, s\u00e5ng, extra keys Andreas Hourdakis &#8211; gitarrer, banjo Daniel Karlsson &#8211; grand piano och keyboards Thobias Gabrielson &#8211; elbas bassynthesizer, keys Magnus \u00d6str\u00f6m blandar jazz med rock, elektronik och unika grooves p\u00e5 &#8221;Searching For Jupiter&#8221; \u2013 ett album som f\u00e4ngslar med sitt progressiva sound. BBC Radio 3 formulerade sig s\u00e5&#8230;<\/p>\n","protected":false},"featured_media":267,"template":"","meta":[],"product_brand":[17],"product_cat":[16],"product_tag":[18,19,198],"class_list":{"0":"post-266","1":"product","2":"type-product","3":"status-publish","4":"has-post-thumbnail","6":"product_brand-act","7":"product_cat-album","8":"product_tag-cd","9":"product_tag-jazz","10":"product_tag-magnus-ostrom","12":"first","13":"instock","14":"shipping-taxable","15":"purchasable","16":"product-type-simple"},"_links":{"self":[{"href":"https:\/\/thomasaudio.se\/index.php?rest_route=\/wp\/v2\/product\/266","targetHints":{"allow":["GET"]}}],"collection":[{"href":"https:\/\/thomasaudio.se\/index.php?rest_route=\/wp\/v2\/product"}],"about":[{"href":"https:\/\/thomasaudio.se\/index.php?rest_route=\/wp\/v2\/types\/product"}],"wp:featuredmedia":[{"embeddable":true,"href":"https:\/\/thomasaudio.se\/index.php?rest_route=\/wp\/v2\/media\/267"}],"wp:attachment":[{"href":"https:\/\/thomasaudio.se\/index.php?rest_route=%2Fwp%2Fv2%2Fmedia&parent=266"}],"wp:term":[{"taxonomy":"product_brand","embeddable":true,"href":"https:\/\/thomasaudio.se\/index.php?rest_route=%2Fwp%2Fv2%2Fproduct_brand&post=266"},{"taxonomy":"product_cat","embeddable":true,"href":"https:\/\/thomasaudio.se\/index.php?rest_route=%2Fwp%2Fv2%2Fproduct_cat&post=266"},{"taxonomy":"product_tag","embeddable":true,"href":"https:\/\/thomasaudio.se\/index.php?rest_route=%2Fwp%2Fv2%2Fproduct_tag&post=266"}],"curies":[{"name":"wp","href":"https:\/\/api.w.org\/{rel}","templated":true}]}}