{"id":257,"date":"2026-02-18T13:45:03","date_gmt":"2026-02-18T13:45:03","guid":{"rendered":"https:\/\/thomasaudio.se\/?post_type=product&#038;p=257"},"modified":"2026-03-07T08:51:43","modified_gmt":"2026-03-07T08:51:43","slug":"triotaus-mozart-divertimento-kv-563","status":"publish","type":"product","link":"https:\/\/thomasaudio.se\/?product=triotaus-mozart-divertimento-kv-563","title":{"rendered":"Trio Taus &#8211; Mozart: Divertimento KV 563"},"content":{"rendered":"<p>Efter att ha komponerat sina tre sista symfonier p\u00e5 lika m\u00e5nga m\u00e5nader sommaren 1788, p\u00e5b\u00f6rjade Mozart ett annat gigantiskt projekt \u2013 en trio f\u00f6r str\u00e4ngar av verkligt symfoniska proportioner. Detta vision\u00e4ra verk med sin n\u00e5got opretenti\u00f6sa titel &#8221;Divertimento i Ess-dur&#8221; visade sig vara kvintessensen av allt Mozart stod f\u00f6r som komposit\u00f6r, hantverkare och dramatiker. Med sina sex r\u00f6relser, en speltid p\u00e5 cirka 50 minuter och storheten i sina musikaliska linjer s\u00e4tter den alla tidigare kammarmusikkompositioner i skuggan \u2013 men uppskattades dess storhet p\u00e5 Mozarts tid?<\/p>\n<p>Liv Hilde Klokk &#8211; violin<br \/>\nIda Bryhn &#8211; viola<br \/>\nTorun S\u00e6ter Stavseng &#8211; cello<br \/>\nSofienberg kirke, Norge<\/p>\n<p>Disc 1<br \/>\nHybrid SACD<br \/>\nMCH 5.0 DSD<br \/>\nStereo DSD<br \/>\nRedBook PCM: CD, MQA<\/p>\n<p>Disc 2<br \/>\n5.0.4 Immersive Audio<br \/>\nDXD (352.8 kHz\/24bit)<\/p>\n","protected":false},"excerpt":{"rendered":"<p>Efter att ha komponerat sina tre sista symfonier p\u00e5 lika m\u00e5nga m\u00e5nader sommaren 1788, p\u00e5b\u00f6rjade Mozart ett annat gigantiskt projekt \u2013 en trio f\u00f6r str\u00e4ngar av verkligt symfoniska proportioner. Detta vision\u00e4ra verk med sin n\u00e5got opretenti\u00f6sa titel &#8221;Divertimento i Ess-dur&#8221; visade sig vara kvintessensen av allt Mozart stod f\u00f6r som komposit\u00f6r, hantverkare och dramatiker. Med&#8230;<\/p>\n","protected":false},"featured_media":259,"template":"","meta":[],"product_brand":[41],"product_cat":[16],"product_tag":[18,36,122,201],"class_list":{"0":"post-257","1":"product","2":"type-product","3":"status-publish","4":"has-post-thumbnail","6":"product_brand-2l","7":"product_cat-album","8":"product_tag-cd","9":"product_tag-klassiskt","10":"product_tag-sacd-hybrid","11":"product_tag-trio-taus","13":"first","14":"instock","15":"shipping-taxable","16":"purchasable","17":"product-type-simple"},"_links":{"self":[{"href":"https:\/\/thomasaudio.se\/index.php?rest_route=\/wp\/v2\/product\/257","targetHints":{"allow":["GET"]}}],"collection":[{"href":"https:\/\/thomasaudio.se\/index.php?rest_route=\/wp\/v2\/product"}],"about":[{"href":"https:\/\/thomasaudio.se\/index.php?rest_route=\/wp\/v2\/types\/product"}],"wp:featuredmedia":[{"embeddable":true,"href":"https:\/\/thomasaudio.se\/index.php?rest_route=\/wp\/v2\/media\/259"}],"wp:attachment":[{"href":"https:\/\/thomasaudio.se\/index.php?rest_route=%2Fwp%2Fv2%2Fmedia&parent=257"}],"wp:term":[{"taxonomy":"product_brand","embeddable":true,"href":"https:\/\/thomasaudio.se\/index.php?rest_route=%2Fwp%2Fv2%2Fproduct_brand&post=257"},{"taxonomy":"product_cat","embeddable":true,"href":"https:\/\/thomasaudio.se\/index.php?rest_route=%2Fwp%2Fv2%2Fproduct_cat&post=257"},{"taxonomy":"product_tag","embeddable":true,"href":"https:\/\/thomasaudio.se\/index.php?rest_route=%2Fwp%2Fv2%2Fproduct_tag&post=257"}],"curies":[{"name":"wp","href":"https:\/\/api.w.org\/{rel}","templated":true}]}}