{"id":255,"date":"2026-02-18T13:31:46","date_gmt":"2026-02-18T13:31:46","guid":{"rendered":"https:\/\/thomasaudio.se\/?post_type=product&#038;p=255"},"modified":"2026-03-07T08:52:08","modified_gmt":"2026-03-07T08:52:08","slug":"victoria-tolstoy-robert-karlzon","status":"publish","type":"product","link":"https:\/\/thomasaudio.se\/?product=victoria-tolstoy-robert-karlzon","title":{"rendered":"Victoria Tolstoy &#038; Robert Karlzon"},"content":{"rendered":"<p>Viktoria &#8211; s\u00e5ng<br \/>\nJakob Karlsson &#8211; piano, keyboards, programming<\/p>\n<p>S\u00e5ngerskan Viktoria Tolstoy och pianisten\/pianisten Jacob Karlzon har varit tillsammans b\u00e5de i musiken och som v\u00e4nner i n\u00e4stan tre decennier. S\u00e5 n\u00e4r de v\u00e4ljer att kalla sitt album Who We Are, \u00e4r det mycket mer \u00e4n bara en albumtitel. Det de erbjuder \u00e4r ett gemensamt, musikaliskt sj\u00e4lvportr\u00e4tt. De samlar och firar sin gemensamma erfarenhet och sitt \u00f6msesidiga f\u00f6rtroende. Deras samspel \u00e4r den typ av konstn\u00e4rligt spr\u00e5k som bara uppst\u00e5r efter att tv\u00e5 personer ger varandra respond p\u00e5 samma frekvens.<\/p>\n<p>1 Satellites<br \/>\n2 Who We Are<br \/>\n3 And So It Goes<br \/>\n4 Cloud on My Tongue<br \/>\n5 The Great Escape<br \/>\n6 Off-White<br \/>\n7 Trigger Warning<br \/>\n8 Stay<br \/>\n9 Fallen Empire<br \/>\n10 Let There Be Love<br \/>\n11 True Love Waits<\/p>\n","protected":false},"excerpt":{"rendered":"<p>Viktoria &#8211; s\u00e5ng Jakob Karlsson &#8211; piano, keyboards, programming S\u00e5ngerskan Viktoria Tolstoy och pianisten\/pianisten Jacob Karlzon har varit tillsammans b\u00e5de i musiken och som v\u00e4nner i n\u00e4stan tre decennier. S\u00e5 n\u00e4r de v\u00e4ljer att kalla sitt album Who We Are, \u00e4r det mycket mer \u00e4n bara en albumtitel. Det de erbjuder \u00e4r ett gemensamt, musikaliskt&#8230;<\/p>\n","protected":false},"featured_media":256,"template":"","meta":[],"product_brand":[17],"product_cat":[16],"product_tag":[18,19,203,202],"class_list":{"0":"post-255","1":"product","2":"type-product","3":"status-publish","4":"has-post-thumbnail","6":"product_brand-act","7":"product_cat-album","8":"product_tag-cd","9":"product_tag-jazz","10":"product_tag-robert-karlzon","11":"product_tag-victoria-tolstoy","13":"first","14":"instock","15":"shipping-taxable","16":"purchasable","17":"product-type-variable"},"_links":{"self":[{"href":"https:\/\/thomasaudio.se\/index.php?rest_route=\/wp\/v2\/product\/255","targetHints":{"allow":["GET"]}}],"collection":[{"href":"https:\/\/thomasaudio.se\/index.php?rest_route=\/wp\/v2\/product"}],"about":[{"href":"https:\/\/thomasaudio.se\/index.php?rest_route=\/wp\/v2\/types\/product"}],"wp:featuredmedia":[{"embeddable":true,"href":"https:\/\/thomasaudio.se\/index.php?rest_route=\/wp\/v2\/media\/256"}],"wp:attachment":[{"href":"https:\/\/thomasaudio.se\/index.php?rest_route=%2Fwp%2Fv2%2Fmedia&parent=255"}],"wp:term":[{"taxonomy":"product_brand","embeddable":true,"href":"https:\/\/thomasaudio.se\/index.php?rest_route=%2Fwp%2Fv2%2Fproduct_brand&post=255"},{"taxonomy":"product_cat","embeddable":true,"href":"https:\/\/thomasaudio.se\/index.php?rest_route=%2Fwp%2Fv2%2Fproduct_cat&post=255"},{"taxonomy":"product_tag","embeddable":true,"href":"https:\/\/thomasaudio.se\/index.php?rest_route=%2Fwp%2Fv2%2Fproduct_tag&post=255"}],"curies":[{"name":"wp","href":"https:\/\/api.w.org\/{rel}","templated":true}]}}