{"id":247,"date":"2026-02-18T11:42:05","date_gmt":"2026-02-18T11:42:05","guid":{"rendered":"https:\/\/thomasaudio.se\/?post_type=product&#038;p=247"},"modified":"2026-03-07T08:53:33","modified_gmt":"2026-03-07T08:53:33","slug":"magnus-lindgren-quartet-the-game","status":"publish","type":"product","link":"https:\/\/thomasaudio.se\/?product=magnus-lindgren-quartet-the-game","title":{"rendered":"Magnus Lindgren Quartet &#8211; The Game"},"content":{"rendered":"<p>Saxofonisten Magnus Lindgren \u00e4r en av de mest hyllade och m\u00e5ngfacetterade jazzmusikerna b\u00e5de i Sverige och utomlands.<\/p>\n<p>Magnus Lindgren och hans kvartett debuterade redan 1999 med albumet &#8221;Jazz in Sweden&#8221; &#8221;Way Out&#8221;. Det blev starten p\u00e5 m\u00e5nga och l\u00e5nga turn\u00e9er i Europa, som i sin tur ledde till flera internationella utm\u00e4rkelser, b\u00e5de f\u00f6r Magnus Lindgren som solist och f\u00f6r kvartetten.<\/p>\n<p>Magnus Lindgren &#8211; saxofon<br \/>\nMathias Algotsson &#8211; piano<br \/>\nFredrik Jonsson &#8211; bas<br \/>\nJonas Holgersson &#8211; trummor<\/p>\n","protected":false},"excerpt":{"rendered":"<p>F\u00e5 exemplar.<\/p>\n","protected":false},"featured_media":248,"template":"","meta":[],"product_brand":[17],"product_cat":[16],"product_tag":[18,19,207],"class_list":{"0":"post-247","1":"product","2":"type-product","3":"status-publish","4":"has-post-thumbnail","6":"product_brand-act","7":"product_cat-album","8":"product_tag-cd","9":"product_tag-jazz","10":"product_tag-magnus-lindgren-quartet","12":"first","13":"instock","14":"shipping-taxable","15":"purchasable","16":"product-type-simple"},"_links":{"self":[{"href":"https:\/\/thomasaudio.se\/index.php?rest_route=\/wp\/v2\/product\/247","targetHints":{"allow":["GET"]}}],"collection":[{"href":"https:\/\/thomasaudio.se\/index.php?rest_route=\/wp\/v2\/product"}],"about":[{"href":"https:\/\/thomasaudio.se\/index.php?rest_route=\/wp\/v2\/types\/product"}],"wp:featuredmedia":[{"embeddable":true,"href":"https:\/\/thomasaudio.se\/index.php?rest_route=\/wp\/v2\/media\/248"}],"wp:attachment":[{"href":"https:\/\/thomasaudio.se\/index.php?rest_route=%2Fwp%2Fv2%2Fmedia&parent=247"}],"wp:term":[{"taxonomy":"product_brand","embeddable":true,"href":"https:\/\/thomasaudio.se\/index.php?rest_route=%2Fwp%2Fv2%2Fproduct_brand&post=247"},{"taxonomy":"product_cat","embeddable":true,"href":"https:\/\/thomasaudio.se\/index.php?rest_route=%2Fwp%2Fv2%2Fproduct_cat&post=247"},{"taxonomy":"product_tag","embeddable":true,"href":"https:\/\/thomasaudio.se\/index.php?rest_route=%2Fwp%2Fv2%2Fproduct_tag&post=247"}],"curies":[{"name":"wp","href":"https:\/\/api.w.org\/{rel}","templated":true}]}}