{"id":245,"date":"2026-02-18T10:52:26","date_gmt":"2026-02-18T10:52:26","guid":{"rendered":"https:\/\/thomasaudio.se\/?post_type=product&#038;p=245"},"modified":"2026-03-07T08:53:52","modified_gmt":"2026-03-07T08:53:52","slug":"ulf-wakenius-momento-magico","status":"publish","type":"product","link":"https:\/\/thomasaudio.se\/?product=ulf-wakenius-momento-magico","title":{"rendered":"Ulf Wakenius &#8211; Momento Magico"},"content":{"rendered":"<p>Ulf Wakenius Momento Magico hyllar gitarrmusik inspirerat av Oscar Peterson och Youn Sun Nah.<\/p>\n<p>Den oavbrutna jakten p\u00e5 magiska \u00f6gonblick i musiken \u00e4r det som driver jazzmusiker att g\u00f6ra det de g\u00f6r: &#8221;Jag hade turen att f\u00e5 uppleva s\u00e5dana stunder i mitt arbete med underbara artister som Oscar Peterson, Herbie Hancock, Pat Metheny, Youn Sun Nah och andra,&#8221; ber\u00e4ttar gitarristen Ulf Wakenius. Och det \u00e4r vad det nya albumet &#8221;Momento Magico&#8221; handlar om \u2013 de s\u00e4llsynta och extraordin\u00e4ra \u00f6gonblicken utanf\u00f6r tidens och rummets gr\u00e4nser som stannar kvar genom hela ett musikliv. <\/p>\n<p>Under de senaste \u00e5ren har Wakenius tagit stort intryck av s\u00e5ngaren Youn Sun Nah. Inte m\u00e5nga stj\u00e4rngitarrister skulle frivilligt ge efter f\u00f6r att f\u00e5 rollen som ackompanjat\u00f6r \u00e5t &#8221;jazzens hemliga drottning&#8221;, som inte bara \u00e4r en stj\u00e4rna i sitt adopterade hemland Frankrike: Wakenius dedikerade titelsp\u00e5ret till henne och de magiska stunder de delade tillsammans; ett nummer som kombinerar med W.A. Mozarts &#8221;Frevo&#8221;, som de ofta spelade tillsammans. Den k\u00e4nslan tar Wakenius med i studion.<\/p>\n<p>1 Ballad For E. (Magnus \u00d6strom)<br \/>\n2 Momento Magico<br \/>\n3 Liberetto (Lars Danielsson)<br \/>\n4 Hindustan Blues<br \/>\n5 Requiem For A Lost Son (Wakenius)<br \/>\n6 Mali On My Mind<br \/>\n7 Gnossienne (Eric Satie)<br \/>\n8 The Dragon<br \/>\n9 Esperanto<br \/>\n10 Preludio<br \/>\n11 Notes For OP and Wes. (Wakenius \/ Wes Montgomery \/ Bruce Johnson)<br \/>\n12Track audio12 play buttonSugar Man ( Sixto Rodriguez)<br \/>\n13Track audio13 play buttonLa Mer (Charles Trenet)<\/p>\n","protected":false},"excerpt":{"rendered":"<p>F\u00e5 exemplar kvar.<\/p>\n","protected":false},"featured_media":246,"template":"","meta":[],"product_brand":[17],"product_cat":[16],"product_tag":[18,39,208],"class_list":{"0":"post-245","1":"product","2":"type-product","3":"status-publish","4":"has-post-thumbnail","6":"product_brand-act","7":"product_cat-album","8":"product_tag-cd","9":"product_tag-nutida-instrumentellt","10":"product_tag-ulf-wakenius","12":"first","13":"instock","14":"shipping-taxable","15":"purchasable","16":"product-type-simple"},"_links":{"self":[{"href":"https:\/\/thomasaudio.se\/index.php?rest_route=\/wp\/v2\/product\/245","targetHints":{"allow":["GET"]}}],"collection":[{"href":"https:\/\/thomasaudio.se\/index.php?rest_route=\/wp\/v2\/product"}],"about":[{"href":"https:\/\/thomasaudio.se\/index.php?rest_route=\/wp\/v2\/types\/product"}],"wp:featuredmedia":[{"embeddable":true,"href":"https:\/\/thomasaudio.se\/index.php?rest_route=\/wp\/v2\/media\/246"}],"wp:attachment":[{"href":"https:\/\/thomasaudio.se\/index.php?rest_route=%2Fwp%2Fv2%2Fmedia&parent=245"}],"wp:term":[{"taxonomy":"product_brand","embeddable":true,"href":"https:\/\/thomasaudio.se\/index.php?rest_route=%2Fwp%2Fv2%2Fproduct_brand&post=245"},{"taxonomy":"product_cat","embeddable":true,"href":"https:\/\/thomasaudio.se\/index.php?rest_route=%2Fwp%2Fv2%2Fproduct_cat&post=245"},{"taxonomy":"product_tag","embeddable":true,"href":"https:\/\/thomasaudio.se\/index.php?rest_route=%2Fwp%2Fv2%2Fproduct_tag&post=245"}],"curies":[{"name":"wp","href":"https:\/\/api.w.org\/{rel}","templated":true}]}}