{"id":232,"date":"2026-02-18T10:08:55","date_gmt":"2026-02-18T10:08:55","guid":{"rendered":"https:\/\/thomasaudio.se\/?post_type=product&#038;p=232"},"modified":"2026-03-07T08:54:22","modified_gmt":"2026-03-07T08:54:22","slug":"nils-landgren-sveriges-radio-symphony-orchestra-love-of-my-life","status":"publish","type":"product","link":"https:\/\/thomasaudio.se\/?product=nils-landgren-sveriges-radio-symphony-orchestra-love-of-my-life","title":{"rendered":"Nils Landgren &#038; Sveriges Radio Symphony Orchestra &#8211; Love Of My Life"},"content":{"rendered":"<p>The Swedish Radio Symphony Orchestra<br \/>\nUlf Forsberg &#8211; concertmaster<\/p>\n<p>Nils Landgren &#8211; trombone, s\u00e5ng<br \/>\nJoel Lyssarides &#8211; piano<br \/>\nLars Danielsson- kontrabas<br \/>\nRobert Ikiz &#8211; trummor<br \/>\nIda Sand &#8211; s\u00e5ng 1, 4, 9, 10, 11, piano 4<\/p>\n<p>Pianisten Michael Wollny sade en g\u00e5ng med Nils blir allt l\u00e4tt. Landgren \u2013 verkar det som, \u00e5tminstone inom musiken \u2013 har inga problem, inga r\u00e4dslor, det finns alltid nya m\u00f6jligheter att skapa n\u00e5got vackert, kanske till och med n\u00e5got magiskt just i stunden. Bakom detta finns en djup tro p\u00e5 godhet \u2013 inte bara det goda i musiken, utan ocks\u00e5 i m\u00e4nniskor. Och att vara \u00f6vertygad om att individen kan vara effektiv i en v\u00e4rld d\u00e4r man snabbt kan k\u00e4nna sig vilse och maktl\u00f6s. <\/p>\n<p>Nils Landgrens 70-\u00e5rsdag n\u00e4rmar sig \u2013 den blir den 15 februari 2026 \u2013 och det ger ett tillf\u00e4lle att reflektera inte bara \u00f6ver omfattningen av hans prestation, utan ocks\u00e5 det f\u00f6rv\u00e5nansv\u00e4rt breda spektrum av roller som hans musikliv har inneburit. Han \u00e4r en av de mest framg\u00e5ngsrika europeiska jazzmusikerna under de senaste decennierna. Han \u00e4r inte bara trombonist och s\u00e5ngare utan ocks\u00e5 festivaldirekt\u00f6r, mentor, arrang\u00f6r, producent och brobyggare. <\/p>\n<p>Han har tilldelats det tyska f\u00f6rtj\u00e4nstkorset, Sir George Martin Music Award och medaljen Litteris et Artibus, den h\u00f6gsta konst- och kulturorden som den svenska kungafamiljen kan tilldela. Men kanske viktigast av allt, det ligger i hans natur att vara b\u00e5de optimistisk och storhj\u00e4rtad.<br \/>\n&#8221;Att se saker positivt ger dig s\u00e5 mycket mer styrka att forts\u00e4tta,&#8221; s\u00e4ger Nils Landgren. &#8221;Och den k\u00e4rlek du f\u00e5r som resultat kan sedan f\u00f6ras vidare&#8230; och sedan m\u00e4rker du att \u00e4nnu mer har lagts till n\u00e4r det kommer tillbaka&#8230;&#8221;<\/p>\n<p>1 Lost in the Stars<br \/>\n2 oonshadow<br \/>\n3 Get Here<br \/>\n4 Waiting<br \/>\n5 The Moon, the Stars and You<br \/>\n6 Speak Low<br \/>\n7 Jessica<br \/>\n8 Joe&#8217;s Moonblues<br \/>\n9 Love of My Life<br \/>\n10 One Day I&#8217;ll Fly Away<br \/>\n11 Same Old Story, Same Old Song<br \/>\n12 Somewhere<\/p>\n","protected":false},"excerpt":{"rendered":"<p>Livealbum<\/p>\n<p>CD<br \/>\nDubbel vinyl<br \/>\nDubbel vinyl &#8211; f\u00e4rgad<\/p>\n","protected":false},"featured_media":233,"template":"","meta":[],"product_brand":[17],"product_cat":[16],"product_tag":[18,209,210,20,23],"class_list":{"0":"post-232","1":"product","2":"type-product","3":"status-publish","4":"has-post-thumbnail","6":"product_brand-act","7":"product_cat-album","8":"product_tag-cd","9":"product_tag-nils-landgren","10":"product_tag-sveriges-radio-symphony-orchestra","11":"product_tag-upplevelsemusik","12":"product_tag-vinyl","14":"first","15":"instock","16":"shipping-taxable","17":"purchasable","18":"product-type-variable"},"_links":{"self":[{"href":"https:\/\/thomasaudio.se\/index.php?rest_route=\/wp\/v2\/product\/232","targetHints":{"allow":["GET"]}}],"collection":[{"href":"https:\/\/thomasaudio.se\/index.php?rest_route=\/wp\/v2\/product"}],"about":[{"href":"https:\/\/thomasaudio.se\/index.php?rest_route=\/wp\/v2\/types\/product"}],"wp:featuredmedia":[{"embeddable":true,"href":"https:\/\/thomasaudio.se\/index.php?rest_route=\/wp\/v2\/media\/233"}],"wp:attachment":[{"href":"https:\/\/thomasaudio.se\/index.php?rest_route=%2Fwp%2Fv2%2Fmedia&parent=232"}],"wp:term":[{"taxonomy":"product_brand","embeddable":true,"href":"https:\/\/thomasaudio.se\/index.php?rest_route=%2Fwp%2Fv2%2Fproduct_brand&post=232"},{"taxonomy":"product_cat","embeddable":true,"href":"https:\/\/thomasaudio.se\/index.php?rest_route=%2Fwp%2Fv2%2Fproduct_cat&post=232"},{"taxonomy":"product_tag","embeddable":true,"href":"https:\/\/thomasaudio.se\/index.php?rest_route=%2Fwp%2Fv2%2Fproduct_tag&post=232"}],"curies":[{"name":"wp","href":"https:\/\/api.w.org\/{rel}","templated":true}]}}