{"id":227,"date":"2026-02-18T09:41:19","date_gmt":"2026-02-18T09:41:19","guid":{"rendered":"https:\/\/thomasaudio.se\/?post_type=product&#038;p=227"},"modified":"2026-03-07T08:54:37","modified_gmt":"2026-03-07T08:54:37","slug":"emile-parisien-louise","status":"publish","type":"product","link":"https:\/\/thomasaudio.se\/?product=emile-parisien-louise","title":{"rendered":"Emile Parisien &#8211; Louise"},"content":{"rendered":"<p>Emile Parisiens album &#8217;Louise&#8217; blandar europeisk och amerikansk jazz, och lyfter fram emotionellt djup, h\u00f6g virtuositet och rika samarbeten i en sj\u00e4lfull, dynamisk sextett.<\/p>\n<p>Emile Parisien &#8211; sopransaxofon<br \/>\nTheo Croker &#8211; trumpet<br \/>\nRoberto Negro &#8211; piano<br \/>\nManu Codjia &#8211; gitarr<br \/>\nJoe Martin &#8211; kontrabas<br \/>\nNasheet Waits &#8211; trummor<\/p>\n<p>Titelsp\u00e5ret &#8221;Louise&#8221; \u00e4r mjukt, rymligt och meditativt. Titeln syftar p\u00e5 konstn\u00e4ren Louise Bourgeois spindelskulpturer. Dessa skulpturer har mestadels setts i offentliga milj\u00f6er, och det har f\u00e5tt Parisien att reflektera \u00f6ver hur inst\u00e4ngdheten under corona-nedst\u00e4ngningen har ber\u00f6vat oss alla gl\u00e4djen av att vara ute tillsammans i det fria. obs! albumet gjordes 2022.<br \/>\nSamtidigt s\u00e5 Bourgeois skulpturer ocks\u00e5 mycket starkt kopplade till teman om moderskap och till metaforerna om spinnande, v\u00e4vande, omsorg och skydd. Parisiens k\u00e4rlek till och v\u00e4rdering av en moders villkorsl\u00f6sa k\u00e4rlek till sitt barn \u00e4r den k\u00e4nslom\u00e4ssiga bakgrunden till detta suggestiva album med fina solon fr\u00e5n Theo Croker och Manu Codjia.<\/p>\n<p>1 Louise<br \/>\n2 Madagascar<br \/>\n3 Memento Part I<br \/>\n4 Memento Part II<br \/>\n5 Memento Part III<br \/>\n6 Il giorno della civetta<br \/>\n7 Jojo<br \/>\n8 Jungle Jig<br \/>\n9 Prayer 4 Peace<\/p>\n","protected":false},"excerpt":{"rendered":"<p>Dubbel vinyl<br \/>\nCD<\/p>\n<p>&#8221;Det b\u00e4sta nya som h\u00e4nt i europeisk jazz p\u00e5 l\u00e4nge&#8221;<br \/>\n\/ Le Monde<\/p>\n","protected":false},"featured_media":228,"template":"","meta":[],"product_brand":[17],"product_cat":[16],"product_tag":[18,211,19,23],"class_list":{"0":"post-227","1":"product","2":"type-product","3":"status-publish","4":"has-post-thumbnail","6":"product_brand-act","7":"product_cat-album","8":"product_tag-cd","9":"product_tag-emile-parisien","10":"product_tag-jazz","11":"product_tag-vinyl","13":"first","14":"instock","15":"shipping-taxable","16":"purchasable","17":"product-type-variable"},"_links":{"self":[{"href":"https:\/\/thomasaudio.se\/index.php?rest_route=\/wp\/v2\/product\/227","targetHints":{"allow":["GET"]}}],"collection":[{"href":"https:\/\/thomasaudio.se\/index.php?rest_route=\/wp\/v2\/product"}],"about":[{"href":"https:\/\/thomasaudio.se\/index.php?rest_route=\/wp\/v2\/types\/product"}],"wp:featuredmedia":[{"embeddable":true,"href":"https:\/\/thomasaudio.se\/index.php?rest_route=\/wp\/v2\/media\/228"}],"wp:attachment":[{"href":"https:\/\/thomasaudio.se\/index.php?rest_route=%2Fwp%2Fv2%2Fmedia&parent=227"}],"wp:term":[{"taxonomy":"product_brand","embeddable":true,"href":"https:\/\/thomasaudio.se\/index.php?rest_route=%2Fwp%2Fv2%2Fproduct_brand&post=227"},{"taxonomy":"product_cat","embeddable":true,"href":"https:\/\/thomasaudio.se\/index.php?rest_route=%2Fwp%2Fv2%2Fproduct_cat&post=227"},{"taxonomy":"product_tag","embeddable":true,"href":"https:\/\/thomasaudio.se\/index.php?rest_route=%2Fwp%2Fv2%2Fproduct_tag&post=227"}],"curies":[{"name":"wp","href":"https:\/\/api.w.org\/{rel}","templated":true}]}}