{"id":208,"date":"2026-02-17T19:03:30","date_gmt":"2026-02-17T19:03:30","guid":{"rendered":"https:\/\/thomasaudio.se\/?post_type=product&#038;p=208"},"modified":"2026-03-07T08:54:56","modified_gmt":"2026-03-07T08:54:56","slug":"mathias-eick-skala","status":"publish","type":"product","link":"https:\/\/thomasaudio.se\/?product=mathias-eick-skala","title":{"rendered":"Mathias Eick &#8211; Skala"},"content":{"rendered":"<p>Mathias Eicks melodiska trumpet st\u00e5r i centrum p\u00e5 detta album med egna l\u00e5tar som kommer att tilltala en publik bortom &#8221;jazz&#8221;. Ovanp\u00e5 kraften som hans moderna band (med tv\u00e5 trummisar) levererar finns Mathias lyriska trumpet.<\/p>\n<p>Mathias Eick &#8211; trumpet, vibrapfon, elgitarr, kontrabas<br \/>\nAudun Erlien &#8211; elbas<br \/>\nAndreas Ulvo &#8211; piano<br \/>\nGard Nilssen, Torstein Lofthus &#8211; trummor<br \/>\nTore Brunborg &#8211; tenorsaxofon<br \/>\nMorten Qvenild &#8211; keyboards<br \/>\nSidsel Walstad &#8211; harpa<\/p>\n","protected":false},"excerpt":{"rendered":"<p>Mathias Eicks melodiska trumpet st\u00e5r i centrum p\u00e5 detta album med egna l\u00e5tar som kommer att tilltala en publik bortom &#8221;jazz&#8221;. Ovanp\u00e5 kraften som hans moderna band (med tv\u00e5 trummisar) levererar finns Mathias lyriska trumpet. Mathias Eick &#8211; trumpet, vibrapfon, elgitarr, kontrabas Audun Erlien &#8211; elbas Andreas Ulvo &#8211; piano Gard Nilssen, Torstein Lofthus &#8211;&#8230;<\/p>\n","protected":false},"featured_media":209,"template":"","meta":[],"product_brand":[26],"product_cat":[16],"product_tag":[19,212,23],"class_list":{"0":"post-208","1":"product","2":"type-product","3":"status-publish","4":"has-post-thumbnail","6":"product_brand-ecm","7":"product_cat-album","8":"product_tag-jazz","9":"product_tag-mathias-eick","10":"product_tag-vinyl","12":"first","13":"instock","14":"shipping-taxable","15":"purchasable","16":"product-type-simple"},"_links":{"self":[{"href":"https:\/\/thomasaudio.se\/index.php?rest_route=\/wp\/v2\/product\/208","targetHints":{"allow":["GET"]}}],"collection":[{"href":"https:\/\/thomasaudio.se\/index.php?rest_route=\/wp\/v2\/product"}],"about":[{"href":"https:\/\/thomasaudio.se\/index.php?rest_route=\/wp\/v2\/types\/product"}],"wp:featuredmedia":[{"embeddable":true,"href":"https:\/\/thomasaudio.se\/index.php?rest_route=\/wp\/v2\/media\/209"}],"wp:attachment":[{"href":"https:\/\/thomasaudio.se\/index.php?rest_route=%2Fwp%2Fv2%2Fmedia&parent=208"}],"wp:term":[{"taxonomy":"product_brand","embeddable":true,"href":"https:\/\/thomasaudio.se\/index.php?rest_route=%2Fwp%2Fv2%2Fproduct_brand&post=208"},{"taxonomy":"product_cat","embeddable":true,"href":"https:\/\/thomasaudio.se\/index.php?rest_route=%2Fwp%2Fv2%2Fproduct_cat&post=208"},{"taxonomy":"product_tag","embeddable":true,"href":"https:\/\/thomasaudio.se\/index.php?rest_route=%2Fwp%2Fv2%2Fproduct_tag&post=208"}],"curies":[{"name":"wp","href":"https:\/\/api.w.org\/{rel}","templated":true}]}}