{"id":197,"date":"2026-02-17T18:17:56","date_gmt":"2026-02-17T18:17:56","guid":{"rendered":"https:\/\/thomasaudio.se\/?post_type=product&#038;p=197"},"modified":"2026-02-17T18:21:31","modified_gmt":"2026-02-17T18:21:31","slug":"shalosh-tales-of-utopia","status":"publish","type":"product","link":"https:\/\/thomasaudio.se\/?product=shalosh-tales-of-utopia","title":{"rendered":"Shalosh &#8211; Tales Of Utopia"},"content":{"rendered":"<p>Shaloshs album &#8221;Tales of Utopia&#8221; kombinerar jazz, rock och mytologi och skapar en musikalisk fristad av positiv energi med nya perspektiv i turbulenta tider.<\/p>\n<p>Denna positiva energi har str\u00f6mmat in. &#8221;Konst g\u00f6r v\u00e4rlden b\u00e4ttre&#8221; \u00e4r s\u00e4ttet p\u00e5 hur de beskriver sina avsikter. &#8221;Vi vill f\u00f6ra in sk\u00f6nhet i v\u00e4rlden och skapa en k\u00e4nsla av att m\u00e4nniskor kan vara lyckliga i sig sj\u00e4lva. De m\u00e5ste l\u00e4ra in det och se sig sj\u00e4lva i relation till den st\u00e4ndiga negativa informationsfloden s\u00e5 att mer och mer kan f\u00f6r\u00e4ndras till mindre och mindre utan att k\u00e4nna f\u00f6rlust. V\u00e5ra barn var de b\u00e4sta l\u00e4rarna i detta eftersom de \u00e4r fascinerade av sm\u00e5 saker. Det \u00e4r s\u00e5 du kan \u00f6vervinna det destruktiva.&#8221; <\/p>\n<p>Men det p\u00e5g\u00e5r mer h\u00e4r \u00e4n bara vardaglig pragmatism. F\u00f6r det h\u00e4r \u00e4r sp\u00e4nnande musik, en palett av klangf\u00e4rger. Den bjuder in lyssnaren att bli fascinerad och fokusera p\u00e5 dess rena sk\u00f6nhet. Musiken visar ocks\u00e5 p\u00e5 en djup m\u00e4nsklighet, full av energi och livskraft.<\/p>\n<p>Gadi Stern &#8211; piano och keyboards<br \/>\nDavid Michaeli &#8211; kontrabas<br \/>\nMatan Assayag &#8211; trummor <\/p>\n<p>1 Tales of Utopia<br \/>\n2 Entrance to the Great City<br \/>\n3 King\u2019s Dream Pt. I<br \/>\n4 Views of Road in Crimson Red<br \/>\n5 Three Sisters<br \/>\n6 The Advisor<br \/>\n7 King\u2019s Dream Pt. II<br \/>\n8 The Market<br \/>\n9 Wave<br \/>\n10 Wedding Song<\/p>\n","protected":false},"excerpt":{"rendered":"<p>\u201cGreat melodic ideas, strong ensemble playing and gorgeous sound\u201d<br \/>\n\/\/ Jazz Magazine <\/p>\n","protected":false},"featured_media":198,"template":"","meta":[],"product_brand":[17],"product_cat":[16],"product_tag":[18,19,23],"class_list":{"0":"post-197","1":"product","2":"type-product","3":"status-publish","4":"has-post-thumbnail","6":"product_brand-act","7":"product_cat-album","8":"product_tag-cd","9":"product_tag-jazz","10":"product_tag-vinyl","12":"first","13":"instock","14":"shipping-taxable","15":"purchasable","16":"product-type-variable"},"_links":{"self":[{"href":"https:\/\/thomasaudio.se\/index.php?rest_route=\/wp\/v2\/product\/197","targetHints":{"allow":["GET"]}}],"collection":[{"href":"https:\/\/thomasaudio.se\/index.php?rest_route=\/wp\/v2\/product"}],"about":[{"href":"https:\/\/thomasaudio.se\/index.php?rest_route=\/wp\/v2\/types\/product"}],"wp:featuredmedia":[{"embeddable":true,"href":"https:\/\/thomasaudio.se\/index.php?rest_route=\/wp\/v2\/media\/198"}],"wp:attachment":[{"href":"https:\/\/thomasaudio.se\/index.php?rest_route=%2Fwp%2Fv2%2Fmedia&parent=197"}],"wp:term":[{"taxonomy":"product_brand","embeddable":true,"href":"https:\/\/thomasaudio.se\/index.php?rest_route=%2Fwp%2Fv2%2Fproduct_brand&post=197"},{"taxonomy":"product_cat","embeddable":true,"href":"https:\/\/thomasaudio.se\/index.php?rest_route=%2Fwp%2Fv2%2Fproduct_cat&post=197"},{"taxonomy":"product_tag","embeddable":true,"href":"https:\/\/thomasaudio.se\/index.php?rest_route=%2Fwp%2Fv2%2Fproduct_tag&post=197"}],"curies":[{"name":"wp","href":"https:\/\/api.w.org\/{rel}","templated":true}]}}